{"id":150,"date":"2016-08-17T23:42:10","date_gmt":"2016-08-17T23:42:10","guid":{"rendered":"http:\/\/net-express-monaco.com.104-236-152-216.digital-ranch.net\/?page_id=150"},"modified":"2016-09-06T22:07:49","modified_gmt":"2016-09-06T22:07:49","slug":"seven-stages-of-dry-cleaning","status":"publish","type":"page","link":"https:\/\/net-express-monaco.com\/fr\/services\/seven-stages-of-dry-cleaning\/","title":{"rendered":"Les Sept \u00c9tapes du Nettoyage a sec"},"content":{"rendered":"<p style=\"text-align: center;\">Nos clients nous font confiance pour l\u2019entretien de leurs v\u00eatements et linge de maison. Afin de garantir que chaque v\u00eatement que nous prenons en charge b\u00e9n\u00e9ficie des m\u00eames exigences de qualit\u00e9 et d\u2019un souci du d\u00e9tail identique, Net Express a d\u00e9velopp\u00e9 un processus d\u2019entretien du textile en sept \u00e9tapes. Cliquez sur chacune des \u00e9tapes ci-dessous afin d\u2019en savoir plus sur les soins appliqu\u00e9s \u00e0 vos v\u00eatements.<\/p>\n<ol style=\"max-width: 500px; margin: 0 auto; text-align: left;\">\n<li><strong>\u00c9valuation<\/strong><br \/>\nLes textiles sont minutieusement inspect\u00e9s et pr\u00e9par\u00e9s pour le nettoyage. Cette \u00e9tape inclut la mesure apr\u00e8s passage \u00e0 la vapeur au besoin, la protection ou le retrait des boutons ou pi\u00e8ces d\u00e9coratives, l\u2019analyse de la structure et de la surface et l\u2019\u00e9valuation de la viabilit\u00e9.<\/li>\n<li><strong>\u00c9limination des taches<\/strong><br \/>\nElle est effectu\u00e9e par des professionnels form\u00e9s pendant de nombreuses ann\u00e9es, \u00e0 l\u2019aide de techniques traditionnelles \u00e9prouv\u00e9es et de m\u00e9thodes de pointes dans le traitement des textiles sp\u00e9ciaux.<\/li>\n<li><strong>Nettoyage<\/strong><br \/>\nL\u2019\u00e9quipe d\u2019experts Net Express prendra en consid\u00e9ration le tissu, la structure et les d\u00e9tails de chaque v\u00eatement avant de recommander le traitement le plus appropri\u00e9, comme le nettoyage \u00e0 sec, le blanchissage ou le nettoyage \u00e0 la main. Si votre article a besoin d\u2019un nettoyage \u00e0 sec, vous pouvez \u00eatre assur\u00e9 que nous ne le traiterons pas \u00e0 l\u2019aide de produits chimiques toxiques et agressifs. Ind\u00e9pendamment du type de nettoyage dont votre v\u00eatement a besoin, Net Express emploiera toujours les technologies les plus avanc\u00e9es et les proc\u00e9d\u00e9s les plus naturels et respectueux de l\u2019environnement.<\/li>\n<li><strong>Finition \u00e0 la main<\/strong><br \/>\nTous vos v\u00eatements sont repass\u00e9s \u00e0 la main, selon les normes les plus<br \/>\nexigeantes.<\/li>\n<li><strong>Retouches mineures<\/strong><br \/>\nNet Express repasse vos coutures, recoud les boutons l\u00e2ches, remplace ceux qui manquent et ainsi de suite. De cette fa\u00e7on, vous retrouvez votre v\u00eatement comme neuf.<\/li>\n<li><strong>Contr\u00f4le<\/strong><br \/>\nChaque v\u00eatement est inspect\u00e9 individuellement, de fa\u00e7on soign\u00e9e et d\u2019un \u0153il attentif. Ainsi, Net Express s\u2019assure de vous offrir la meilleure prestation, conform\u00e9ment \u00e0 vos pr\u00e9f\u00e9rences.<\/li>\n<li><strong>Emballage<\/strong><br \/>\nLa plupart des v\u00eatements sont emball\u00e9s individuellement dans des housses en poly\u00e9thyl\u00e8ne ou des sachets du m\u00eame mat\u00e9riau, s\u2019ils sont pli\u00e9s. Nous utilisons une grande quantit\u00e9 de papier, cintres et bo\u00eetes et sacs sp\u00e9ciaux afin d\u2019assurer que vos v\u00eatements reviennent dans votre garde-robe en toute s\u00e9curit\u00e9. Toutefois, nous prenons des mesures pour limiter les emballages si cela ne porte pas atteinte \u00e0 nos exigences de qualit\u00e9 et nous nous engageons \u00e0 recycler et r\u00e9duire nos d\u00e9chets, lorsque c\u2019est possible.<\/li>\n<\/ol>\n","protected":false},"excerpt":{"rendered":"<p>Nos clients nous font confiance pour l\u2019entretien de leurs v\u00eatements et linge de maison. Afin de garantir que chaque v\u00eatement<\/p>\n<p class=\"readmore\"><a href=\"https:\/\/net-express-monaco.com\/fr\/services\/seven-stages-of-dry-cleaning\/\" title=\"Read Les Sept \u00c9tapes du Nettoyage a sec\">Read more &raquo;<\/a><\/p>\n","protected":false},"author":3,"featured_media":127,"parent":95,"menu_order":1,"comment_status":"closed","ping_status":"closed","template":"page-no-sidebar.php","meta":{"footnotes":""},"class_list":["post-150","page","type-page","status-publish","has-post-thumbnail","hentry"],"translation":{"provider":"WPGlobus","version":"3.0.2","language":"fr","enabled_languages":["en","fr"],"languages":{"en":{"title":true,"content":true,"excerpt":false},"fr":{"title":true,"content":true,"excerpt":false}}},"yoast_head":"<!-- This site is optimized with the Yoast SEO plugin v27.5 - https:\/\/yoast.com\/product\/yoast-seo-wordpress\/ -->\n<title>Les Sept \u00c9tapes du Nettoyage a sec - Net Express<\/title>\n<meta name=\"robots\" content=\"index, follow, max-snippet:-1, max-image-preview:large, max-video-preview:-1\" \/>\n<link rel=\"canonical\" href=\"https:\/\/net-express-monaco.com\/services\/seven-stages-of-dry-cleaning\/\" \/>\n<meta property=\"og:locale\" content=\"fr_FR\" \/>\n<meta property=\"og:type\" content=\"article\" \/>\n<meta property=\"og:title\" content=\"Les Sept \u00c9tapes du Nettoyage a sec - Net Express\" \/>\n<meta property=\"og:url\" content=\"https:\/\/net-express-monaco.com\/services\/seven-stages-of-dry-cleaning\/\" \/>\n<meta property=\"og:site_name\" content=\"Net Express\" \/>\n<meta property=\"article:modified_time\" content=\"2016-09-06T22:07:49+00:00\" \/>\n<meta property=\"og:image\" content=\"https:\/\/net-express-monaco.com\/wp-content\/uploads\/2016\/08\/7stagesofdrycleaning_lg.jpg\" \/>\n\t<meta property=\"og:image:width\" content=\"1100\" \/>\n\t<meta property=\"og:image:height\" content=\"410\" \/>\n\t<meta property=\"og:image:type\" content=\"image\/jpeg\" \/>\n<meta name=\"twitter:card\" content=\"summary_large_image\" \/>\n<meta name=\"twitter:label1\" content=\"Dur\u00e9e de lecture estim\u00e9e\" \/>\n\t<meta name=\"twitter:data1\" content=\"4 minutes\" \/>\n<script type=\"application\/ld+json\" class=\"yoast-schema-graph\">{\"@context\":\"https:\\\/\\\/schema.org\",\"@graph\":[{\"@type\":\"WebPage\",\"@id\":\"https:\\\/\\\/net-express-monaco.com\\\/services\\\/seven-stages-of-dry-cleaning\\\/\",\"url\":\"https:\\\/\\\/net-express-monaco.com\\\/services\\\/seven-stages-of-dry-cleaning\\\/\",\"name\":\"Les Sept \u00c9tapes du Nettoyage a sec - Net Express\",\"isPartOf\":{\"@id\":\"https:\\\/\\\/net-express-monaco.com\\\/#website\"},\"primaryImageOfPage\":{\"@id\":\"https:\\\/\\\/net-express-monaco.com\\\/services\\\/seven-stages-of-dry-cleaning\\\/#primaryimage\"},\"image\":{\"@id\":\"https:\\\/\\\/net-express-monaco.com\\\/services\\\/seven-stages-of-dry-cleaning\\\/#primaryimage\"},\"thumbnailUrl\":\"https:\\\/\\\/net-express-monaco.com\\\/wp-content\\\/uploads\\\/2016\\\/08\\\/7stagesofdrycleaning_lg.jpg\",\"datePublished\":\"2016-08-17T23:42:10+00:00\",\"dateModified\":\"2016-09-06T22:07:49+00:00\",\"breadcrumb\":{\"@id\":\"https:\\\/\\\/net-express-monaco.com\\\/services\\\/seven-stages-of-dry-cleaning\\\/#breadcrumb\"},\"inLanguage\":\"fr-FR\",\"potentialAction\":[{\"@type\":\"ReadAction\",\"target\":[\"https:\\\/\\\/net-express-monaco.com\\\/services\\\/seven-stages-of-dry-cleaning\\\/\"]}]},{\"@type\":\"ImageObject\",\"inLanguage\":\"fr-FR\",\"@id\":\"https:\\\/\\\/net-express-monaco.com\\\/services\\\/seven-stages-of-dry-cleaning\\\/#primaryimage\",\"url\":\"https:\\\/\\\/net-express-monaco.com\\\/wp-content\\\/uploads\\\/2016\\\/08\\\/7stagesofdrycleaning_lg.jpg\",\"contentUrl\":\"https:\\\/\\\/net-express-monaco.com\\\/wp-content\\\/uploads\\\/2016\\\/08\\\/7stagesofdrycleaning_lg.jpg\",\"width\":1100,\"height\":410},{\"@type\":\"BreadcrumbList\",\"@id\":\"https:\\\/\\\/net-express-monaco.com\\\/services\\\/seven-stages-of-dry-cleaning\\\/#breadcrumb\",\"itemListElement\":[{\"@type\":\"ListItem\",\"position\":1,\"name\":\"Home\",\"item\":\"https:\\\/\\\/net-express-monaco.com\\\/\"},{\"@type\":\"ListItem\",\"position\":2,\"name\":\"Services\",\"item\":\"https:\\\/\\\/net-express-monaco.com\\\/fr\\\/services\\\/\"},{\"@type\":\"ListItem\",\"position\":3,\"name\":\"The Seven Stages of Dry Cleaning\"}]},{\"@type\":\"WebSite\",\"@id\":\"https:\\\/\\\/net-express-monaco.com\\\/#website\",\"url\":\"https:\\\/\\\/net-express-monaco.com\\\/\",\"name\":\"Net Express\",\"description\":\"\",\"potentialAction\":[{\"@type\":\"SearchAction\",\"target\":{\"@type\":\"EntryPoint\",\"urlTemplate\":\"https:\\\/\\\/net-express-monaco.com\\\/?s={search_term_string}\"},\"query-input\":{\"@type\":\"PropertyValueSpecification\",\"valueRequired\":true,\"valueName\":\"search_term_string\"}}],\"inLanguage\":\"fr-FR\"}]}<\/script>\n<!-- \/ Yoast SEO plugin. -->","yoast_head_json":{"title":"Les Sept \u00c9tapes du Nettoyage a sec - Net Express","robots":{"index":"index","follow":"follow","max-snippet":"max-snippet:-1","max-image-preview":"max-image-preview:large","max-video-preview":"max-video-preview:-1"},"canonical":"https:\/\/net-express-monaco.com\/services\/seven-stages-of-dry-cleaning\/","og_locale":"fr_FR","og_type":"article","og_title":"Les Sept \u00c9tapes du Nettoyage a sec - Net Express","og_url":"https:\/\/net-express-monaco.com\/services\/seven-stages-of-dry-cleaning\/","og_site_name":"Net Express","article_modified_time":"2016-09-06T22:07:49+00:00","og_image":[{"width":1100,"height":410,"url":"https:\/\/net-express-monaco.com\/wp-content\/uploads\/2016\/08\/7stagesofdrycleaning_lg.jpg","type":"image\/jpeg"}],"twitter_card":"summary_large_image","twitter_misc":{"Dur\u00e9e de lecture estim\u00e9e":"4 minutes"},"schema":{"@context":"https:\/\/schema.org","@graph":[{"@type":"WebPage","@id":"https:\/\/net-express-monaco.com\/services\/seven-stages-of-dry-cleaning\/","url":"https:\/\/net-express-monaco.com\/services\/seven-stages-of-dry-cleaning\/","name":"Les Sept \u00c9tapes du Nettoyage a sec - Net Express","isPartOf":{"@id":"https:\/\/net-express-monaco.com\/#website"},"primaryImageOfPage":{"@id":"https:\/\/net-express-monaco.com\/services\/seven-stages-of-dry-cleaning\/#primaryimage"},"image":{"@id":"https:\/\/net-express-monaco.com\/services\/seven-stages-of-dry-cleaning\/#primaryimage"},"thumbnailUrl":"https:\/\/net-express-monaco.com\/wp-content\/uploads\/2016\/08\/7stagesofdrycleaning_lg.jpg","datePublished":"2016-08-17T23:42:10+00:00","dateModified":"2016-09-06T22:07:49+00:00","breadcrumb":{"@id":"https:\/\/net-express-monaco.com\/services\/seven-stages-of-dry-cleaning\/#breadcrumb"},"inLanguage":"fr-FR","potentialAction":[{"@type":"ReadAction","target":["https:\/\/net-express-monaco.com\/services\/seven-stages-of-dry-cleaning\/"]}]},{"@type":"ImageObject","inLanguage":"fr-FR","@id":"https:\/\/net-express-monaco.com\/services\/seven-stages-of-dry-cleaning\/#primaryimage","url":"https:\/\/net-express-monaco.com\/wp-content\/uploads\/2016\/08\/7stagesofdrycleaning_lg.jpg","contentUrl":"https:\/\/net-express-monaco.com\/wp-content\/uploads\/2016\/08\/7stagesofdrycleaning_lg.jpg","width":1100,"height":410},{"@type":"BreadcrumbList","@id":"https:\/\/net-express-monaco.com\/services\/seven-stages-of-dry-cleaning\/#breadcrumb","itemListElement":[{"@type":"ListItem","position":1,"name":"Home","item":"https:\/\/net-express-monaco.com\/"},{"@type":"ListItem","position":2,"name":"Services","item":"https:\/\/net-express-monaco.com\/fr\/services\/"},{"@type":"ListItem","position":3,"name":"The Seven Stages of Dry Cleaning"}]},{"@type":"WebSite","@id":"https:\/\/net-express-monaco.com\/#website","url":"https:\/\/net-express-monaco.com\/","name":"Net Express","description":"","potentialAction":[{"@type":"SearchAction","target":{"@type":"EntryPoint","urlTemplate":"https:\/\/net-express-monaco.com\/?s={search_term_string}"},"query-input":{"@type":"PropertyValueSpecification","valueRequired":true,"valueName":"search_term_string"}}],"inLanguage":"fr-FR"}]}},"_links":{"self":[{"href":"https:\/\/net-express-monaco.com\/fr\/wp-json\/wp\/v2\/pages\/150","targetHints":{"allow":["GET"]}}],"collection":[{"href":"https:\/\/net-express-monaco.com\/fr\/wp-json\/wp\/v2\/pages"}],"about":[{"href":"https:\/\/net-express-monaco.com\/fr\/wp-json\/wp\/v2\/types\/page"}],"author":[{"embeddable":true,"href":"https:\/\/net-express-monaco.com\/fr\/wp-json\/wp\/v2\/users\/3"}],"replies":[{"embeddable":true,"href":"https:\/\/net-express-monaco.com\/fr\/wp-json\/wp\/v2\/comments?post=150"}],"version-history":[{"count":5,"href":"https:\/\/net-express-monaco.com\/fr\/wp-json\/wp\/v2\/pages\/150\/revisions"}],"predecessor-version":[{"id":499,"href":"https:\/\/net-express-monaco.com\/fr\/wp-json\/wp\/v2\/pages\/150\/revisions\/499"}],"up":[{"embeddable":true,"href":"https:\/\/net-express-monaco.com\/fr\/wp-json\/wp\/v2\/pages\/95"}],"wp:featuredmedia":[{"embeddable":true,"href":"https:\/\/net-express-monaco.com\/fr\/wp-json\/wp\/v2\/media\/127"}],"wp:attachment":[{"href":"https:\/\/net-express-monaco.com\/fr\/wp-json\/wp\/v2\/media?parent=150"}],"curies":[{"name":"wp","href":"https:\/\/api.w.org\/{rel}","templated":true}]}}