{"id":165,"date":"2016-08-17T23:48:50","date_gmt":"2016-08-17T23:48:50","guid":{"rendered":"http:\/\/net-express-monaco.com.104-236-152-216.digital-ranch.net\/?page_id=165"},"modified":"2016-09-06T23:05:46","modified_gmt":"2016-09-06T23:05:46","slug":"womenswear","status":"publish","type":"page","link":"https:\/\/net-express-monaco.com\/fr\/services\/womenswear\/","title":{"rendered":"V\u00eatements F\u00e9minins"},"content":{"rendered":"<div class=\"container\">\n<div class=\"two columns\"><span class=\"tmp\">\u00a0<\/span><\/div>\n<div class=\"twelve columns\" style=\"text-align: center;\">\n<p>VOUS REMPLISSEZ SANS SOUCI VOTRE GARDE-ROBE DE NOUVEAUX V\u00caTEMENTS. AUJOURD\u2019HUI, FAITES-LES NETTOYER SANS SOUCI\u00a0!<\/p>\n<p>Garnitures de fourrure, perles et paillettes, mais aussi soie, cuir et cachemire, ce sont les d\u00e9tails qui font tout le chic des v\u00eatements f\u00e9minins. Nous savons que chaque petite particularit\u00e9 n\u00e9cessite une attention allant bien au-del\u00e0 de ce qui est requis pour le nettoyage d\u2019une chemise pour homme.<\/p>\n<p>C\u2019est le souci du d\u00e9tail et la d\u00e9termination de notre personnel \u00e0 conserver l\u2019aspect neuf de vos v\u00eatements, qui rendent le processus de Net Express unique et exceptionnel. Aucune autre entreprise de nettoyage \u00e0 sec en Europe n\u2019offre les prestations de Net Express et notre plus grande fiert\u00e9 est votre satisfaction. Net Express suit ses clients en Europe et en Russie \u00e0 l\u2019aide de son service de transport. Pour plus d\u2019information, envoyez un email \u00e0 : <a href=\"mailto:info@net-express-monaco.com\">info@net-express-monaco.com<\/a><\/p>\n<p>Tout v\u00eatement qui arrive chez Net Express est \u00e9valu\u00e9 par notre personnel, afin de permettre le choix de la m\u00e9thode de nettoyage la plus adapt\u00e9e. Dans certains cas, votre v\u00eatement sera enti\u00e8rement lav\u00e9 \u00e0 la main, s\u2019il est trop risqu\u00e9 d\u2019utiliser une autre m\u00e9thode ou que son tissu est trop d\u00e9licat.<\/p>\n<\/div>\n<div class=\"two columns\"><span class=\"tmp\">\u00a0<\/span><\/div>\n<\/div>\n","protected":false},"excerpt":{"rendered":"<p>\u00a0 VOUS REMPLISSEZ SANS SOUCI VOTRE GARDE-ROBE DE NOUVEAUX V\u00caTEMENTS. AUJOURD\u2019HUI, FAITES-LES NETTOYER SANS SOUCI\u00a0! Garnitures de fourrure, perles et<\/p>\n<p class=\"readmore\"><a href=\"https:\/\/net-express-monaco.com\/fr\/services\/womenswear\/\" title=\"Read V\u00eatements F\u00e9minins\">Read more &raquo;<\/a><\/p>\n","protected":false},"author":2,"featured_media":137,"parent":95,"menu_order":6,"comment_status":"closed","ping_status":"closed","template":"page-no-sidebar.php","meta":{"footnotes":""},"class_list":["post-165","page","type-page","status-publish","has-post-thumbnail","hentry"],"translation":{"provider":"WPGlobus","version":"3.0.2","language":"fr","enabled_languages":["en","fr"],"languages":{"en":{"title":true,"content":true,"excerpt":false},"fr":{"title":true,"content":true,"excerpt":false}}},"yoast_head":"<!-- This site is optimized with the Yoast SEO plugin v27.3 - https:\/\/yoast.com\/product\/yoast-seo-wordpress\/ -->\n<title>V\u00eatements F\u00e9minins - Net Express<\/title>\n<meta name=\"robots\" content=\"index, follow, max-snippet:-1, max-image-preview:large, max-video-preview:-1\" \/>\n<link rel=\"canonical\" href=\"https:\/\/net-express-monaco.com\/services\/womenswear\/\" \/>\n<meta property=\"og:locale\" content=\"fr_FR\" \/>\n<meta property=\"og:type\" content=\"article\" \/>\n<meta property=\"og:title\" content=\"V\u00eatements F\u00e9minins - Net Express\" \/>\n<meta property=\"og:url\" content=\"https:\/\/net-express-monaco.com\/services\/womenswear\/\" \/>\n<meta property=\"og:site_name\" content=\"Net Express\" \/>\n<meta property=\"article:modified_time\" content=\"2016-09-06T23:05:46+00:00\" \/>\n<meta property=\"og:image\" content=\"https:\/\/net-express-monaco.com\/wp-content\/uploads\/2016\/08\/womanswear_lg.jpg\" \/>\n\t<meta property=\"og:image:width\" content=\"1100\" \/>\n\t<meta property=\"og:image:height\" content=\"410\" \/>\n\t<meta property=\"og:image:type\" content=\"image\/jpeg\" \/>\n<meta name=\"twitter:card\" content=\"summary_large_image\" \/>\n<meta name=\"twitter:label1\" content=\"Dur\u00e9e de lecture estim\u00e9e\" \/>\n\t<meta name=\"twitter:data1\" content=\"2 minutes\" \/>\n<script type=\"application\/ld+json\" class=\"yoast-schema-graph\">{\"@context\":\"https:\\\/\\\/schema.org\",\"@graph\":[{\"@type\":\"WebPage\",\"@id\":\"https:\\\/\\\/net-express-monaco.com\\\/services\\\/womenswear\\\/\",\"url\":\"https:\\\/\\\/net-express-monaco.com\\\/services\\\/womenswear\\\/\",\"name\":\"V\u00eatements F\u00e9minins - Net Express\",\"isPartOf\":{\"@id\":\"https:\\\/\\\/net-express-monaco.com\\\/#website\"},\"primaryImageOfPage\":{\"@id\":\"https:\\\/\\\/net-express-monaco.com\\\/services\\\/womenswear\\\/#primaryimage\"},\"image\":{\"@id\":\"https:\\\/\\\/net-express-monaco.com\\\/services\\\/womenswear\\\/#primaryimage\"},\"thumbnailUrl\":\"https:\\\/\\\/net-express-monaco.com\\\/wp-content\\\/uploads\\\/2016\\\/08\\\/womanswear_lg.jpg\",\"datePublished\":\"2016-08-17T23:48:50+00:00\",\"dateModified\":\"2016-09-06T23:05:46+00:00\",\"breadcrumb\":{\"@id\":\"https:\\\/\\\/net-express-monaco.com\\\/services\\\/womenswear\\\/#breadcrumb\"},\"inLanguage\":\"fr-FR\",\"potentialAction\":[{\"@type\":\"ReadAction\",\"target\":[\"https:\\\/\\\/net-express-monaco.com\\\/services\\\/womenswear\\\/\"]}]},{\"@type\":\"ImageObject\",\"inLanguage\":\"fr-FR\",\"@id\":\"https:\\\/\\\/net-express-monaco.com\\\/services\\\/womenswear\\\/#primaryimage\",\"url\":\"https:\\\/\\\/net-express-monaco.com\\\/wp-content\\\/uploads\\\/2016\\\/08\\\/womanswear_lg.jpg\",\"contentUrl\":\"https:\\\/\\\/net-express-monaco.com\\\/wp-content\\\/uploads\\\/2016\\\/08\\\/womanswear_lg.jpg\",\"width\":1100,\"height\":410},{\"@type\":\"BreadcrumbList\",\"@id\":\"https:\\\/\\\/net-express-monaco.com\\\/services\\\/womenswear\\\/#breadcrumb\",\"itemListElement\":[{\"@type\":\"ListItem\",\"position\":1,\"name\":\"Home\",\"item\":\"https:\\\/\\\/net-express-monaco.com\\\/\"},{\"@type\":\"ListItem\",\"position\":2,\"name\":\"Services\",\"item\":\"https:\\\/\\\/net-express-monaco.com\\\/fr\\\/services\\\/\"},{\"@type\":\"ListItem\",\"position\":3,\"name\":\"Womenswear\"}]},{\"@type\":\"WebSite\",\"@id\":\"https:\\\/\\\/net-express-monaco.com\\\/#website\",\"url\":\"https:\\\/\\\/net-express-monaco.com\\\/\",\"name\":\"Net Express\",\"description\":\"\",\"potentialAction\":[{\"@type\":\"SearchAction\",\"target\":{\"@type\":\"EntryPoint\",\"urlTemplate\":\"https:\\\/\\\/net-express-monaco.com\\\/?s={search_term_string}\"},\"query-input\":{\"@type\":\"PropertyValueSpecification\",\"valueRequired\":true,\"valueName\":\"search_term_string\"}}],\"inLanguage\":\"fr-FR\"}]}<\/script>\n<!-- \/ Yoast SEO plugin. -->","yoast_head_json":{"title":"V\u00eatements F\u00e9minins - Net Express","robots":{"index":"index","follow":"follow","max-snippet":"max-snippet:-1","max-image-preview":"max-image-preview:large","max-video-preview":"max-video-preview:-1"},"canonical":"https:\/\/net-express-monaco.com\/services\/womenswear\/","og_locale":"fr_FR","og_type":"article","og_title":"V\u00eatements F\u00e9minins - Net Express","og_url":"https:\/\/net-express-monaco.com\/services\/womenswear\/","og_site_name":"Net Express","article_modified_time":"2016-09-06T23:05:46+00:00","og_image":[{"width":1100,"height":410,"url":"https:\/\/net-express-monaco.com\/wp-content\/uploads\/2016\/08\/womanswear_lg.jpg","type":"image\/jpeg"}],"twitter_card":"summary_large_image","twitter_misc":{"Dur\u00e9e de lecture estim\u00e9e":"2 minutes"},"schema":{"@context":"https:\/\/schema.org","@graph":[{"@type":"WebPage","@id":"https:\/\/net-express-monaco.com\/services\/womenswear\/","url":"https:\/\/net-express-monaco.com\/services\/womenswear\/","name":"V\u00eatements F\u00e9minins - Net Express","isPartOf":{"@id":"https:\/\/net-express-monaco.com\/#website"},"primaryImageOfPage":{"@id":"https:\/\/net-express-monaco.com\/services\/womenswear\/#primaryimage"},"image":{"@id":"https:\/\/net-express-monaco.com\/services\/womenswear\/#primaryimage"},"thumbnailUrl":"https:\/\/net-express-monaco.com\/wp-content\/uploads\/2016\/08\/womanswear_lg.jpg","datePublished":"2016-08-17T23:48:50+00:00","dateModified":"2016-09-06T23:05:46+00:00","breadcrumb":{"@id":"https:\/\/net-express-monaco.com\/services\/womenswear\/#breadcrumb"},"inLanguage":"fr-FR","potentialAction":[{"@type":"ReadAction","target":["https:\/\/net-express-monaco.com\/services\/womenswear\/"]}]},{"@type":"ImageObject","inLanguage":"fr-FR","@id":"https:\/\/net-express-monaco.com\/services\/womenswear\/#primaryimage","url":"https:\/\/net-express-monaco.com\/wp-content\/uploads\/2016\/08\/womanswear_lg.jpg","contentUrl":"https:\/\/net-express-monaco.com\/wp-content\/uploads\/2016\/08\/womanswear_lg.jpg","width":1100,"height":410},{"@type":"BreadcrumbList","@id":"https:\/\/net-express-monaco.com\/services\/womenswear\/#breadcrumb","itemListElement":[{"@type":"ListItem","position":1,"name":"Home","item":"https:\/\/net-express-monaco.com\/"},{"@type":"ListItem","position":2,"name":"Services","item":"https:\/\/net-express-monaco.com\/fr\/services\/"},{"@type":"ListItem","position":3,"name":"Womenswear"}]},{"@type":"WebSite","@id":"https:\/\/net-express-monaco.com\/#website","url":"https:\/\/net-express-monaco.com\/","name":"Net Express","description":"","potentialAction":[{"@type":"SearchAction","target":{"@type":"EntryPoint","urlTemplate":"https:\/\/net-express-monaco.com\/?s={search_term_string}"},"query-input":{"@type":"PropertyValueSpecification","valueRequired":true,"valueName":"search_term_string"}}],"inLanguage":"fr-FR"}]}},"_links":{"self":[{"href":"https:\/\/net-express-monaco.com\/fr\/wp-json\/wp\/v2\/pages\/165","targetHints":{"allow":["GET"]}}],"collection":[{"href":"https:\/\/net-express-monaco.com\/fr\/wp-json\/wp\/v2\/pages"}],"about":[{"href":"https:\/\/net-express-monaco.com\/fr\/wp-json\/wp\/v2\/types\/page"}],"author":[{"embeddable":true,"href":"https:\/\/net-express-monaco.com\/fr\/wp-json\/wp\/v2\/users\/2"}],"replies":[{"embeddable":true,"href":"https:\/\/net-express-monaco.com\/fr\/wp-json\/wp\/v2\/comments?post=165"}],"version-history":[{"count":5,"href":"https:\/\/net-express-monaco.com\/fr\/wp-json\/wp\/v2\/pages\/165\/revisions"}],"predecessor-version":[{"id":520,"href":"https:\/\/net-express-monaco.com\/fr\/wp-json\/wp\/v2\/pages\/165\/revisions\/520"}],"up":[{"embeddable":true,"href":"https:\/\/net-express-monaco.com\/fr\/wp-json\/wp\/v2\/pages\/95"}],"wp:featuredmedia":[{"embeddable":true,"href":"https:\/\/net-express-monaco.com\/fr\/wp-json\/wp\/v2\/media\/137"}],"wp:attachment":[{"href":"https:\/\/net-express-monaco.com\/fr\/wp-json\/wp\/v2\/media?parent=165"}],"curies":[{"name":"wp","href":"https:\/\/api.w.org\/{rel}","templated":true}]}}