{"id":171,"date":"2016-08-17T23:52:39","date_gmt":"2016-08-17T23:52:39","guid":{"rendered":"http:\/\/net-express-monaco.com.104-236-152-216.digital-ranch.net\/?page_id=171"},"modified":"2016-09-12T17:14:33","modified_gmt":"2016-09-12T17:14:33","slug":"wedding-dress","status":"publish","type":"page","link":"https:\/\/net-express-monaco.com\/fr\/services\/wedding-dress\/","title":{"rendered":"Robe de Mari\u00e9e"},"content":{"rendered":"<div class=\"container\">\n<div class=\"two columns\"><span class=\"tmp\">\u00a0<\/span><\/div>\n<div class=\"twelve columns\" style=\"text-align: center;\">\n<p>Nous savons \u00e0 quel point votre robe de mari\u00e9e vous est pr\u00e9cieuse, elle sera donc examin\u00e9e avec soin avant d\u2019\u00eatre nettoy\u00e9e et les tissus feront l\u2019objet d\u2019une \u00e9valuation.<\/p>\n<p>Chaque robe de mari\u00e9e nettoy\u00e9e et entretenue par Net Express re\u00e7oit les soins et l\u2019attention qu\u2019un v\u00eatement si sp\u00e9cial m\u00e9rite. Soyez sans crainte concernant les \u00e9l\u00e9ments d\u00e9coratifs comme les perles coll\u00e9es ou cousues, elles seront prot\u00e9g\u00e9es avant le processus de nettoyage.<\/p>\n<p>Le choix d\u2019une prestation de conservation signifie que votre robe de mari\u00e9e sera soigneusement emball\u00e9e dans un papier sans acide et dispos\u00e9e dans une jolie bo\u00eete sp\u00e9cialement con\u00e7ue. Les services de conservation propos\u00e9s par Net Express sont conformes aux normes utilis\u00e9es par les mus\u00e9es.<\/p>\n<p>Pour plus d&#8217;informations sur nos services de nettoyage des robe de mari\u00e9e, <a href=\"\/fr\/services\/wedding-dress\/art-of-wedding-dress-cleaning\">cliquer ici<\/a>.<\/p>\n<\/div>\n<div class=\"two columns\"><span class=\"tmp\">\u00a0<\/span><\/div>\n<\/div>\n","protected":false},"excerpt":{"rendered":"<p>\u00a0 Nous savons \u00e0 quel point votre robe de mari\u00e9e vous est pr\u00e9cieuse, elle sera donc examin\u00e9e avec soin avant<\/p>\n<p class=\"readmore\"><a href=\"https:\/\/net-express-monaco.com\/fr\/services\/wedding-dress\/\" title=\"Read Robe de Mari\u00e9e\">Read more &raquo;<\/a><\/p>\n","protected":false},"author":2,"featured_media":139,"parent":95,"menu_order":8,"comment_status":"closed","ping_status":"closed","template":"page-no-sidebar.php","meta":{"footnotes":""},"class_list":["post-171","page","type-page","status-publish","has-post-thumbnail","hentry"],"translation":{"provider":"WPGlobus","version":"3.0.2","language":"fr","enabled_languages":["en","fr"],"languages":{"en":{"title":true,"content":true,"excerpt":false},"fr":{"title":true,"content":true,"excerpt":false}}},"yoast_head":"<!-- This site is optimized with the Yoast SEO plugin v27.3 - https:\/\/yoast.com\/product\/yoast-seo-wordpress\/ -->\n<title>Robe de Mari\u00e9e - Net Express<\/title>\n<meta name=\"robots\" content=\"index, follow, max-snippet:-1, max-image-preview:large, max-video-preview:-1\" \/>\n<link rel=\"canonical\" href=\"https:\/\/net-express-monaco.com\/services\/wedding-dress\/\" \/>\n<meta property=\"og:locale\" content=\"fr_FR\" \/>\n<meta property=\"og:type\" content=\"article\" \/>\n<meta property=\"og:title\" content=\"Robe de Mari\u00e9e - Net Express\" \/>\n<meta property=\"og:url\" content=\"https:\/\/net-express-monaco.com\/services\/wedding-dress\/\" \/>\n<meta property=\"og:site_name\" content=\"Net Express\" \/>\n<meta property=\"article:modified_time\" content=\"2016-09-12T17:14:33+00:00\" \/>\n<meta property=\"og:image\" content=\"https:\/\/net-express-monaco.com\/wp-content\/uploads\/2016\/08\/wedding_dress_lg.jpg\" \/>\n\t<meta property=\"og:image:width\" content=\"1100\" \/>\n\t<meta property=\"og:image:height\" content=\"410\" \/>\n\t<meta property=\"og:image:type\" content=\"image\/jpeg\" \/>\n<meta name=\"twitter:card\" content=\"summary_large_image\" \/>\n<meta name=\"twitter:label1\" content=\"Dur\u00e9e de lecture estim\u00e9e\" \/>\n\t<meta name=\"twitter:data1\" content=\"1 minute\" \/>\n<script type=\"application\/ld+json\" class=\"yoast-schema-graph\">{\"@context\":\"https:\\\/\\\/schema.org\",\"@graph\":[{\"@type\":\"WebPage\",\"@id\":\"https:\\\/\\\/net-express-monaco.com\\\/services\\\/wedding-dress\\\/\",\"url\":\"https:\\\/\\\/net-express-monaco.com\\\/services\\\/wedding-dress\\\/\",\"name\":\"Robe de Mari\u00e9e - Net Express\",\"isPartOf\":{\"@id\":\"https:\\\/\\\/net-express-monaco.com\\\/#website\"},\"primaryImageOfPage\":{\"@id\":\"https:\\\/\\\/net-express-monaco.com\\\/services\\\/wedding-dress\\\/#primaryimage\"},\"image\":{\"@id\":\"https:\\\/\\\/net-express-monaco.com\\\/services\\\/wedding-dress\\\/#primaryimage\"},\"thumbnailUrl\":\"https:\\\/\\\/net-express-monaco.com\\\/wp-content\\\/uploads\\\/2016\\\/08\\\/wedding_dress_lg.jpg\",\"datePublished\":\"2016-08-17T23:52:39+00:00\",\"dateModified\":\"2016-09-12T17:14:33+00:00\",\"breadcrumb\":{\"@id\":\"https:\\\/\\\/net-express-monaco.com\\\/services\\\/wedding-dress\\\/#breadcrumb\"},\"inLanguage\":\"fr-FR\",\"potentialAction\":[{\"@type\":\"ReadAction\",\"target\":[\"https:\\\/\\\/net-express-monaco.com\\\/services\\\/wedding-dress\\\/\"]}]},{\"@type\":\"ImageObject\",\"inLanguage\":\"fr-FR\",\"@id\":\"https:\\\/\\\/net-express-monaco.com\\\/services\\\/wedding-dress\\\/#primaryimage\",\"url\":\"https:\\\/\\\/net-express-monaco.com\\\/wp-content\\\/uploads\\\/2016\\\/08\\\/wedding_dress_lg.jpg\",\"contentUrl\":\"https:\\\/\\\/net-express-monaco.com\\\/wp-content\\\/uploads\\\/2016\\\/08\\\/wedding_dress_lg.jpg\",\"width\":1100,\"height\":410},{\"@type\":\"BreadcrumbList\",\"@id\":\"https:\\\/\\\/net-express-monaco.com\\\/services\\\/wedding-dress\\\/#breadcrumb\",\"itemListElement\":[{\"@type\":\"ListItem\",\"position\":1,\"name\":\"Home\",\"item\":\"https:\\\/\\\/net-express-monaco.com\\\/\"},{\"@type\":\"ListItem\",\"position\":2,\"name\":\"Services\",\"item\":\"https:\\\/\\\/net-express-monaco.com\\\/fr\\\/services\\\/\"},{\"@type\":\"ListItem\",\"position\":3,\"name\":\"Wedding Dress\"}]},{\"@type\":\"WebSite\",\"@id\":\"https:\\\/\\\/net-express-monaco.com\\\/#website\",\"url\":\"https:\\\/\\\/net-express-monaco.com\\\/\",\"name\":\"Net Express\",\"description\":\"\",\"potentialAction\":[{\"@type\":\"SearchAction\",\"target\":{\"@type\":\"EntryPoint\",\"urlTemplate\":\"https:\\\/\\\/net-express-monaco.com\\\/?s={search_term_string}\"},\"query-input\":{\"@type\":\"PropertyValueSpecification\",\"valueRequired\":true,\"valueName\":\"search_term_string\"}}],\"inLanguage\":\"fr-FR\"}]}<\/script>\n<!-- \/ Yoast SEO plugin. -->","yoast_head_json":{"title":"Robe de Mari\u00e9e - Net Express","robots":{"index":"index","follow":"follow","max-snippet":"max-snippet:-1","max-image-preview":"max-image-preview:large","max-video-preview":"max-video-preview:-1"},"canonical":"https:\/\/net-express-monaco.com\/services\/wedding-dress\/","og_locale":"fr_FR","og_type":"article","og_title":"Robe de Mari\u00e9e - Net Express","og_url":"https:\/\/net-express-monaco.com\/services\/wedding-dress\/","og_site_name":"Net Express","article_modified_time":"2016-09-12T17:14:33+00:00","og_image":[{"width":1100,"height":410,"url":"https:\/\/net-express-monaco.com\/wp-content\/uploads\/2016\/08\/wedding_dress_lg.jpg","type":"image\/jpeg"}],"twitter_card":"summary_large_image","twitter_misc":{"Dur\u00e9e de lecture estim\u00e9e":"1 minute"},"schema":{"@context":"https:\/\/schema.org","@graph":[{"@type":"WebPage","@id":"https:\/\/net-express-monaco.com\/services\/wedding-dress\/","url":"https:\/\/net-express-monaco.com\/services\/wedding-dress\/","name":"Robe de Mari\u00e9e - Net Express","isPartOf":{"@id":"https:\/\/net-express-monaco.com\/#website"},"primaryImageOfPage":{"@id":"https:\/\/net-express-monaco.com\/services\/wedding-dress\/#primaryimage"},"image":{"@id":"https:\/\/net-express-monaco.com\/services\/wedding-dress\/#primaryimage"},"thumbnailUrl":"https:\/\/net-express-monaco.com\/wp-content\/uploads\/2016\/08\/wedding_dress_lg.jpg","datePublished":"2016-08-17T23:52:39+00:00","dateModified":"2016-09-12T17:14:33+00:00","breadcrumb":{"@id":"https:\/\/net-express-monaco.com\/services\/wedding-dress\/#breadcrumb"},"inLanguage":"fr-FR","potentialAction":[{"@type":"ReadAction","target":["https:\/\/net-express-monaco.com\/services\/wedding-dress\/"]}]},{"@type":"ImageObject","inLanguage":"fr-FR","@id":"https:\/\/net-express-monaco.com\/services\/wedding-dress\/#primaryimage","url":"https:\/\/net-express-monaco.com\/wp-content\/uploads\/2016\/08\/wedding_dress_lg.jpg","contentUrl":"https:\/\/net-express-monaco.com\/wp-content\/uploads\/2016\/08\/wedding_dress_lg.jpg","width":1100,"height":410},{"@type":"BreadcrumbList","@id":"https:\/\/net-express-monaco.com\/services\/wedding-dress\/#breadcrumb","itemListElement":[{"@type":"ListItem","position":1,"name":"Home","item":"https:\/\/net-express-monaco.com\/"},{"@type":"ListItem","position":2,"name":"Services","item":"https:\/\/net-express-monaco.com\/fr\/services\/"},{"@type":"ListItem","position":3,"name":"Wedding Dress"}]},{"@type":"WebSite","@id":"https:\/\/net-express-monaco.com\/#website","url":"https:\/\/net-express-monaco.com\/","name":"Net Express","description":"","potentialAction":[{"@type":"SearchAction","target":{"@type":"EntryPoint","urlTemplate":"https:\/\/net-express-monaco.com\/?s={search_term_string}"},"query-input":{"@type":"PropertyValueSpecification","valueRequired":true,"valueName":"search_term_string"}}],"inLanguage":"fr-FR"}]}},"_links":{"self":[{"href":"https:\/\/net-express-monaco.com\/fr\/wp-json\/wp\/v2\/pages\/171","targetHints":{"allow":["GET"]}}],"collection":[{"href":"https:\/\/net-express-monaco.com\/fr\/wp-json\/wp\/v2\/pages"}],"about":[{"href":"https:\/\/net-express-monaco.com\/fr\/wp-json\/wp\/v2\/types\/page"}],"author":[{"embeddable":true,"href":"https:\/\/net-express-monaco.com\/fr\/wp-json\/wp\/v2\/users\/2"}],"replies":[{"embeddable":true,"href":"https:\/\/net-express-monaco.com\/fr\/wp-json\/wp\/v2\/comments?post=171"}],"version-history":[{"count":7,"href":"https:\/\/net-express-monaco.com\/fr\/wp-json\/wp\/v2\/pages\/171\/revisions"}],"predecessor-version":[{"id":572,"href":"https:\/\/net-express-monaco.com\/fr\/wp-json\/wp\/v2\/pages\/171\/revisions\/572"}],"up":[{"embeddable":true,"href":"https:\/\/net-express-monaco.com\/fr\/wp-json\/wp\/v2\/pages\/95"}],"wp:featuredmedia":[{"embeddable":true,"href":"https:\/\/net-express-monaco.com\/fr\/wp-json\/wp\/v2\/media\/139"}],"wp:attachment":[{"href":"https:\/\/net-express-monaco.com\/fr\/wp-json\/wp\/v2\/media?parent=171"}],"curies":[{"name":"wp","href":"https:\/\/api.w.org\/{rel}","templated":true}]}}