{"id":178,"date":"2016-08-17T23:54:39","date_gmt":"2016-08-17T23:54:39","guid":{"rendered":"http:\/\/net-express-monaco.com.104-236-152-216.digital-ranch.net\/?page_id=178"},"modified":"2016-09-06T23:24:38","modified_gmt":"2016-09-06T23:24:38","slug":"ties","status":"publish","type":"page","link":"https:\/\/net-express-monaco.com\/fr\/services\/ties\/","title":{"rendered":"Cravates"},"content":{"rendered":"<div class=\"container\">\n<div class=\"two columns\"><span class=\"tmp\">\u00a0<\/span><\/div>\n<div class=\"twelve columns\" style=\"text-align: center;\">\n<p>Vous souhaitiez porter l\u2019une de vos cravates favorites, mais vous rep\u00e9rez une tache ? Que faire ? Qu\u2019il s\u2019agisse d\u2019une Hermes, Tom Ford ou Gucci, vous devez toujours proc\u00e9der de la m\u00eame fa\u00e7on.<\/p>\n<p>Net Express vous prie de r\u00e9sister \u00e0 la tentation d\u2019\u00e9liminer la tache vous-m\u00eame. Les taches sur les cravates ne peuvent \u00eatre nettoy\u00e9es \u00e0 l\u2019eau et frotter votre cravate \u00e0 l\u2019aide de votre serviette est susceptible d\u2019endommager le tissu, ce qui pourrait s\u2019av\u00e9rer irr\u00e9versible, malgr\u00e9 l\u2019intervention de Net Express.<\/p>\n<p>Les cravates sont tr\u00e8s difficiles \u00e0 nettoyer et de nombreux \u00e9tablissements de nettoyage \u00e0 sec ne s\u2019en chargeront pas. Les teintes fragiles, g\u00e9n\u00e9ralement dans des couleurs vives, la soie coup\u00e9e en biais, les pi\u00e8ces roul\u00e9es \u00e0 la main ainsi que les coutures artisanales peuvent \u00eatre pour le moins probl\u00e9matiques. Les cravates en soie et les mouchoirs de poche sont nettoy\u00e9s \u00e0 la main et d\u00e9licatement trait\u00e9s \u00e0 la vapeur afin de pr\u00e9server le drap\u00e9 et la coupe en biais d\u2019origine.<\/p>\n<\/div>\n<div class=\"two columns\"><span class=\"tmp\">\u00a0<\/span><\/div>\n<\/div>\n","protected":false},"excerpt":{"rendered":"<p>\u00a0 Vous souhaitiez porter l\u2019une de vos cravates favorites, mais vous rep\u00e9rez une tache ? Que faire ? Qu\u2019il s\u2019agisse<\/p>\n<p class=\"readmore\"><a href=\"https:\/\/net-express-monaco.com\/fr\/services\/ties\/\" title=\"Read Cravates\">Read more &raquo;<\/a><\/p>\n","protected":false},"author":2,"featured_media":141,"parent":95,"menu_order":10,"comment_status":"closed","ping_status":"closed","template":"page-no-sidebar.php","meta":{"footnotes":""},"class_list":["post-178","page","type-page","status-publish","has-post-thumbnail","hentry"],"translation":{"provider":"WPGlobus","version":"3.0.2","language":"fr","enabled_languages":["en","fr"],"languages":{"en":{"title":true,"content":true,"excerpt":false},"fr":{"title":true,"content":true,"excerpt":false}}},"yoast_head":"<!-- This site is optimized with the Yoast SEO plugin v27.3 - https:\/\/yoast.com\/product\/yoast-seo-wordpress\/ -->\n<title>Cravates - Net Express<\/title>\n<meta name=\"robots\" content=\"index, follow, max-snippet:-1, max-image-preview:large, max-video-preview:-1\" \/>\n<link rel=\"canonical\" href=\"https:\/\/net-express-monaco.com\/fr\/services\/ties\/\" \/>\n<meta property=\"og:locale\" content=\"fr_FR\" \/>\n<meta property=\"og:type\" content=\"article\" \/>\n<meta property=\"og:title\" content=\"Cravates - Net Express\" \/>\n<meta property=\"og:url\" content=\"https:\/\/net-express-monaco.com\/fr\/services\/ties\/\" \/>\n<meta property=\"og:site_name\" content=\"Net Express\" \/>\n<meta property=\"article:modified_time\" content=\"2016-09-06T23:24:38+00:00\" \/>\n<meta property=\"og:image\" content=\"https:\/\/net-express-monaco.com\/wp-content\/uploads\/2016\/08\/tie_lg.jpg\" \/>\n\t<meta property=\"og:image:width\" content=\"1100\" \/>\n\t<meta property=\"og:image:height\" content=\"410\" \/>\n\t<meta property=\"og:image:type\" content=\"image\/jpeg\" \/>\n<meta name=\"twitter:card\" content=\"summary_large_image\" \/>\n<meta name=\"twitter:label1\" content=\"Dur\u00e9e de lecture estim\u00e9e\" \/>\n\t<meta name=\"twitter:data1\" content=\"2 minutes\" \/>\n<script type=\"application\/ld+json\" class=\"yoast-schema-graph\">{\"@context\":\"https:\\\/\\\/schema.org\",\"@graph\":[{\"@type\":\"WebPage\",\"@id\":\"https:\\\/\\\/net-express-monaco.com\\\/fr\\\/services\\\/ties\\\/\",\"url\":\"https:\\\/\\\/net-express-monaco.com\\\/fr\\\/services\\\/ties\\\/\",\"name\":\"Cravates - Net Express\",\"isPartOf\":{\"@id\":\"https:\\\/\\\/net-express-monaco.com\\\/#website\"},\"primaryImageOfPage\":{\"@id\":\"https:\\\/\\\/net-express-monaco.com\\\/fr\\\/services\\\/ties\\\/#primaryimage\"},\"image\":{\"@id\":\"https:\\\/\\\/net-express-monaco.com\\\/fr\\\/services\\\/ties\\\/#primaryimage\"},\"thumbnailUrl\":\"https:\\\/\\\/net-express-monaco.com\\\/wp-content\\\/uploads\\\/2016\\\/08\\\/tie_lg.jpg\",\"datePublished\":\"2016-08-17T23:54:39+00:00\",\"dateModified\":\"2016-09-06T23:24:38+00:00\",\"breadcrumb\":{\"@id\":\"https:\\\/\\\/net-express-monaco.com\\\/fr\\\/services\\\/ties\\\/#breadcrumb\"},\"inLanguage\":\"fr-FR\",\"potentialAction\":[{\"@type\":\"ReadAction\",\"target\":[\"https:\\\/\\\/net-express-monaco.com\\\/fr\\\/services\\\/ties\\\/\"]}]},{\"@type\":\"ImageObject\",\"inLanguage\":\"fr-FR\",\"@id\":\"https:\\\/\\\/net-express-monaco.com\\\/fr\\\/services\\\/ties\\\/#primaryimage\",\"url\":\"https:\\\/\\\/net-express-monaco.com\\\/wp-content\\\/uploads\\\/2016\\\/08\\\/tie_lg.jpg\",\"contentUrl\":\"https:\\\/\\\/net-express-monaco.com\\\/wp-content\\\/uploads\\\/2016\\\/08\\\/tie_lg.jpg\",\"width\":1100,\"height\":410},{\"@type\":\"BreadcrumbList\",\"@id\":\"https:\\\/\\\/net-express-monaco.com\\\/fr\\\/services\\\/ties\\\/#breadcrumb\",\"itemListElement\":[{\"@type\":\"ListItem\",\"position\":1,\"name\":\"Home\",\"item\":\"https:\\\/\\\/net-express-monaco.com\\\/\"},{\"@type\":\"ListItem\",\"position\":2,\"name\":\"Services\",\"item\":\"https:\\\/\\\/net-express-monaco.com\\\/fr\\\/services\\\/\"},{\"@type\":\"ListItem\",\"position\":3,\"name\":\"Cravates\"}]},{\"@type\":\"WebSite\",\"@id\":\"https:\\\/\\\/net-express-monaco.com\\\/#website\",\"url\":\"https:\\\/\\\/net-express-monaco.com\\\/\",\"name\":\"Net Express\",\"description\":\"\",\"potentialAction\":[{\"@type\":\"SearchAction\",\"target\":{\"@type\":\"EntryPoint\",\"urlTemplate\":\"https:\\\/\\\/net-express-monaco.com\\\/?s={search_term_string}\"},\"query-input\":{\"@type\":\"PropertyValueSpecification\",\"valueRequired\":true,\"valueName\":\"search_term_string\"}}],\"inLanguage\":\"fr-FR\"}]}<\/script>\n<!-- \/ Yoast SEO plugin. -->","yoast_head_json":{"title":"Cravates - Net Express","robots":{"index":"index","follow":"follow","max-snippet":"max-snippet:-1","max-image-preview":"max-image-preview:large","max-video-preview":"max-video-preview:-1"},"canonical":"https:\/\/net-express-monaco.com\/fr\/services\/ties\/","og_locale":"fr_FR","og_type":"article","og_title":"Cravates - Net Express","og_url":"https:\/\/net-express-monaco.com\/fr\/services\/ties\/","og_site_name":"Net Express","article_modified_time":"2016-09-06T23:24:38+00:00","og_image":[{"width":1100,"height":410,"url":"https:\/\/net-express-monaco.com\/wp-content\/uploads\/2016\/08\/tie_lg.jpg","type":"image\/jpeg"}],"twitter_card":"summary_large_image","twitter_misc":{"Dur\u00e9e de lecture estim\u00e9e":"2 minutes"},"schema":{"@context":"https:\/\/schema.org","@graph":[{"@type":"WebPage","@id":"https:\/\/net-express-monaco.com\/fr\/services\/ties\/","url":"https:\/\/net-express-monaco.com\/fr\/services\/ties\/","name":"Cravates - Net Express","isPartOf":{"@id":"https:\/\/net-express-monaco.com\/#website"},"primaryImageOfPage":{"@id":"https:\/\/net-express-monaco.com\/fr\/services\/ties\/#primaryimage"},"image":{"@id":"https:\/\/net-express-monaco.com\/fr\/services\/ties\/#primaryimage"},"thumbnailUrl":"https:\/\/net-express-monaco.com\/wp-content\/uploads\/2016\/08\/tie_lg.jpg","datePublished":"2016-08-17T23:54:39+00:00","dateModified":"2016-09-06T23:24:38+00:00","breadcrumb":{"@id":"https:\/\/net-express-monaco.com\/fr\/services\/ties\/#breadcrumb"},"inLanguage":"fr-FR","potentialAction":[{"@type":"ReadAction","target":["https:\/\/net-express-monaco.com\/fr\/services\/ties\/"]}]},{"@type":"ImageObject","inLanguage":"fr-FR","@id":"https:\/\/net-express-monaco.com\/fr\/services\/ties\/#primaryimage","url":"https:\/\/net-express-monaco.com\/wp-content\/uploads\/2016\/08\/tie_lg.jpg","contentUrl":"https:\/\/net-express-monaco.com\/wp-content\/uploads\/2016\/08\/tie_lg.jpg","width":1100,"height":410},{"@type":"BreadcrumbList","@id":"https:\/\/net-express-monaco.com\/fr\/services\/ties\/#breadcrumb","itemListElement":[{"@type":"ListItem","position":1,"name":"Home","item":"https:\/\/net-express-monaco.com\/"},{"@type":"ListItem","position":2,"name":"Services","item":"https:\/\/net-express-monaco.com\/fr\/services\/"},{"@type":"ListItem","position":3,"name":"Cravates"}]},{"@type":"WebSite","@id":"https:\/\/net-express-monaco.com\/#website","url":"https:\/\/net-express-monaco.com\/","name":"Net Express","description":"","potentialAction":[{"@type":"SearchAction","target":{"@type":"EntryPoint","urlTemplate":"https:\/\/net-express-monaco.com\/?s={search_term_string}"},"query-input":{"@type":"PropertyValueSpecification","valueRequired":true,"valueName":"search_term_string"}}],"inLanguage":"fr-FR"}]}},"_links":{"self":[{"href":"https:\/\/net-express-monaco.com\/fr\/wp-json\/wp\/v2\/pages\/178","targetHints":{"allow":["GET"]}}],"collection":[{"href":"https:\/\/net-express-monaco.com\/fr\/wp-json\/wp\/v2\/pages"}],"about":[{"href":"https:\/\/net-express-monaco.com\/fr\/wp-json\/wp\/v2\/types\/page"}],"author":[{"embeddable":true,"href":"https:\/\/net-express-monaco.com\/fr\/wp-json\/wp\/v2\/users\/2"}],"replies":[{"embeddable":true,"href":"https:\/\/net-express-monaco.com\/fr\/wp-json\/wp\/v2\/comments?post=178"}],"version-history":[{"count":4,"href":"https:\/\/net-express-monaco.com\/fr\/wp-json\/wp\/v2\/pages\/178\/revisions"}],"predecessor-version":[{"id":533,"href":"https:\/\/net-express-monaco.com\/fr\/wp-json\/wp\/v2\/pages\/178\/revisions\/533"}],"up":[{"embeddable":true,"href":"https:\/\/net-express-monaco.com\/fr\/wp-json\/wp\/v2\/pages\/95"}],"wp:featuredmedia":[{"embeddable":true,"href":"https:\/\/net-express-monaco.com\/fr\/wp-json\/wp\/v2\/media\/141"}],"wp:attachment":[{"href":"https:\/\/net-express-monaco.com\/fr\/wp-json\/wp\/v2\/media?parent=178"}],"curies":[{"name":"wp","href":"https:\/\/api.w.org\/{rel}","templated":true}]}}