{"id":184,"date":"2016-08-17T23:56:07","date_gmt":"2016-08-17T23:56:07","guid":{"rendered":"http:\/\/net-express-monaco.com.104-236-152-216.digital-ranch.net\/?page_id=184"},"modified":"2016-09-06T23:25:57","modified_gmt":"2016-09-06T23:25:57","slug":"handbag-cleaning","status":"publish","type":"page","link":"https:\/\/net-express-monaco.com\/fr\/services\/handbag-cleaning\/","title":{"rendered":"Nettoyage des Sacs \u00e0 Main"},"content":{"rendered":"<div class=\"container\">\n<div class=\"two columns\"><span class=\"tmp\">\u00a0<\/span><\/div>\n<div class=\"twelve columns\" style=\"text-align: center;\">\n<p>Le sac \u00e0 main id\u00e9al, accompagnant un ensemble \u00e0 la perfection, peut rapidement constituer un bien pr\u00e9cieux, une pi\u00e8ce de valeur qui dure saison apr\u00e8s saison. Cependant, les sacs \u00e0 main, pochettes et sacoches ont la vie dure : ils subissent la pluie en ext\u00e9rieur, sont laiss\u00e9s \u00e0 m\u00eame le sol, sont constamment manipul\u00e9s, ouverts, ferm\u00e9s ou ajust\u00e9s\u2026 Le service de restauration des sacs \u00e0 main de Net Express met \u00e0 profit notre expertise du textile pour nettoyer, restaurer et m\u00eame r\u00e9parer les sacs qui vous sont les plus chers.<\/p>\n<p>Nous prenons en charge les sacs en cuir, en daim, en tissu et ornement\u00e9s. Apr\u00e8s un nettoyage minutieux, l\u2019\u00e9quipe de Net Express utilise des produits de remplissage afin de combler les rayures profondes puis applique les teintes et pigments en vue de remplacer et de gommer les \u00e9carts de couleurs. Parfait pour les cuirs d\u00e9color\u00e9s ou blanchis.<\/p>\n<p>Les traitements n\u00e9cessaires au nettoyage et \u00e0 la restauration des sacs \u00e0 main d\u00e9pendent d\u2019un certain nombre de facteurs comme le style et la taille du sac, le m\u00e9lange des textures, la couleur et l\u2019importance de l\u2019usure. Le prix de la restauration d\u2019un sac \u00e0 main fait donc l\u2019objet d\u2019un devis personnalis\u00e9.<\/p>\n<\/div>\n<div class=\"two columns\"><span class=\"tmp\">\u00a0<\/span><\/div>\n<\/div>\n","protected":false},"excerpt":{"rendered":"<p>\u00a0 Le sac \u00e0 main id\u00e9al, accompagnant un ensemble \u00e0 la perfection, peut rapidement constituer un bien pr\u00e9cieux, une pi\u00e8ce<\/p>\n<p class=\"readmore\"><a href=\"https:\/\/net-express-monaco.com\/fr\/services\/handbag-cleaning\/\" title=\"Read Nettoyage des Sacs \u00e0 Main\">Read more &raquo;<\/a><\/p>\n","protected":false},"author":2,"featured_media":117,"parent":95,"menu_order":12,"comment_status":"closed","ping_status":"closed","template":"page-no-sidebar.php","meta":{"footnotes":""},"class_list":["post-184","page","type-page","status-publish","has-post-thumbnail","hentry"],"translation":{"provider":"WPGlobus","version":"3.0.2","language":"fr","enabled_languages":["en","fr"],"languages":{"en":{"title":true,"content":true,"excerpt":false},"fr":{"title":true,"content":true,"excerpt":false}}},"yoast_head":"<!-- This site is optimized with the Yoast SEO plugin v27.3 - https:\/\/yoast.com\/product\/yoast-seo-wordpress\/ -->\n<title>Nettoyage des Sacs \u00e0 Main - Net Express<\/title>\n<meta name=\"robots\" content=\"index, follow, max-snippet:-1, max-image-preview:large, max-video-preview:-1\" \/>\n<link rel=\"canonical\" href=\"https:\/\/net-express-monaco.com\/fr\/services\/handbag-cleaning\/\" \/>\n<meta property=\"og:locale\" content=\"fr_FR\" \/>\n<meta property=\"og:type\" content=\"article\" \/>\n<meta property=\"og:title\" content=\"Nettoyage des Sacs \u00e0 Main - Net Express\" \/>\n<meta property=\"og:url\" content=\"https:\/\/net-express-monaco.com\/fr\/services\/handbag-cleaning\/\" \/>\n<meta property=\"og:site_name\" content=\"Net Express\" \/>\n<meta property=\"article:modified_time\" content=\"2016-09-06T23:25:57+00:00\" \/>\n<meta property=\"og:image\" content=\"https:\/\/net-express-monaco.com\/wp-content\/uploads\/2016\/08\/handbag_lg.jpg\" \/>\n\t<meta property=\"og:image:width\" content=\"1100\" \/>\n\t<meta property=\"og:image:height\" content=\"410\" \/>\n\t<meta property=\"og:image:type\" content=\"image\/jpeg\" \/>\n<meta name=\"twitter:card\" content=\"summary_large_image\" \/>\n<meta name=\"twitter:label1\" content=\"Dur\u00e9e de lecture estim\u00e9e\" \/>\n\t<meta name=\"twitter:data1\" content=\"2 minutes\" \/>\n<script type=\"application\/ld+json\" class=\"yoast-schema-graph\">{\"@context\":\"https:\\\/\\\/schema.org\",\"@graph\":[{\"@type\":\"WebPage\",\"@id\":\"https:\\\/\\\/net-express-monaco.com\\\/fr\\\/services\\\/handbag-cleaning\\\/\",\"url\":\"https:\\\/\\\/net-express-monaco.com\\\/fr\\\/services\\\/handbag-cleaning\\\/\",\"name\":\"Nettoyage des Sacs \u00e0 Main - Net Express\",\"isPartOf\":{\"@id\":\"https:\\\/\\\/net-express-monaco.com\\\/#website\"},\"primaryImageOfPage\":{\"@id\":\"https:\\\/\\\/net-express-monaco.com\\\/fr\\\/services\\\/handbag-cleaning\\\/#primaryimage\"},\"image\":{\"@id\":\"https:\\\/\\\/net-express-monaco.com\\\/fr\\\/services\\\/handbag-cleaning\\\/#primaryimage\"},\"thumbnailUrl\":\"https:\\\/\\\/net-express-monaco.com\\\/wp-content\\\/uploads\\\/2016\\\/08\\\/handbag_lg.jpg\",\"datePublished\":\"2016-08-17T23:56:07+00:00\",\"dateModified\":\"2016-09-06T23:25:57+00:00\",\"breadcrumb\":{\"@id\":\"https:\\\/\\\/net-express-monaco.com\\\/fr\\\/services\\\/handbag-cleaning\\\/#breadcrumb\"},\"inLanguage\":\"fr-FR\",\"potentialAction\":[{\"@type\":\"ReadAction\",\"target\":[\"https:\\\/\\\/net-express-monaco.com\\\/fr\\\/services\\\/handbag-cleaning\\\/\"]}]},{\"@type\":\"ImageObject\",\"inLanguage\":\"fr-FR\",\"@id\":\"https:\\\/\\\/net-express-monaco.com\\\/fr\\\/services\\\/handbag-cleaning\\\/#primaryimage\",\"url\":\"https:\\\/\\\/net-express-monaco.com\\\/wp-content\\\/uploads\\\/2016\\\/08\\\/handbag_lg.jpg\",\"contentUrl\":\"https:\\\/\\\/net-express-monaco.com\\\/wp-content\\\/uploads\\\/2016\\\/08\\\/handbag_lg.jpg\",\"width\":1100,\"height\":410},{\"@type\":\"BreadcrumbList\",\"@id\":\"https:\\\/\\\/net-express-monaco.com\\\/fr\\\/services\\\/handbag-cleaning\\\/#breadcrumb\",\"itemListElement\":[{\"@type\":\"ListItem\",\"position\":1,\"name\":\"Home\",\"item\":\"https:\\\/\\\/net-express-monaco.com\\\/\"},{\"@type\":\"ListItem\",\"position\":2,\"name\":\"Services\",\"item\":\"https:\\\/\\\/net-express-monaco.com\\\/fr\\\/services\\\/\"},{\"@type\":\"ListItem\",\"position\":3,\"name\":\"Nettoyage des Sacs \u00e0 Main\"}]},{\"@type\":\"WebSite\",\"@id\":\"https:\\\/\\\/net-express-monaco.com\\\/#website\",\"url\":\"https:\\\/\\\/net-express-monaco.com\\\/\",\"name\":\"Net Express\",\"description\":\"\",\"potentialAction\":[{\"@type\":\"SearchAction\",\"target\":{\"@type\":\"EntryPoint\",\"urlTemplate\":\"https:\\\/\\\/net-express-monaco.com\\\/?s={search_term_string}\"},\"query-input\":{\"@type\":\"PropertyValueSpecification\",\"valueRequired\":true,\"valueName\":\"search_term_string\"}}],\"inLanguage\":\"fr-FR\"}]}<\/script>\n<!-- \/ Yoast SEO plugin. -->","yoast_head_json":{"title":"Nettoyage des Sacs \u00e0 Main - Net Express","robots":{"index":"index","follow":"follow","max-snippet":"max-snippet:-1","max-image-preview":"max-image-preview:large","max-video-preview":"max-video-preview:-1"},"canonical":"https:\/\/net-express-monaco.com\/fr\/services\/handbag-cleaning\/","og_locale":"fr_FR","og_type":"article","og_title":"Nettoyage des Sacs \u00e0 Main - Net Express","og_url":"https:\/\/net-express-monaco.com\/fr\/services\/handbag-cleaning\/","og_site_name":"Net Express","article_modified_time":"2016-09-06T23:25:57+00:00","og_image":[{"width":1100,"height":410,"url":"https:\/\/net-express-monaco.com\/wp-content\/uploads\/2016\/08\/handbag_lg.jpg","type":"image\/jpeg"}],"twitter_card":"summary_large_image","twitter_misc":{"Dur\u00e9e de lecture estim\u00e9e":"2 minutes"},"schema":{"@context":"https:\/\/schema.org","@graph":[{"@type":"WebPage","@id":"https:\/\/net-express-monaco.com\/fr\/services\/handbag-cleaning\/","url":"https:\/\/net-express-monaco.com\/fr\/services\/handbag-cleaning\/","name":"Nettoyage des Sacs \u00e0 Main - Net Express","isPartOf":{"@id":"https:\/\/net-express-monaco.com\/#website"},"primaryImageOfPage":{"@id":"https:\/\/net-express-monaco.com\/fr\/services\/handbag-cleaning\/#primaryimage"},"image":{"@id":"https:\/\/net-express-monaco.com\/fr\/services\/handbag-cleaning\/#primaryimage"},"thumbnailUrl":"https:\/\/net-express-monaco.com\/wp-content\/uploads\/2016\/08\/handbag_lg.jpg","datePublished":"2016-08-17T23:56:07+00:00","dateModified":"2016-09-06T23:25:57+00:00","breadcrumb":{"@id":"https:\/\/net-express-monaco.com\/fr\/services\/handbag-cleaning\/#breadcrumb"},"inLanguage":"fr-FR","potentialAction":[{"@type":"ReadAction","target":["https:\/\/net-express-monaco.com\/fr\/services\/handbag-cleaning\/"]}]},{"@type":"ImageObject","inLanguage":"fr-FR","@id":"https:\/\/net-express-monaco.com\/fr\/services\/handbag-cleaning\/#primaryimage","url":"https:\/\/net-express-monaco.com\/wp-content\/uploads\/2016\/08\/handbag_lg.jpg","contentUrl":"https:\/\/net-express-monaco.com\/wp-content\/uploads\/2016\/08\/handbag_lg.jpg","width":1100,"height":410},{"@type":"BreadcrumbList","@id":"https:\/\/net-express-monaco.com\/fr\/services\/handbag-cleaning\/#breadcrumb","itemListElement":[{"@type":"ListItem","position":1,"name":"Home","item":"https:\/\/net-express-monaco.com\/"},{"@type":"ListItem","position":2,"name":"Services","item":"https:\/\/net-express-monaco.com\/fr\/services\/"},{"@type":"ListItem","position":3,"name":"Nettoyage des Sacs \u00e0 Main"}]},{"@type":"WebSite","@id":"https:\/\/net-express-monaco.com\/#website","url":"https:\/\/net-express-monaco.com\/","name":"Net Express","description":"","potentialAction":[{"@type":"SearchAction","target":{"@type":"EntryPoint","urlTemplate":"https:\/\/net-express-monaco.com\/?s={search_term_string}"},"query-input":{"@type":"PropertyValueSpecification","valueRequired":true,"valueName":"search_term_string"}}],"inLanguage":"fr-FR"}]}},"_links":{"self":[{"href":"https:\/\/net-express-monaco.com\/fr\/wp-json\/wp\/v2\/pages\/184","targetHints":{"allow":["GET"]}}],"collection":[{"href":"https:\/\/net-express-monaco.com\/fr\/wp-json\/wp\/v2\/pages"}],"about":[{"href":"https:\/\/net-express-monaco.com\/fr\/wp-json\/wp\/v2\/types\/page"}],"author":[{"embeddable":true,"href":"https:\/\/net-express-monaco.com\/fr\/wp-json\/wp\/v2\/users\/2"}],"replies":[{"embeddable":true,"href":"https:\/\/net-express-monaco.com\/fr\/wp-json\/wp\/v2\/comments?post=184"}],"version-history":[{"count":4,"href":"https:\/\/net-express-monaco.com\/fr\/wp-json\/wp\/v2\/pages\/184\/revisions"}],"predecessor-version":[{"id":535,"href":"https:\/\/net-express-monaco.com\/fr\/wp-json\/wp\/v2\/pages\/184\/revisions\/535"}],"up":[{"embeddable":true,"href":"https:\/\/net-express-monaco.com\/fr\/wp-json\/wp\/v2\/pages\/95"}],"wp:featuredmedia":[{"embeddable":true,"href":"https:\/\/net-express-monaco.com\/fr\/wp-json\/wp\/v2\/media\/117"}],"wp:attachment":[{"href":"https:\/\/net-express-monaco.com\/fr\/wp-json\/wp\/v2\/media?parent=184"}],"curies":[{"name":"wp","href":"https:\/\/api.w.org\/{rel}","templated":true}]}}