{"id":187,"date":"2016-08-17T23:57:03","date_gmt":"2016-08-17T23:57:03","guid":{"rendered":"http:\/\/net-express-monaco.com.104-236-152-216.digital-ranch.net\/?page_id=187"},"modified":"2016-09-06T23:26:42","modified_gmt":"2016-09-06T23:26:42","slug":"fur-cleaning-and-glazing","status":"publish","type":"page","link":"https:\/\/net-express-monaco.com\/fr\/services\/fur-cleaning-and-glazing\/","title":{"rendered":"Nettoyage et Gla\u00e7age des Fourrures"},"content":{"rendered":"<div class=\"container\">\n<div class=\"two columns\"><span class=\"tmp\">\u00a0<\/span><\/div>\n<div class=\"twelve columns\" style=\"text-align: center;\">\n<p>QUAND ARRIVE LE PRINTEMPS, IL EST TEMPS D\u2019ENVOYER VOS FOURRURES EN VACANCES.<\/p>\n<p>La chaleur de l\u2019\u00e9t\u00e9 dans les placards non climatis\u00e9s a pour cons\u00e9quence de s\u00e9cher les peaux de vos pr\u00e9cieuses pi\u00e8ces en fourrure, les rendant cassantes. Les manteaux de fourrure qui sont nettoy\u00e9s annuellement et tenus \u00e9loign\u00e9s de la chaleur pendant l\u2019\u00e9t\u00e9 dureront bien plus longtemps que les articles laiss\u00e9s sans traitement.<\/p>\n<p>La fourrure est d\u2019abord plac\u00e9e dans un tambour avec des \u00e9pis de ma\u00efs afin de l\u2019assouplir et de retirer toute salet\u00e9. Dans un second temps, on utilise un aspirateur afin de retirer le ma\u00efs de la fourrure et de la doublure. Enfin, la fourrure passe par une \u00e9tape de gla\u00e7age, afin d\u2019y incorporer de nouveau les graisses n\u00e9cessaires et de r\u00e9aligner les poils, leur donnant une brillance naturelle.<\/p>\n<p>Essayez de prot\u00e9ger votre investissement et de vous assurer que votre fourrure est nettoy\u00e9e chaque ann\u00e9e et passe l\u2019\u00e9t\u00e9 au frais.<\/p>\n<\/div>\n<div class=\"two columns\"><span class=\"tmp\">\u00a0<\/span><\/div>\n<\/div>\n","protected":false},"excerpt":{"rendered":"<p>\u00a0 QUAND ARRIVE LE PRINTEMPS, IL EST TEMPS D\u2019ENVOYER VOS FOURRURES EN VACANCES. La chaleur de l\u2019\u00e9t\u00e9 dans les placards<\/p>\n<p class=\"readmore\"><a href=\"https:\/\/net-express-monaco.com\/fr\/services\/fur-cleaning-and-glazing\/\" title=\"Read Nettoyage et Gla\u00e7age des Fourrures\">Read more &raquo;<\/a><\/p>\n","protected":false},"author":3,"featured_media":115,"parent":95,"menu_order":13,"comment_status":"closed","ping_status":"closed","template":"page-no-sidebar.php","meta":{"footnotes":""},"class_list":["post-187","page","type-page","status-publish","has-post-thumbnail","hentry"],"translation":{"provider":"WPGlobus","version":"3.0.2","language":"fr","enabled_languages":["en","fr"],"languages":{"en":{"title":true,"content":true,"excerpt":false},"fr":{"title":true,"content":true,"excerpt":false}}},"yoast_head":"<!-- This site is optimized with the Yoast SEO plugin v27.4 - https:\/\/yoast.com\/product\/yoast-seo-wordpress\/ -->\n<title>Nettoyage et Gla\u00e7age des Fourrures - Net Express<\/title>\n<meta name=\"robots\" content=\"index, follow, max-snippet:-1, max-image-preview:large, max-video-preview:-1\" \/>\n<link rel=\"canonical\" href=\"https:\/\/net-express-monaco.com\/services\/fur-cleaning-and-glazing\/\" \/>\n<meta property=\"og:locale\" content=\"fr_FR\" \/>\n<meta property=\"og:type\" content=\"article\" \/>\n<meta property=\"og:title\" content=\"Nettoyage et Gla\u00e7age des Fourrures - Net Express\" \/>\n<meta property=\"og:url\" content=\"https:\/\/net-express-monaco.com\/services\/fur-cleaning-and-glazing\/\" \/>\n<meta property=\"og:site_name\" content=\"Net Express\" \/>\n<meta property=\"article:modified_time\" content=\"2016-09-06T23:26:42+00:00\" \/>\n<meta property=\"og:image\" content=\"https:\/\/net-express-monaco.com\/wp-content\/uploads\/2016\/08\/fu_lg.jpg\" \/>\n\t<meta property=\"og:image:width\" content=\"1100\" \/>\n\t<meta property=\"og:image:height\" content=\"410\" \/>\n\t<meta property=\"og:image:type\" content=\"image\/jpeg\" \/>\n<meta name=\"twitter:card\" content=\"summary_large_image\" \/>\n<meta name=\"twitter:label1\" content=\"Dur\u00e9e de lecture estim\u00e9e\" \/>\n\t<meta name=\"twitter:data1\" content=\"2 minutes\" \/>\n<script type=\"application\/ld+json\" class=\"yoast-schema-graph\">{\"@context\":\"https:\\\/\\\/schema.org\",\"@graph\":[{\"@type\":\"WebPage\",\"@id\":\"https:\\\/\\\/net-express-monaco.com\\\/services\\\/fur-cleaning-and-glazing\\\/\",\"url\":\"https:\\\/\\\/net-express-monaco.com\\\/services\\\/fur-cleaning-and-glazing\\\/\",\"name\":\"Nettoyage et Gla\u00e7age des Fourrures - Net Express\",\"isPartOf\":{\"@id\":\"https:\\\/\\\/net-express-monaco.com\\\/#website\"},\"primaryImageOfPage\":{\"@id\":\"https:\\\/\\\/net-express-monaco.com\\\/services\\\/fur-cleaning-and-glazing\\\/#primaryimage\"},\"image\":{\"@id\":\"https:\\\/\\\/net-express-monaco.com\\\/services\\\/fur-cleaning-and-glazing\\\/#primaryimage\"},\"thumbnailUrl\":\"https:\\\/\\\/net-express-monaco.com\\\/wp-content\\\/uploads\\\/2016\\\/08\\\/fu_lg.jpg\",\"datePublished\":\"2016-08-17T23:57:03+00:00\",\"dateModified\":\"2016-09-06T23:26:42+00:00\",\"breadcrumb\":{\"@id\":\"https:\\\/\\\/net-express-monaco.com\\\/services\\\/fur-cleaning-and-glazing\\\/#breadcrumb\"},\"inLanguage\":\"fr-FR\",\"potentialAction\":[{\"@type\":\"ReadAction\",\"target\":[\"https:\\\/\\\/net-express-monaco.com\\\/services\\\/fur-cleaning-and-glazing\\\/\"]}]},{\"@type\":\"ImageObject\",\"inLanguage\":\"fr-FR\",\"@id\":\"https:\\\/\\\/net-express-monaco.com\\\/services\\\/fur-cleaning-and-glazing\\\/#primaryimage\",\"url\":\"https:\\\/\\\/net-express-monaco.com\\\/wp-content\\\/uploads\\\/2016\\\/08\\\/fu_lg.jpg\",\"contentUrl\":\"https:\\\/\\\/net-express-monaco.com\\\/wp-content\\\/uploads\\\/2016\\\/08\\\/fu_lg.jpg\",\"width\":1100,\"height\":410},{\"@type\":\"BreadcrumbList\",\"@id\":\"https:\\\/\\\/net-express-monaco.com\\\/services\\\/fur-cleaning-and-glazing\\\/#breadcrumb\",\"itemListElement\":[{\"@type\":\"ListItem\",\"position\":1,\"name\":\"Home\",\"item\":\"https:\\\/\\\/net-express-monaco.com\\\/\"},{\"@type\":\"ListItem\",\"position\":2,\"name\":\"Services\",\"item\":\"https:\\\/\\\/net-express-monaco.com\\\/fr\\\/services\\\/\"},{\"@type\":\"ListItem\",\"position\":3,\"name\":\"Fur Cleaning and Glazing\"}]},{\"@type\":\"WebSite\",\"@id\":\"https:\\\/\\\/net-express-monaco.com\\\/#website\",\"url\":\"https:\\\/\\\/net-express-monaco.com\\\/\",\"name\":\"Net Express\",\"description\":\"\",\"potentialAction\":[{\"@type\":\"SearchAction\",\"target\":{\"@type\":\"EntryPoint\",\"urlTemplate\":\"https:\\\/\\\/net-express-monaco.com\\\/?s={search_term_string}\"},\"query-input\":{\"@type\":\"PropertyValueSpecification\",\"valueRequired\":true,\"valueName\":\"search_term_string\"}}],\"inLanguage\":\"fr-FR\"}]}<\/script>\n<!-- \/ Yoast SEO plugin. -->","yoast_head_json":{"title":"Nettoyage et Gla\u00e7age des Fourrures - Net Express","robots":{"index":"index","follow":"follow","max-snippet":"max-snippet:-1","max-image-preview":"max-image-preview:large","max-video-preview":"max-video-preview:-1"},"canonical":"https:\/\/net-express-monaco.com\/services\/fur-cleaning-and-glazing\/","og_locale":"fr_FR","og_type":"article","og_title":"Nettoyage et Gla\u00e7age des Fourrures - Net Express","og_url":"https:\/\/net-express-monaco.com\/services\/fur-cleaning-and-glazing\/","og_site_name":"Net Express","article_modified_time":"2016-09-06T23:26:42+00:00","og_image":[{"width":1100,"height":410,"url":"https:\/\/net-express-monaco.com\/wp-content\/uploads\/2016\/08\/fu_lg.jpg","type":"image\/jpeg"}],"twitter_card":"summary_large_image","twitter_misc":{"Dur\u00e9e de lecture estim\u00e9e":"2 minutes"},"schema":{"@context":"https:\/\/schema.org","@graph":[{"@type":"WebPage","@id":"https:\/\/net-express-monaco.com\/services\/fur-cleaning-and-glazing\/","url":"https:\/\/net-express-monaco.com\/services\/fur-cleaning-and-glazing\/","name":"Nettoyage et Gla\u00e7age des Fourrures - Net Express","isPartOf":{"@id":"https:\/\/net-express-monaco.com\/#website"},"primaryImageOfPage":{"@id":"https:\/\/net-express-monaco.com\/services\/fur-cleaning-and-glazing\/#primaryimage"},"image":{"@id":"https:\/\/net-express-monaco.com\/services\/fur-cleaning-and-glazing\/#primaryimage"},"thumbnailUrl":"https:\/\/net-express-monaco.com\/wp-content\/uploads\/2016\/08\/fu_lg.jpg","datePublished":"2016-08-17T23:57:03+00:00","dateModified":"2016-09-06T23:26:42+00:00","breadcrumb":{"@id":"https:\/\/net-express-monaco.com\/services\/fur-cleaning-and-glazing\/#breadcrumb"},"inLanguage":"fr-FR","potentialAction":[{"@type":"ReadAction","target":["https:\/\/net-express-monaco.com\/services\/fur-cleaning-and-glazing\/"]}]},{"@type":"ImageObject","inLanguage":"fr-FR","@id":"https:\/\/net-express-monaco.com\/services\/fur-cleaning-and-glazing\/#primaryimage","url":"https:\/\/net-express-monaco.com\/wp-content\/uploads\/2016\/08\/fu_lg.jpg","contentUrl":"https:\/\/net-express-monaco.com\/wp-content\/uploads\/2016\/08\/fu_lg.jpg","width":1100,"height":410},{"@type":"BreadcrumbList","@id":"https:\/\/net-express-monaco.com\/services\/fur-cleaning-and-glazing\/#breadcrumb","itemListElement":[{"@type":"ListItem","position":1,"name":"Home","item":"https:\/\/net-express-monaco.com\/"},{"@type":"ListItem","position":2,"name":"Services","item":"https:\/\/net-express-monaco.com\/fr\/services\/"},{"@type":"ListItem","position":3,"name":"Fur Cleaning and Glazing"}]},{"@type":"WebSite","@id":"https:\/\/net-express-monaco.com\/#website","url":"https:\/\/net-express-monaco.com\/","name":"Net Express","description":"","potentialAction":[{"@type":"SearchAction","target":{"@type":"EntryPoint","urlTemplate":"https:\/\/net-express-monaco.com\/?s={search_term_string}"},"query-input":{"@type":"PropertyValueSpecification","valueRequired":true,"valueName":"search_term_string"}}],"inLanguage":"fr-FR"}]}},"_links":{"self":[{"href":"https:\/\/net-express-monaco.com\/fr\/wp-json\/wp\/v2\/pages\/187","targetHints":{"allow":["GET"]}}],"collection":[{"href":"https:\/\/net-express-monaco.com\/fr\/wp-json\/wp\/v2\/pages"}],"about":[{"href":"https:\/\/net-express-monaco.com\/fr\/wp-json\/wp\/v2\/types\/page"}],"author":[{"embeddable":true,"href":"https:\/\/net-express-monaco.com\/fr\/wp-json\/wp\/v2\/users\/3"}],"replies":[{"embeddable":true,"href":"https:\/\/net-express-monaco.com\/fr\/wp-json\/wp\/v2\/comments?post=187"}],"version-history":[{"count":4,"href":"https:\/\/net-express-monaco.com\/fr\/wp-json\/wp\/v2\/pages\/187\/revisions"}],"predecessor-version":[{"id":536,"href":"https:\/\/net-express-monaco.com\/fr\/wp-json\/wp\/v2\/pages\/187\/revisions\/536"}],"up":[{"embeddable":true,"href":"https:\/\/net-express-monaco.com\/fr\/wp-json\/wp\/v2\/pages\/95"}],"wp:featuredmedia":[{"embeddable":true,"href":"https:\/\/net-express-monaco.com\/fr\/wp-json\/wp\/v2\/media\/115"}],"wp:attachment":[{"href":"https:\/\/net-express-monaco.com\/fr\/wp-json\/wp\/v2\/media?parent=187"}],"curies":[{"name":"wp","href":"https:\/\/api.w.org\/{rel}","templated":true}]}}