{"id":200,"date":"2016-08-18T00:02:10","date_gmt":"2016-08-18T00:02:10","guid":{"rendered":"http:\/\/net-express-monaco.com.104-236-152-216.digital-ranch.net\/?page_id=200"},"modified":"2016-09-06T23:38:08","modified_gmt":"2016-09-06T23:38:08","slug":"seasonal-wardrobe-service","status":"publish","type":"page","link":"https:\/\/net-express-monaco.com\/fr\/services\/seasonal-wardrobe-service\/","title":{"rendered":"Service de Garde-Robe Saisonni\u00e8re"},"content":{"rendered":"<div class=\"container\">\n<div class=\"two columns\"><span class=\"tmp\">\u00a0<\/span><\/div>\n<div class=\"twelve columns\" style=\"text-align: center;\">\n<p>Net Express s\u2019adapte partout \u00e0 vos besoins de garde-robe.<\/p>\n<p>Nous proposons des solutions de stockage pour nos clients disposant d\u2019une garde-robe fournie, mais d\u2019un petit espace. Nos installations sp\u00e9cialis\u00e9es repr\u00e9sentent ce qu\u2019il y a de meilleur pour l\u2019externalisation de vos besoins de stockage saisonniers.<\/p>\n<p>Nous savons que vos v\u00eatements n\u00e9cessitent les meilleurs soins. Par cons\u00e9quent, nos installations sont climatis\u00e9es, afin de garantir un environnement de stockage optimal. Une liste de l\u2019ensemble des objets qu\u2019il est possible de stocker sera transmise aux clients pour plus de clart\u00e9.<\/p>\n<p>Pour plus d\u2019information, envoyez un email \u00e0\u00a0:\u00a0<a href=\"mailto:info@net-express-monaco.com\">info@net-express-monaco.com<\/a><\/p>\n<\/div>\n<div class=\"two columns\"><span class=\"tmp\">\u00a0<\/span><\/div>\n<\/div>\n","protected":false},"excerpt":{"rendered":"<p>\u00a0 Net Express s\u2019adapte partout \u00e0 vos besoins de garde-robe. Nous proposons des solutions de stockage pour nos clients disposant<\/p>\n<p class=\"readmore\"><a href=\"https:\/\/net-express-monaco.com\/fr\/services\/seasonal-wardrobe-service\/\" title=\"Read Service de Garde-Robe Saisonni\u00e8re\">Read more &raquo;<\/a><\/p>\n","protected":false},"author":2,"featured_media":143,"parent":95,"menu_order":17,"comment_status":"closed","ping_status":"closed","template":"page-no-sidebar.php","meta":{"footnotes":""},"class_list":["post-200","page","type-page","status-publish","has-post-thumbnail","hentry"],"translation":{"provider":"WPGlobus","version":"3.0.2","language":"fr","enabled_languages":["en","fr"],"languages":{"en":{"title":true,"content":true,"excerpt":false},"fr":{"title":true,"content":true,"excerpt":false}}},"yoast_head":"<!-- This site is optimized with the Yoast SEO plugin v27.3 - https:\/\/yoast.com\/product\/yoast-seo-wordpress\/ -->\n<title>Service de Garde-Robe Saisonni\u00e8re - Net Express<\/title>\n<meta name=\"robots\" content=\"index, follow, max-snippet:-1, max-image-preview:large, max-video-preview:-1\" \/>\n<link rel=\"canonical\" href=\"https:\/\/net-express-monaco.com\/services\/seasonal-wardrobe-service\/\" \/>\n<meta property=\"og:locale\" content=\"fr_FR\" \/>\n<meta property=\"og:type\" content=\"article\" \/>\n<meta property=\"og:title\" content=\"Service de Garde-Robe Saisonni\u00e8re - Net Express\" \/>\n<meta property=\"og:url\" content=\"https:\/\/net-express-monaco.com\/services\/seasonal-wardrobe-service\/\" \/>\n<meta property=\"og:site_name\" content=\"Net Express\" \/>\n<meta property=\"article:modified_time\" content=\"2016-09-06T23:38:08+00:00\" \/>\n<meta property=\"og:image\" content=\"https:\/\/net-express-monaco.com\/wp-content\/uploads\/2016\/08\/wardrobe_service_lg.jpg\" \/>\n\t<meta property=\"og:image:width\" content=\"1100\" \/>\n\t<meta property=\"og:image:height\" content=\"410\" \/>\n\t<meta property=\"og:image:type\" content=\"image\/jpeg\" \/>\n<meta name=\"twitter:card\" content=\"summary_large_image\" \/>\n<meta name=\"twitter:label1\" content=\"Dur\u00e9e de lecture estim\u00e9e\" \/>\n\t<meta name=\"twitter:data1\" content=\"1 minute\" \/>\n<script type=\"application\/ld+json\" class=\"yoast-schema-graph\">{\"@context\":\"https:\\\/\\\/schema.org\",\"@graph\":[{\"@type\":\"WebPage\",\"@id\":\"https:\\\/\\\/net-express-monaco.com\\\/services\\\/seasonal-wardrobe-service\\\/\",\"url\":\"https:\\\/\\\/net-express-monaco.com\\\/services\\\/seasonal-wardrobe-service\\\/\",\"name\":\"Service de Garde-Robe Saisonni\u00e8re - Net Express\",\"isPartOf\":{\"@id\":\"https:\\\/\\\/net-express-monaco.com\\\/#website\"},\"primaryImageOfPage\":{\"@id\":\"https:\\\/\\\/net-express-monaco.com\\\/services\\\/seasonal-wardrobe-service\\\/#primaryimage\"},\"image\":{\"@id\":\"https:\\\/\\\/net-express-monaco.com\\\/services\\\/seasonal-wardrobe-service\\\/#primaryimage\"},\"thumbnailUrl\":\"https:\\\/\\\/net-express-monaco.com\\\/wp-content\\\/uploads\\\/2016\\\/08\\\/wardrobe_service_lg.jpg\",\"datePublished\":\"2016-08-18T00:02:10+00:00\",\"dateModified\":\"2016-09-06T23:38:08+00:00\",\"breadcrumb\":{\"@id\":\"https:\\\/\\\/net-express-monaco.com\\\/services\\\/seasonal-wardrobe-service\\\/#breadcrumb\"},\"inLanguage\":\"fr-FR\",\"potentialAction\":[{\"@type\":\"ReadAction\",\"target\":[\"https:\\\/\\\/net-express-monaco.com\\\/services\\\/seasonal-wardrobe-service\\\/\"]}]},{\"@type\":\"ImageObject\",\"inLanguage\":\"fr-FR\",\"@id\":\"https:\\\/\\\/net-express-monaco.com\\\/services\\\/seasonal-wardrobe-service\\\/#primaryimage\",\"url\":\"https:\\\/\\\/net-express-monaco.com\\\/wp-content\\\/uploads\\\/2016\\\/08\\\/wardrobe_service_lg.jpg\",\"contentUrl\":\"https:\\\/\\\/net-express-monaco.com\\\/wp-content\\\/uploads\\\/2016\\\/08\\\/wardrobe_service_lg.jpg\",\"width\":1100,\"height\":410},{\"@type\":\"BreadcrumbList\",\"@id\":\"https:\\\/\\\/net-express-monaco.com\\\/services\\\/seasonal-wardrobe-service\\\/#breadcrumb\",\"itemListElement\":[{\"@type\":\"ListItem\",\"position\":1,\"name\":\"Home\",\"item\":\"https:\\\/\\\/net-express-monaco.com\\\/\"},{\"@type\":\"ListItem\",\"position\":2,\"name\":\"Services\",\"item\":\"https:\\\/\\\/net-express-monaco.com\\\/fr\\\/services\\\/\"},{\"@type\":\"ListItem\",\"position\":3,\"name\":\"Seasonal Wardrobe Service\"}]},{\"@type\":\"WebSite\",\"@id\":\"https:\\\/\\\/net-express-monaco.com\\\/#website\",\"url\":\"https:\\\/\\\/net-express-monaco.com\\\/\",\"name\":\"Net Express\",\"description\":\"\",\"potentialAction\":[{\"@type\":\"SearchAction\",\"target\":{\"@type\":\"EntryPoint\",\"urlTemplate\":\"https:\\\/\\\/net-express-monaco.com\\\/?s={search_term_string}\"},\"query-input\":{\"@type\":\"PropertyValueSpecification\",\"valueRequired\":true,\"valueName\":\"search_term_string\"}}],\"inLanguage\":\"fr-FR\"}]}<\/script>\n<!-- \/ Yoast SEO plugin. -->","yoast_head_json":{"title":"Service de Garde-Robe Saisonni\u00e8re - Net Express","robots":{"index":"index","follow":"follow","max-snippet":"max-snippet:-1","max-image-preview":"max-image-preview:large","max-video-preview":"max-video-preview:-1"},"canonical":"https:\/\/net-express-monaco.com\/services\/seasonal-wardrobe-service\/","og_locale":"fr_FR","og_type":"article","og_title":"Service de Garde-Robe Saisonni\u00e8re - Net Express","og_url":"https:\/\/net-express-monaco.com\/services\/seasonal-wardrobe-service\/","og_site_name":"Net Express","article_modified_time":"2016-09-06T23:38:08+00:00","og_image":[{"width":1100,"height":410,"url":"https:\/\/net-express-monaco.com\/wp-content\/uploads\/2016\/08\/wardrobe_service_lg.jpg","type":"image\/jpeg"}],"twitter_card":"summary_large_image","twitter_misc":{"Dur\u00e9e de lecture estim\u00e9e":"1 minute"},"schema":{"@context":"https:\/\/schema.org","@graph":[{"@type":"WebPage","@id":"https:\/\/net-express-monaco.com\/services\/seasonal-wardrobe-service\/","url":"https:\/\/net-express-monaco.com\/services\/seasonal-wardrobe-service\/","name":"Service de Garde-Robe Saisonni\u00e8re - Net Express","isPartOf":{"@id":"https:\/\/net-express-monaco.com\/#website"},"primaryImageOfPage":{"@id":"https:\/\/net-express-monaco.com\/services\/seasonal-wardrobe-service\/#primaryimage"},"image":{"@id":"https:\/\/net-express-monaco.com\/services\/seasonal-wardrobe-service\/#primaryimage"},"thumbnailUrl":"https:\/\/net-express-monaco.com\/wp-content\/uploads\/2016\/08\/wardrobe_service_lg.jpg","datePublished":"2016-08-18T00:02:10+00:00","dateModified":"2016-09-06T23:38:08+00:00","breadcrumb":{"@id":"https:\/\/net-express-monaco.com\/services\/seasonal-wardrobe-service\/#breadcrumb"},"inLanguage":"fr-FR","potentialAction":[{"@type":"ReadAction","target":["https:\/\/net-express-monaco.com\/services\/seasonal-wardrobe-service\/"]}]},{"@type":"ImageObject","inLanguage":"fr-FR","@id":"https:\/\/net-express-monaco.com\/services\/seasonal-wardrobe-service\/#primaryimage","url":"https:\/\/net-express-monaco.com\/wp-content\/uploads\/2016\/08\/wardrobe_service_lg.jpg","contentUrl":"https:\/\/net-express-monaco.com\/wp-content\/uploads\/2016\/08\/wardrobe_service_lg.jpg","width":1100,"height":410},{"@type":"BreadcrumbList","@id":"https:\/\/net-express-monaco.com\/services\/seasonal-wardrobe-service\/#breadcrumb","itemListElement":[{"@type":"ListItem","position":1,"name":"Home","item":"https:\/\/net-express-monaco.com\/"},{"@type":"ListItem","position":2,"name":"Services","item":"https:\/\/net-express-monaco.com\/fr\/services\/"},{"@type":"ListItem","position":3,"name":"Seasonal Wardrobe Service"}]},{"@type":"WebSite","@id":"https:\/\/net-express-monaco.com\/#website","url":"https:\/\/net-express-monaco.com\/","name":"Net Express","description":"","potentialAction":[{"@type":"SearchAction","target":{"@type":"EntryPoint","urlTemplate":"https:\/\/net-express-monaco.com\/?s={search_term_string}"},"query-input":{"@type":"PropertyValueSpecification","valueRequired":true,"valueName":"search_term_string"}}],"inLanguage":"fr-FR"}]}},"_links":{"self":[{"href":"https:\/\/net-express-monaco.com\/fr\/wp-json\/wp\/v2\/pages\/200","targetHints":{"allow":["GET"]}}],"collection":[{"href":"https:\/\/net-express-monaco.com\/fr\/wp-json\/wp\/v2\/pages"}],"about":[{"href":"https:\/\/net-express-monaco.com\/fr\/wp-json\/wp\/v2\/types\/page"}],"author":[{"embeddable":true,"href":"https:\/\/net-express-monaco.com\/fr\/wp-json\/wp\/v2\/users\/2"}],"replies":[{"embeddable":true,"href":"https:\/\/net-express-monaco.com\/fr\/wp-json\/wp\/v2\/comments?post=200"}],"version-history":[{"count":4,"href":"https:\/\/net-express-monaco.com\/fr\/wp-json\/wp\/v2\/pages\/200\/revisions"}],"predecessor-version":[{"id":547,"href":"https:\/\/net-express-monaco.com\/fr\/wp-json\/wp\/v2\/pages\/200\/revisions\/547"}],"up":[{"embeddable":true,"href":"https:\/\/net-express-monaco.com\/fr\/wp-json\/wp\/v2\/pages\/95"}],"wp:featuredmedia":[{"embeddable":true,"href":"https:\/\/net-express-monaco.com\/fr\/wp-json\/wp\/v2\/media\/143"}],"wp:attachment":[{"href":"https:\/\/net-express-monaco.com\/fr\/wp-json\/wp\/v2\/media?parent=200"}],"curies":[{"name":"wp","href":"https:\/\/api.w.org\/{rel}","templated":true}]}}