{"id":206,"date":"2016-08-18T14:57:26","date_gmt":"2016-08-18T14:57:26","guid":{"rendered":"http:\/\/net-express-monaco.com.104-236-152-216.digital-ranch.net\/?page_id=206"},"modified":"2016-09-14T22:11:41","modified_gmt":"2016-09-14T22:11:41","slug":"couture-cleaning","status":"publish","type":"page","link":"https:\/\/net-express-monaco.com\/fr\/couture-cleaning\/","title":{"rendered":"Nettoyage des V\u00eatements de Haute Couture"},"content":{"rendered":"<div class=\"container\">\n<div class=\"two columns\"><span class=\"tmp\">\u00a0<\/span><\/div>\n<div class=\"twelve columns\" style=\"text-align: center;\">\n<p>VOUS REMPLISSEZ SANS SOUCI VOTRE GARDE-ROBE DE NOUVEAUX V\u00caTEMENTS. AUJOURD\u2019HUI, FAITES-LES NETTOYER SANS SOUCI !<\/p>\n<p>Net Express est un partenaire de confiance des maisons de haute couture et vendeurs de v\u00eatements de luxe de Monaco. Les cr\u00e9ateurs, vendeurs et particuliers choisissent Net Express pour leurs pi\u00e8ces de haute couture en raison de notre expertise, mais aussi des savoir-faire alli\u00e9s aux technologies de pointe que nous proposons. C\u2019est ce qui nous rend unique.<\/p>\n<p>Notre \u00e9quipe d\u2019experts examinera le tissu, la structure et les d\u00e9tails de chaque v\u00eatement, avant de recommander le traitement qui convient le mieux. Notre grande expertise nous a toujours permis d\u2019atteindre des r\u00e9sultats impeccables avec les fibres d\u00e9licates comme la soie, le satin et le strass et les paillettes, ainsi que le cuir classique ou exotique, tel le cuir de serpent ou de crocodile.<\/p>\n<p>Chaque v\u00eatement est inspect\u00e9 avec attention avant d\u2019\u00eatre nettoy\u00e9. Que vos v\u00eatements aient besoin d\u2019\u00eatre nettoy\u00e9s \u00e0 sec, blanchis ou lav\u00e9s \u00e0 la main, nous disposons des technologies les plus douces pour le soin de vos pi\u00e8ces de haute couture.<\/p>\n<\/div>\n<div class=\"two columns\"><span class=\"tmp\">\u00a0<\/span><\/div>\n<\/div>\n","protected":false},"excerpt":{"rendered":"<p>\u00a0 VOUS REMPLISSEZ SANS SOUCI VOTRE GARDE-ROBE DE NOUVEAUX V\u00caTEMENTS. AUJOURD\u2019HUI, FAITES-LES NETTOYER SANS SOUCI ! Net Express est un<\/p>\n<p class=\"readmore\"><a href=\"https:\/\/net-express-monaco.com\/fr\/couture-cleaning\/\" title=\"Read Nettoyage des V\u00eatements de Haute Couture\">Read more &raquo;<\/a><\/p>\n","protected":false},"author":2,"featured_media":250,"parent":0,"menu_order":4,"comment_status":"closed","ping_status":"closed","template":"page-no-sidebar.php","meta":{"footnotes":""},"class_list":["post-206","page","type-page","status-publish","has-post-thumbnail","hentry"],"translation":{"provider":"WPGlobus","version":"3.0.2","language":"fr","enabled_languages":["en","fr"],"languages":{"en":{"title":true,"content":true,"excerpt":false},"fr":{"title":true,"content":true,"excerpt":false}}},"yoast_head":"<!-- This site is optimized with the Yoast SEO plugin v27.3 - https:\/\/yoast.com\/product\/yoast-seo-wordpress\/ -->\n<title>Nettoyage des V\u00eatements de Haute Couture - Net Express<\/title>\n<meta name=\"robots\" content=\"index, follow, max-snippet:-1, max-image-preview:large, max-video-preview:-1\" \/>\n<link rel=\"canonical\" href=\"https:\/\/net-express-monaco.com\/couture-cleaning\/\" \/>\n<meta property=\"og:locale\" content=\"fr_FR\" \/>\n<meta property=\"og:type\" content=\"article\" \/>\n<meta property=\"og:title\" content=\"Nettoyage des V\u00eatements de Haute Couture - Net Express\" \/>\n<meta property=\"og:url\" content=\"https:\/\/net-express-monaco.com\/couture-cleaning\/\" \/>\n<meta property=\"og:site_name\" content=\"Net Express\" \/>\n<meta property=\"article:modified_time\" content=\"2016-09-14T22:11:41+00:00\" \/>\n<meta property=\"og:image\" content=\"https:\/\/net-express-monaco.com\/wp-content\/uploads\/2016\/08\/couture_lg-1.jpg\" \/>\n\t<meta property=\"og:image:width\" content=\"1100\" \/>\n\t<meta property=\"og:image:height\" content=\"410\" \/>\n\t<meta property=\"og:image:type\" content=\"image\/jpeg\" \/>\n<meta name=\"twitter:card\" content=\"summary_large_image\" \/>\n<meta name=\"twitter:label1\" content=\"Dur\u00e9e de lecture estim\u00e9e\" \/>\n\t<meta name=\"twitter:data1\" content=\"2 minutes\" \/>\n<script type=\"application\/ld+json\" class=\"yoast-schema-graph\">{\"@context\":\"https:\\\/\\\/schema.org\",\"@graph\":[{\"@type\":\"WebPage\",\"@id\":\"https:\\\/\\\/net-express-monaco.com\\\/couture-cleaning\\\/\",\"url\":\"https:\\\/\\\/net-express-monaco.com\\\/couture-cleaning\\\/\",\"name\":\"Nettoyage des V\u00eatements de Haute Couture - Net Express\",\"isPartOf\":{\"@id\":\"https:\\\/\\\/net-express-monaco.com\\\/#website\"},\"primaryImageOfPage\":{\"@id\":\"https:\\\/\\\/net-express-monaco.com\\\/couture-cleaning\\\/#primaryimage\"},\"image\":{\"@id\":\"https:\\\/\\\/net-express-monaco.com\\\/couture-cleaning\\\/#primaryimage\"},\"thumbnailUrl\":\"https:\\\/\\\/net-express-monaco.com\\\/wp-content\\\/uploads\\\/2016\\\/08\\\/couture_lg-1.jpg\",\"datePublished\":\"2016-08-18T14:57:26+00:00\",\"dateModified\":\"2016-09-14T22:11:41+00:00\",\"description\":\"Designers, retailers and owners choose us to care for their couture items because of our expertise, craftsmanship and cutting-edge technology that we offer.\",\"breadcrumb\":{\"@id\":\"https:\\\/\\\/net-express-monaco.com\\\/couture-cleaning\\\/#breadcrumb\"},\"inLanguage\":\"fr-FR\",\"potentialAction\":[{\"@type\":\"ReadAction\",\"target\":[\"https:\\\/\\\/net-express-monaco.com\\\/couture-cleaning\\\/\"]}]},{\"@type\":\"ImageObject\",\"inLanguage\":\"fr-FR\",\"@id\":\"https:\\\/\\\/net-express-monaco.com\\\/couture-cleaning\\\/#primaryimage\",\"url\":\"https:\\\/\\\/net-express-monaco.com\\\/wp-content\\\/uploads\\\/2016\\\/08\\\/couture_lg-1.jpg\",\"contentUrl\":\"https:\\\/\\\/net-express-monaco.com\\\/wp-content\\\/uploads\\\/2016\\\/08\\\/couture_lg-1.jpg\",\"width\":1100,\"height\":410},{\"@type\":\"BreadcrumbList\",\"@id\":\"https:\\\/\\\/net-express-monaco.com\\\/couture-cleaning\\\/#breadcrumb\",\"itemListElement\":[{\"@type\":\"ListItem\",\"position\":1,\"name\":\"Home\",\"item\":\"https:\\\/\\\/net-express-monaco.com\\\/\"},{\"@type\":\"ListItem\",\"position\":2,\"name\":\"Couture Cleaning\"}]},{\"@type\":\"WebSite\",\"@id\":\"https:\\\/\\\/net-express-monaco.com\\\/#website\",\"url\":\"https:\\\/\\\/net-express-monaco.com\\\/\",\"name\":\"Net Express\",\"description\":\"\",\"potentialAction\":[{\"@type\":\"SearchAction\",\"target\":{\"@type\":\"EntryPoint\",\"urlTemplate\":\"https:\\\/\\\/net-express-monaco.com\\\/?s={search_term_string}\"},\"query-input\":{\"@type\":\"PropertyValueSpecification\",\"valueRequired\":true,\"valueName\":\"search_term_string\"}}],\"inLanguage\":\"fr-FR\"}]}<\/script>\n<!-- \/ Yoast SEO plugin. -->","yoast_head_json":{"title":"Nettoyage des V\u00eatements de Haute Couture - Net Express","robots":{"index":"index","follow":"follow","max-snippet":"max-snippet:-1","max-image-preview":"max-image-preview:large","max-video-preview":"max-video-preview:-1"},"canonical":"https:\/\/net-express-monaco.com\/couture-cleaning\/","og_locale":"fr_FR","og_type":"article","og_title":"Nettoyage des V\u00eatements de Haute Couture - Net Express","og_url":"https:\/\/net-express-monaco.com\/couture-cleaning\/","og_site_name":"Net Express","article_modified_time":"2016-09-14T22:11:41+00:00","og_image":[{"width":1100,"height":410,"url":"https:\/\/net-express-monaco.com\/wp-content\/uploads\/2016\/08\/couture_lg-1.jpg","type":"image\/jpeg"}],"twitter_card":"summary_large_image","twitter_misc":{"Dur\u00e9e de lecture estim\u00e9e":"2 minutes"},"schema":{"@context":"https:\/\/schema.org","@graph":[{"@type":"WebPage","@id":"https:\/\/net-express-monaco.com\/couture-cleaning\/","url":"https:\/\/net-express-monaco.com\/couture-cleaning\/","name":"Nettoyage des V\u00eatements de Haute Couture - Net Express","isPartOf":{"@id":"https:\/\/net-express-monaco.com\/#website"},"primaryImageOfPage":{"@id":"https:\/\/net-express-monaco.com\/couture-cleaning\/#primaryimage"},"image":{"@id":"https:\/\/net-express-monaco.com\/couture-cleaning\/#primaryimage"},"thumbnailUrl":"https:\/\/net-express-monaco.com\/wp-content\/uploads\/2016\/08\/couture_lg-1.jpg","datePublished":"2016-08-18T14:57:26+00:00","dateModified":"2016-09-14T22:11:41+00:00","description":"Designers, retailers and owners choose us to care for their couture items because of our expertise, craftsmanship and cutting-edge technology that we offer.","breadcrumb":{"@id":"https:\/\/net-express-monaco.com\/couture-cleaning\/#breadcrumb"},"inLanguage":"fr-FR","potentialAction":[{"@type":"ReadAction","target":["https:\/\/net-express-monaco.com\/couture-cleaning\/"]}]},{"@type":"ImageObject","inLanguage":"fr-FR","@id":"https:\/\/net-express-monaco.com\/couture-cleaning\/#primaryimage","url":"https:\/\/net-express-monaco.com\/wp-content\/uploads\/2016\/08\/couture_lg-1.jpg","contentUrl":"https:\/\/net-express-monaco.com\/wp-content\/uploads\/2016\/08\/couture_lg-1.jpg","width":1100,"height":410},{"@type":"BreadcrumbList","@id":"https:\/\/net-express-monaco.com\/couture-cleaning\/#breadcrumb","itemListElement":[{"@type":"ListItem","position":1,"name":"Home","item":"https:\/\/net-express-monaco.com\/"},{"@type":"ListItem","position":2,"name":"Couture Cleaning"}]},{"@type":"WebSite","@id":"https:\/\/net-express-monaco.com\/#website","url":"https:\/\/net-express-monaco.com\/","name":"Net Express","description":"","potentialAction":[{"@type":"SearchAction","target":{"@type":"EntryPoint","urlTemplate":"https:\/\/net-express-monaco.com\/?s={search_term_string}"},"query-input":{"@type":"PropertyValueSpecification","valueRequired":true,"valueName":"search_term_string"}}],"inLanguage":"fr-FR"}]}},"_links":{"self":[{"href":"https:\/\/net-express-monaco.com\/fr\/wp-json\/wp\/v2\/pages\/206","targetHints":{"allow":["GET"]}}],"collection":[{"href":"https:\/\/net-express-monaco.com\/fr\/wp-json\/wp\/v2\/pages"}],"about":[{"href":"https:\/\/net-express-monaco.com\/fr\/wp-json\/wp\/v2\/types\/page"}],"author":[{"embeddable":true,"href":"https:\/\/net-express-monaco.com\/fr\/wp-json\/wp\/v2\/users\/2"}],"replies":[{"embeddable":true,"href":"https:\/\/net-express-monaco.com\/fr\/wp-json\/wp\/v2\/comments?post=206"}],"version-history":[{"count":6,"href":"https:\/\/net-express-monaco.com\/fr\/wp-json\/wp\/v2\/pages\/206\/revisions"}],"predecessor-version":[{"id":558,"href":"https:\/\/net-express-monaco.com\/fr\/wp-json\/wp\/v2\/pages\/206\/revisions\/558"}],"wp:featuredmedia":[{"embeddable":true,"href":"https:\/\/net-express-monaco.com\/fr\/wp-json\/wp\/v2\/media\/250"}],"wp:attachment":[{"href":"https:\/\/net-express-monaco.com\/fr\/wp-json\/wp\/v2\/media?parent=206"}],"curies":[{"name":"wp","href":"https:\/\/api.w.org\/{rel}","templated":true}]}}