{"id":237,"date":"2016-08-19T22:57:15","date_gmt":"2016-08-19T22:57:15","guid":{"rendered":"http:\/\/net-express-monaco.com.104-236-152-216.digital-ranch.net\/?page_id=237"},"modified":"2016-09-06T23:15:18","modified_gmt":"2016-09-06T23:15:18","slug":"art-of-wedding-dress-cleaning","status":"publish","type":"page","link":"https:\/\/net-express-monaco.com\/fr\/services\/wedding-dress\/art-of-wedding-dress-cleaning\/","title":{"rendered":"L\u2019Art du Nettoyage des Robes de Mari\u00e9e"},"content":{"rendered":"<div class=\"container\">\n<div class=\"two columns\"><span class=\"tmp\">\u00a0<\/span><\/div>\n<div class=\"twelve columns\" style=\"text-align: center;\">\n<h3>7 conseils pour le nettoyage de votre robe de mari\u00e9e :<\/h3>\n<ol style=\"max-width: 500px; margin: 0 auto; text-align: left;\">\n<li>Il est important que votre robe de mari\u00e9e soit nettoy\u00e9e au maximum un mois apr\u00e8s la c\u00e9r\u00e9monie. Au bout d\u2019un moment, les taches s\u2019incrustent et deviennent impossibles \u00e0 \u00e9liminer.<\/li>\n<li>Ne stockez jamais votre robe de mari\u00e9e dans un sac en plastique, elle serait ab\u00eem\u00e9e par la moisissure.<\/li>\n<li>Utilisez un \u00e9tablissement de nettoyage \u00e0 sec expert dans le domaine des v\u00eatements de mariage pour votre robe de mari\u00e9e.<\/li>\n<li>\u00c9loignez-vous de tout \u00e9tablissement de nettoyage \u00e0 sec qui annonce \u00ab\u00a0ne pas \u00eatre responsable des boutons, perles et garniture\u00a0\u00bb.<\/li>\n<li>Ne recourez pas aux services d\u2019un \u00e9tablissement de nettoyage \u00e0 sec qui, une fois votre robe pr\u00eate, vous d\u00e9fend d\u2019ouvrir la bo\u00eete de conservation. Ne souhaitez-vous pas pouvoir montrer votre robe de mari\u00e9e \u00e0 votre fille ?<\/li>\n<li>Lavez vos mains ou portez des gants en coton avant de manipuler votre robe de mari\u00e9e apr\u00e8s son nettoyage. Le gras se trouvant sur vos mains peut d\u00e9colorer votre robe avec le temps.<\/li>\n<li>Ne conservez jamais votre robe dans les\u00a0<a href=\"https:\/\/fr.wikipedia.org\/wiki\/Comble_(architecture)\">combles<\/a>\u00a0ou au <a href=\"https:\/\/fr.wikipedia.org\/wiki\/Sous-sol_(architecture)\">sous-sol<\/a>. Les combles sont toujours trop frais et les sous-sols trop humides. Il n\u2019existe aucune exception. M\u00eame les sous-sols am\u00e9nag\u00e9s paraissant secs sont trop humides.<\/li>\n<\/ol>\n<\/div>\n<div class=\"two columns\"><span class=\"tmp\">\u00a0<\/span><\/div>\n<\/div>\n","protected":false},"excerpt":{"rendered":"<p>\u00a0 7 conseils pour le nettoyage de votre robe de mari\u00e9e : Il est important que votre robe de mari\u00e9e<\/p>\n<p class=\"readmore\"><a href=\"https:\/\/net-express-monaco.com\/fr\/services\/wedding-dress\/art-of-wedding-dress-cleaning\/\" title=\"Read L\u2019Art du Nettoyage des Robes de Mari\u00e9e\">Read more &raquo;<\/a><\/p>\n","protected":false},"author":2,"featured_media":239,"parent":171,"menu_order":0,"comment_status":"closed","ping_status":"closed","template":"page-no-sidebar.php","meta":{"footnotes":""},"class_list":["post-237","page","type-page","status-publish","has-post-thumbnail","hentry"],"translation":{"provider":"WPGlobus","version":"3.0.2","language":"fr","enabled_languages":["en","fr"],"languages":{"en":{"title":true,"content":true,"excerpt":false},"fr":{"title":true,"content":true,"excerpt":false}}},"yoast_head":"<!-- This site is optimized with the Yoast SEO plugin v27.3 - https:\/\/yoast.com\/product\/yoast-seo-wordpress\/ -->\n<title>L\u2019Art du Nettoyage des Robes de Mari\u00e9e - Net Express<\/title>\n<meta name=\"robots\" content=\"index, follow, max-snippet:-1, max-image-preview:large, max-video-preview:-1\" \/>\n<link rel=\"canonical\" href=\"https:\/\/net-express-monaco.com\/services\/wedding-dress\/art-of-wedding-dress-cleaning\/\" \/>\n<meta property=\"og:locale\" content=\"fr_FR\" \/>\n<meta property=\"og:type\" content=\"article\" \/>\n<meta property=\"og:title\" content=\"L\u2019Art du Nettoyage des Robes de Mari\u00e9e - Net Express\" \/>\n<meta property=\"og:url\" content=\"https:\/\/net-express-monaco.com\/services\/wedding-dress\/art-of-wedding-dress-cleaning\/\" \/>\n<meta property=\"og:site_name\" content=\"Net Express\" \/>\n<meta property=\"article:modified_time\" content=\"2016-09-06T23:15:18+00:00\" \/>\n<meta property=\"og:image\" content=\"https:\/\/net-express-monaco.com\/wp-content\/uploads\/2016\/08\/wedding_dress2_lg.jpg\" \/>\n\t<meta property=\"og:image:width\" content=\"1100\" \/>\n\t<meta property=\"og:image:height\" content=\"410\" \/>\n\t<meta property=\"og:image:type\" content=\"image\/jpeg\" \/>\n<meta name=\"twitter:card\" content=\"summary_large_image\" \/>\n<meta name=\"twitter:label1\" content=\"Dur\u00e9e de lecture estim\u00e9e\" \/>\n\t<meta name=\"twitter:data1\" content=\"2 minutes\" \/>\n<script type=\"application\/ld+json\" class=\"yoast-schema-graph\">{\"@context\":\"https:\\\/\\\/schema.org\",\"@graph\":[{\"@type\":\"WebPage\",\"@id\":\"https:\\\/\\\/net-express-monaco.com\\\/services\\\/wedding-dress\\\/art-of-wedding-dress-cleaning\\\/\",\"url\":\"https:\\\/\\\/net-express-monaco.com\\\/services\\\/wedding-dress\\\/art-of-wedding-dress-cleaning\\\/\",\"name\":\"L\u2019Art du Nettoyage des Robes de Mari\u00e9e - Net Express\",\"isPartOf\":{\"@id\":\"https:\\\/\\\/net-express-monaco.com\\\/#website\"},\"primaryImageOfPage\":{\"@id\":\"https:\\\/\\\/net-express-monaco.com\\\/services\\\/wedding-dress\\\/art-of-wedding-dress-cleaning\\\/#primaryimage\"},\"image\":{\"@id\":\"https:\\\/\\\/net-express-monaco.com\\\/services\\\/wedding-dress\\\/art-of-wedding-dress-cleaning\\\/#primaryimage\"},\"thumbnailUrl\":\"https:\\\/\\\/net-express-monaco.com\\\/wp-content\\\/uploads\\\/2016\\\/08\\\/wedding_dress2_lg.jpg\",\"datePublished\":\"2016-08-19T22:57:15+00:00\",\"dateModified\":\"2016-09-06T23:15:18+00:00\",\"breadcrumb\":{\"@id\":\"https:\\\/\\\/net-express-monaco.com\\\/services\\\/wedding-dress\\\/art-of-wedding-dress-cleaning\\\/#breadcrumb\"},\"inLanguage\":\"fr-FR\",\"potentialAction\":[{\"@type\":\"ReadAction\",\"target\":[\"https:\\\/\\\/net-express-monaco.com\\\/services\\\/wedding-dress\\\/art-of-wedding-dress-cleaning\\\/\"]}]},{\"@type\":\"ImageObject\",\"inLanguage\":\"fr-FR\",\"@id\":\"https:\\\/\\\/net-express-monaco.com\\\/services\\\/wedding-dress\\\/art-of-wedding-dress-cleaning\\\/#primaryimage\",\"url\":\"https:\\\/\\\/net-express-monaco.com\\\/wp-content\\\/uploads\\\/2016\\\/08\\\/wedding_dress2_lg.jpg\",\"contentUrl\":\"https:\\\/\\\/net-express-monaco.com\\\/wp-content\\\/uploads\\\/2016\\\/08\\\/wedding_dress2_lg.jpg\",\"width\":1100,\"height\":410},{\"@type\":\"BreadcrumbList\",\"@id\":\"https:\\\/\\\/net-express-monaco.com\\\/services\\\/wedding-dress\\\/art-of-wedding-dress-cleaning\\\/#breadcrumb\",\"itemListElement\":[{\"@type\":\"ListItem\",\"position\":1,\"name\":\"Home\",\"item\":\"https:\\\/\\\/net-express-monaco.com\\\/\"},{\"@type\":\"ListItem\",\"position\":2,\"name\":\"Services\",\"item\":\"https:\\\/\\\/net-express-monaco.com\\\/fr\\\/services\\\/\"},{\"@type\":\"ListItem\",\"position\":3,\"name\":\"Wedding Dress\",\"item\":\"https:\\\/\\\/net-express-monaco.com\\\/services\\\/wedding-dress\\\/\"},{\"@type\":\"ListItem\",\"position\":4,\"name\":\"The Art of Wedding Dress Cleaning\"}]},{\"@type\":\"WebSite\",\"@id\":\"https:\\\/\\\/net-express-monaco.com\\\/#website\",\"url\":\"https:\\\/\\\/net-express-monaco.com\\\/\",\"name\":\"Net Express\",\"description\":\"\",\"potentialAction\":[{\"@type\":\"SearchAction\",\"target\":{\"@type\":\"EntryPoint\",\"urlTemplate\":\"https:\\\/\\\/net-express-monaco.com\\\/?s={search_term_string}\"},\"query-input\":{\"@type\":\"PropertyValueSpecification\",\"valueRequired\":true,\"valueName\":\"search_term_string\"}}],\"inLanguage\":\"fr-FR\"}]}<\/script>\n<!-- \/ Yoast SEO plugin. -->","yoast_head_json":{"title":"L\u2019Art du Nettoyage des Robes de Mari\u00e9e - Net Express","robots":{"index":"index","follow":"follow","max-snippet":"max-snippet:-1","max-image-preview":"max-image-preview:large","max-video-preview":"max-video-preview:-1"},"canonical":"https:\/\/net-express-monaco.com\/services\/wedding-dress\/art-of-wedding-dress-cleaning\/","og_locale":"fr_FR","og_type":"article","og_title":"L\u2019Art du Nettoyage des Robes de Mari\u00e9e - Net Express","og_url":"https:\/\/net-express-monaco.com\/services\/wedding-dress\/art-of-wedding-dress-cleaning\/","og_site_name":"Net Express","article_modified_time":"2016-09-06T23:15:18+00:00","og_image":[{"width":1100,"height":410,"url":"https:\/\/net-express-monaco.com\/wp-content\/uploads\/2016\/08\/wedding_dress2_lg.jpg","type":"image\/jpeg"}],"twitter_card":"summary_large_image","twitter_misc":{"Dur\u00e9e de lecture estim\u00e9e":"2 minutes"},"schema":{"@context":"https:\/\/schema.org","@graph":[{"@type":"WebPage","@id":"https:\/\/net-express-monaco.com\/services\/wedding-dress\/art-of-wedding-dress-cleaning\/","url":"https:\/\/net-express-monaco.com\/services\/wedding-dress\/art-of-wedding-dress-cleaning\/","name":"L\u2019Art du Nettoyage des Robes de Mari\u00e9e - Net Express","isPartOf":{"@id":"https:\/\/net-express-monaco.com\/#website"},"primaryImageOfPage":{"@id":"https:\/\/net-express-monaco.com\/services\/wedding-dress\/art-of-wedding-dress-cleaning\/#primaryimage"},"image":{"@id":"https:\/\/net-express-monaco.com\/services\/wedding-dress\/art-of-wedding-dress-cleaning\/#primaryimage"},"thumbnailUrl":"https:\/\/net-express-monaco.com\/wp-content\/uploads\/2016\/08\/wedding_dress2_lg.jpg","datePublished":"2016-08-19T22:57:15+00:00","dateModified":"2016-09-06T23:15:18+00:00","breadcrumb":{"@id":"https:\/\/net-express-monaco.com\/services\/wedding-dress\/art-of-wedding-dress-cleaning\/#breadcrumb"},"inLanguage":"fr-FR","potentialAction":[{"@type":"ReadAction","target":["https:\/\/net-express-monaco.com\/services\/wedding-dress\/art-of-wedding-dress-cleaning\/"]}]},{"@type":"ImageObject","inLanguage":"fr-FR","@id":"https:\/\/net-express-monaco.com\/services\/wedding-dress\/art-of-wedding-dress-cleaning\/#primaryimage","url":"https:\/\/net-express-monaco.com\/wp-content\/uploads\/2016\/08\/wedding_dress2_lg.jpg","contentUrl":"https:\/\/net-express-monaco.com\/wp-content\/uploads\/2016\/08\/wedding_dress2_lg.jpg","width":1100,"height":410},{"@type":"BreadcrumbList","@id":"https:\/\/net-express-monaco.com\/services\/wedding-dress\/art-of-wedding-dress-cleaning\/#breadcrumb","itemListElement":[{"@type":"ListItem","position":1,"name":"Home","item":"https:\/\/net-express-monaco.com\/"},{"@type":"ListItem","position":2,"name":"Services","item":"https:\/\/net-express-monaco.com\/fr\/services\/"},{"@type":"ListItem","position":3,"name":"Wedding Dress","item":"https:\/\/net-express-monaco.com\/services\/wedding-dress\/"},{"@type":"ListItem","position":4,"name":"The Art of Wedding Dress Cleaning"}]},{"@type":"WebSite","@id":"https:\/\/net-express-monaco.com\/#website","url":"https:\/\/net-express-monaco.com\/","name":"Net Express","description":"","potentialAction":[{"@type":"SearchAction","target":{"@type":"EntryPoint","urlTemplate":"https:\/\/net-express-monaco.com\/?s={search_term_string}"},"query-input":{"@type":"PropertyValueSpecification","valueRequired":true,"valueName":"search_term_string"}}],"inLanguage":"fr-FR"}]}},"_links":{"self":[{"href":"https:\/\/net-express-monaco.com\/fr\/wp-json\/wp\/v2\/pages\/237","targetHints":{"allow":["GET"]}}],"collection":[{"href":"https:\/\/net-express-monaco.com\/fr\/wp-json\/wp\/v2\/pages"}],"about":[{"href":"https:\/\/net-express-monaco.com\/fr\/wp-json\/wp\/v2\/types\/page"}],"author":[{"embeddable":true,"href":"https:\/\/net-express-monaco.com\/fr\/wp-json\/wp\/v2\/users\/2"}],"replies":[{"embeddable":true,"href":"https:\/\/net-express-monaco.com\/fr\/wp-json\/wp\/v2\/comments?post=237"}],"version-history":[{"count":7,"href":"https:\/\/net-express-monaco.com\/fr\/wp-json\/wp\/v2\/pages\/237\/revisions"}],"predecessor-version":[{"id":522,"href":"https:\/\/net-express-monaco.com\/fr\/wp-json\/wp\/v2\/pages\/237\/revisions\/522"}],"up":[{"embeddable":true,"href":"https:\/\/net-express-monaco.com\/fr\/wp-json\/wp\/v2\/pages\/171"}],"wp:featuredmedia":[{"embeddable":true,"href":"https:\/\/net-express-monaco.com\/fr\/wp-json\/wp\/v2\/media\/239"}],"wp:attachment":[{"href":"https:\/\/net-express-monaco.com\/fr\/wp-json\/wp\/v2\/media?parent=237"}],"curies":[{"name":"wp","href":"https:\/\/api.w.org\/{rel}","templated":true}]}}