{"id":248,"date":"2016-08-19T23:29:43","date_gmt":"2016-08-19T23:29:43","guid":{"rendered":"http:\/\/net-express-monaco.com.104-236-152-216.digital-ranch.net\/?page_id=248"},"modified":"2023-03-25T01:12:14","modified_gmt":"2023-03-25T01:12:14","slug":"locations","status":"publish","type":"page","link":"https:\/\/net-express-monaco.com\/fr\/locations\/","title":{"rendered":"Locations"},"content":{"rendered":"<p style=\"text-align: center; font-size: 1.2em;\"><strong><span style=\"white-space: nowrap;\">Ouverture du lundi au vendredi<\/span> &nbsp; | &nbsp; <span style=\"white-space: nowrap;\">8.30 \u2013 18.00 h&nbsp;&nbsp;<\/span> Non-Stop<\/strong><\/p>\n<div class=\"container\">\n<div class=\"two columns\">&nbsp;<\/div>\n<div class=\"six columns\">\n<p><img loading=\"lazy\" decoding=\"async\" class=\"alignnone size-full wp-image-338 aligncenter\" src=\"\/wp-content\/uploads\/2016\/08\/palais-de-la-scala_sm.jpg\" alt=\"palais-de-la-scala_sm\" width=\"234\" height=\"312\" srcset=\"https:\/\/net-express-monaco.com\/wp-content\/uploads\/2016\/08\/palais-de-la-scala_sm.jpg 234w, https:\/\/net-express-monaco.com\/wp-content\/uploads\/2016\/08\/palais-de-la-scala_sm-225x300.jpg 225w\" sizes=\"auto, (max-width: 234px) 100vw, 234px\" \/><\/p>\n<h4 style=\"text-align: center;\">Palais de la Scala \u2013<br \/>\n1, av. Henry Dunant<\/h4>\n<p style=\"text-align: center;\">(\u00c0 l&#8217;int\u00e9rieur de la galerie &#8220;La scala&#8221;<br \/>\n\u00e0 c\u00f4t\u00e9 de l&#8217;h\u00f4tel Hermitage)<\/p>\n<p style=\"text-align: center;\"><a href=\"tel:+37793509696\">+ 377 93509696<\/a><\/p>\n<\/div>\n<div class=\"six columns\">\n<p><img loading=\"lazy\" decoding=\"async\" class=\"alignnone size-full wp-image-339 aligncenter\" src=\"\/wp-content\/uploads\/2016\/08\/place-des-moulins_sm.jpg\" alt=\"place-des-moulins_sm\" width=\"234\" height=\"312\" srcset=\"https:\/\/net-express-monaco.com\/wp-content\/uploads\/2016\/08\/place-des-moulins_sm.jpg 234w, https:\/\/net-express-monaco.com\/wp-content\/uploads\/2016\/08\/place-des-moulins_sm-225x300.jpg 225w\" sizes=\"auto, (max-width: 234px) 100vw, 234px\" \/><\/p>\n<h4 style=\"text-align: center;\">Le Continental<br \/>\nPlace des Moulins<\/h4>\n<p style=\"text-align: center;\">(A c\u00f4t\u00e9 de la Poste)<\/p>\n<p style=\"text-align: center;\"><a href=\"tel:+37797702541\">+377 97702541<\/a><\/p>\n<\/div>\n<div class=\"two columns\">&nbsp;<\/div>\n<\/div>\n<div class=\"container\">\n<div class=\"four columns\"><span class=\"tmp\">&nbsp;<\/span><\/div>\n<div class=\"eight columns\">\n<p><img loading=\"lazy\" decoding=\"async\" class=\"alignnone wp-image-369 size-full aligncenter\" src=\"\/wp-content\/uploads\/2016\/08\/van_sm.jpg\" width=\"510\" height=\"306\" srcset=\"https:\/\/net-express-monaco.com\/wp-content\/uploads\/2016\/08\/van_sm.jpg 510w, https:\/\/net-express-monaco.com\/wp-content\/uploads\/2016\/08\/van_sm-300x180.jpg 300w\" sizes=\"auto, (max-width: 510px) 100vw, 510px\" \/><\/p>\n<h4 style=\"text-align: center;\">Livraison \u00e0 domicile gratuit<\/h4>\n<p style=\"text-align: center;\">Pour plus d&#8217;informations&nbsp;<a href=\"\/fr\/schedule-pick-up\/\">voir Enl\u00e8vement<\/a>.<\/p>\n<\/div>\n<div class=\"four columns\"><span class=\"tmp\">&nbsp;<\/span><\/div>\n<\/div>\n<p><iframe loading=\"lazy\" style=\"width: 100%;\" src=\"https:\/\/www.google.com\/maps\/d\/embed?mid=1eHR34bqMf75qilP_WNL6oRvtN1A\" width=\"100%\" height=\"480\"><\/iframe><\/p>\n","protected":false},"excerpt":{"rendered":"<p>Ouverture du lundi au vendredi &nbsp; | &nbsp; 8.30 \u2013 18.00 h&nbsp;&nbsp; Non-Stop &nbsp; Palais de la Scala \u2013 1,<\/p>\n<p class=\"readmore\"><a href=\"https:\/\/net-express-monaco.com\/fr\/locations\/\" title=\"Read Locations\">Read more &raquo;<\/a><\/p>\n","protected":false},"author":2,"featured_media":25,"parent":0,"menu_order":7,"comment_status":"closed","ping_status":"closed","template":"page-no-sidebar.php","meta":{"footnotes":""},"class_list":["post-248","page","type-page","status-publish","has-post-thumbnail","hentry"],"translation":{"provider":"WPGlobus","version":"3.0.2","language":"fr","enabled_languages":["en","fr"],"languages":{"en":{"title":true,"content":true,"excerpt":false},"fr":{"title":false,"content":true,"excerpt":false}}},"yoast_head":"<!-- This site is optimized with the Yoast SEO plugin v27.4 - https:\/\/yoast.com\/product\/yoast-seo-wordpress\/ -->\n<title>Locations - Net Express<\/title>\n<meta name=\"robots\" content=\"index, follow, max-snippet:-1, max-image-preview:large, max-video-preview:-1\" \/>\n<link rel=\"canonical\" href=\"https:\/\/net-express-monaco.com\/locations\/\" \/>\n<meta property=\"og:locale\" content=\"fr_FR\" \/>\n<meta property=\"og:type\" content=\"article\" \/>\n<meta property=\"og:title\" content=\"Locations - Net Express\" \/>\n<meta property=\"og:url\" content=\"https:\/\/net-express-monaco.com\/locations\/\" \/>\n<meta property=\"og:site_name\" content=\"Net Express\" \/>\n<meta property=\"article:modified_time\" content=\"2023-03-25T01:12:14+00:00\" \/>\n<meta property=\"og:image\" content=\"https:\/\/net-express-monaco.com\/wp-content\/uploads\/2016\/08\/home-mainImage.jpg\" \/>\n\t<meta property=\"og:image:width\" content=\"1100\" \/>\n\t<meta property=\"og:image:height\" content=\"410\" \/>\n\t<meta property=\"og:image:type\" content=\"image\/jpeg\" \/>\n<meta name=\"twitter:card\" content=\"summary_large_image\" \/>\n<meta name=\"twitter:label1\" content=\"Dur\u00e9e de lecture estim\u00e9e\" \/>\n\t<meta name=\"twitter:data1\" content=\"1 minute\" \/>\n<script type=\"application\/ld+json\" class=\"yoast-schema-graph\">{\"@context\":\"https:\\\/\\\/schema.org\",\"@graph\":[{\"@type\":\"WebPage\",\"@id\":\"https:\\\/\\\/net-express-monaco.com\\\/locations\\\/\",\"url\":\"https:\\\/\\\/net-express-monaco.com\\\/locations\\\/\",\"name\":\"Locations - Net Express\",\"isPartOf\":{\"@id\":\"https:\\\/\\\/net-express-monaco.com\\\/#website\"},\"primaryImageOfPage\":{\"@id\":\"https:\\\/\\\/net-express-monaco.com\\\/locations\\\/#primaryimage\"},\"image\":{\"@id\":\"https:\\\/\\\/net-express-monaco.com\\\/locations\\\/#primaryimage\"},\"thumbnailUrl\":\"https:\\\/\\\/net-express-monaco.com\\\/wp-content\\\/uploads\\\/2016\\\/08\\\/home-mainImage.jpg\",\"datePublished\":\"2016-08-19T23:29:43+00:00\",\"dateModified\":\"2023-03-25T01:12:14+00:00\",\"breadcrumb\":{\"@id\":\"https:\\\/\\\/net-express-monaco.com\\\/locations\\\/#breadcrumb\"},\"inLanguage\":\"fr-FR\",\"potentialAction\":[{\"@type\":\"ReadAction\",\"target\":[\"https:\\\/\\\/net-express-monaco.com\\\/locations\\\/\"]}]},{\"@type\":\"ImageObject\",\"inLanguage\":\"fr-FR\",\"@id\":\"https:\\\/\\\/net-express-monaco.com\\\/locations\\\/#primaryimage\",\"url\":\"https:\\\/\\\/net-express-monaco.com\\\/wp-content\\\/uploads\\\/2016\\\/08\\\/home-mainImage.jpg\",\"contentUrl\":\"https:\\\/\\\/net-express-monaco.com\\\/wp-content\\\/uploads\\\/2016\\\/08\\\/home-mainImage.jpg\",\"width\":1100,\"height\":410},{\"@type\":\"BreadcrumbList\",\"@id\":\"https:\\\/\\\/net-express-monaco.com\\\/locations\\\/#breadcrumb\",\"itemListElement\":[{\"@type\":\"ListItem\",\"position\":1,\"name\":\"Home\",\"item\":\"https:\\\/\\\/net-express-monaco.com\\\/\"},{\"@type\":\"ListItem\",\"position\":2,\"name\":\"Locations\"}]},{\"@type\":\"WebSite\",\"@id\":\"https:\\\/\\\/net-express-monaco.com\\\/#website\",\"url\":\"https:\\\/\\\/net-express-monaco.com\\\/\",\"name\":\"Net Express\",\"description\":\"\",\"potentialAction\":[{\"@type\":\"SearchAction\",\"target\":{\"@type\":\"EntryPoint\",\"urlTemplate\":\"https:\\\/\\\/net-express-monaco.com\\\/?s={search_term_string}\"},\"query-input\":{\"@type\":\"PropertyValueSpecification\",\"valueRequired\":true,\"valueName\":\"search_term_string\"}}],\"inLanguage\":\"fr-FR\"}]}<\/script>\n<!-- \/ Yoast SEO plugin. -->","yoast_head_json":{"title":"Locations - Net Express","robots":{"index":"index","follow":"follow","max-snippet":"max-snippet:-1","max-image-preview":"max-image-preview:large","max-video-preview":"max-video-preview:-1"},"canonical":"https:\/\/net-express-monaco.com\/locations\/","og_locale":"fr_FR","og_type":"article","og_title":"Locations - Net Express","og_url":"https:\/\/net-express-monaco.com\/locations\/","og_site_name":"Net Express","article_modified_time":"2023-03-25T01:12:14+00:00","og_image":[{"width":1100,"height":410,"url":"https:\/\/net-express-monaco.com\/wp-content\/uploads\/2016\/08\/home-mainImage.jpg","type":"image\/jpeg"}],"twitter_card":"summary_large_image","twitter_misc":{"Dur\u00e9e de lecture estim\u00e9e":"1 minute"},"schema":{"@context":"https:\/\/schema.org","@graph":[{"@type":"WebPage","@id":"https:\/\/net-express-monaco.com\/locations\/","url":"https:\/\/net-express-monaco.com\/locations\/","name":"Locations - Net Express","isPartOf":{"@id":"https:\/\/net-express-monaco.com\/#website"},"primaryImageOfPage":{"@id":"https:\/\/net-express-monaco.com\/locations\/#primaryimage"},"image":{"@id":"https:\/\/net-express-monaco.com\/locations\/#primaryimage"},"thumbnailUrl":"https:\/\/net-express-monaco.com\/wp-content\/uploads\/2016\/08\/home-mainImage.jpg","datePublished":"2016-08-19T23:29:43+00:00","dateModified":"2023-03-25T01:12:14+00:00","breadcrumb":{"@id":"https:\/\/net-express-monaco.com\/locations\/#breadcrumb"},"inLanguage":"fr-FR","potentialAction":[{"@type":"ReadAction","target":["https:\/\/net-express-monaco.com\/locations\/"]}]},{"@type":"ImageObject","inLanguage":"fr-FR","@id":"https:\/\/net-express-monaco.com\/locations\/#primaryimage","url":"https:\/\/net-express-monaco.com\/wp-content\/uploads\/2016\/08\/home-mainImage.jpg","contentUrl":"https:\/\/net-express-monaco.com\/wp-content\/uploads\/2016\/08\/home-mainImage.jpg","width":1100,"height":410},{"@type":"BreadcrumbList","@id":"https:\/\/net-express-monaco.com\/locations\/#breadcrumb","itemListElement":[{"@type":"ListItem","position":1,"name":"Home","item":"https:\/\/net-express-monaco.com\/"},{"@type":"ListItem","position":2,"name":"Locations"}]},{"@type":"WebSite","@id":"https:\/\/net-express-monaco.com\/#website","url":"https:\/\/net-express-monaco.com\/","name":"Net Express","description":"","potentialAction":[{"@type":"SearchAction","target":{"@type":"EntryPoint","urlTemplate":"https:\/\/net-express-monaco.com\/?s={search_term_string}"},"query-input":{"@type":"PropertyValueSpecification","valueRequired":true,"valueName":"search_term_string"}}],"inLanguage":"fr-FR"}]}},"_links":{"self":[{"href":"https:\/\/net-express-monaco.com\/fr\/wp-json\/wp\/v2\/pages\/248","targetHints":{"allow":["GET"]}}],"collection":[{"href":"https:\/\/net-express-monaco.com\/fr\/wp-json\/wp\/v2\/pages"}],"about":[{"href":"https:\/\/net-express-monaco.com\/fr\/wp-json\/wp\/v2\/types\/page"}],"author":[{"embeddable":true,"href":"https:\/\/net-express-monaco.com\/fr\/wp-json\/wp\/v2\/users\/2"}],"replies":[{"embeddable":true,"href":"https:\/\/net-express-monaco.com\/fr\/wp-json\/wp\/v2\/comments?post=248"}],"version-history":[{"count":44,"href":"https:\/\/net-express-monaco.com\/fr\/wp-json\/wp\/v2\/pages\/248\/revisions"}],"predecessor-version":[{"id":2077,"href":"https:\/\/net-express-monaco.com\/fr\/wp-json\/wp\/v2\/pages\/248\/revisions\/2077"}],"wp:featuredmedia":[{"embeddable":true,"href":"https:\/\/net-express-monaco.com\/fr\/wp-json\/wp\/v2\/media\/25"}],"wp:attachment":[{"href":"https:\/\/net-express-monaco.com\/fr\/wp-json\/wp\/v2\/media?parent=248"}],"curies":[{"name":"wp","href":"https:\/\/api.w.org\/{rel}","templated":true}]}}