{"id":353,"date":"2016-08-30T17:38:55","date_gmt":"2016-08-30T17:38:55","guid":{"rendered":"http:\/\/net-express-monaco.com.104-236-152-216.digital-ranch.net\/?page_id=353"},"modified":"2016-09-13T23:02:01","modified_gmt":"2016-09-13T23:02:01","slug":"price-list","status":"publish","type":"page","link":"https:\/\/net-express-monaco.com\/fr\/about\/price-list\/","title":{"rendered":"Price List"},"content":{"rendered":"<div class=\"container pricelist\">\n<div class=\"two columns\"><span class=\"tmp\">\u00a0 <\/span><\/div>\n<div class=\"six columns\">\n<h3>NETTOYAGE A SEC<\/h3>\n<table>\n<tbody>\n<tr>\n<td>Veste<\/td>\n<td>13.00 \u20ac<\/td>\n<\/tr>\n<tr>\n<td>Pantalon<\/td>\n<td>11.00 \u20ac<\/td>\n<\/tr>\n<tr>\n<td>Blouson<\/td>\n<td>25.00 \u20ac<\/td>\n<\/tr>\n<tr>\n<td>Short \/ Bermuda<\/td>\n<td>8.50 \u20ac<\/td>\n<\/tr>\n<tr>\n<td>Jupe<\/td>\n<td>12.00 \u20ac<\/td>\n<\/tr>\n<tr>\n<td>Robe<\/td>\n<td>22.00 \u20ac<\/td>\n<\/tr>\n<tr>\n<td>Robe Soie\/Lin<\/td>\n<td>29.00 \u20ac<\/td>\n<\/tr>\n<tr>\n<td>Robe avec plis, strass, perles<\/td>\n<td>38.00 \u20ac<\/td>\n<\/tr>\n<tr>\n<td>Robe longue<\/td>\n<td>35.00 \u20ac<\/td>\n<\/tr>\n<tr>\n<td>Robe longue Soie\/Lin<\/td>\n<td>45.00 \u20ac<\/td>\n<\/tr>\n<tr>\n<td>Robe longue avec plis, strass, perles<\/td>\n<td>50.00 \u20ac<\/td>\n<\/tr>\n<\/tbody>\n<\/table>\n<table>\n<tbody>\n<tr>\n<td>Robe de mari\u00e9e \u00e0 partir de<\/td>\n<td>190.00 \u20ac &amp; up<\/td>\n<\/tr>\n<\/tbody>\n<\/table>\n<table>\n<tbody>\n<tr>\n<td>Manteau<\/td>\n<td>27.00 \u20ac<\/td>\n<\/tr>\n<tr>\n<td>Imperm\u00e9able<\/td>\n<td>28.00 \u20ac<\/td>\n<\/tr>\n<tr>\n<td>Parka<\/td>\n<td>34.00 \u20ac<\/td>\n<\/tr>\n<tr>\n<td>Chemisier \/ Corsage<\/td>\n<td>12.00 \u20ac<\/td>\n<\/tr>\n<tr>\n<td>Tee-shirt<\/td>\n<td>5.50 \u20ac<\/td>\n<\/tr>\n<tr>\n<td>Polo<\/td>\n<td>6.50 \u20ac<\/td>\n<\/tr>\n<tr>\n<td>Pull<\/td>\n<td>9.00 \u20ac<\/td>\n<\/tr>\n<tr>\n<td>Gilet<\/td>\n<td>12.00 \u20ac<\/td>\n<\/tr>\n<tr>\n<td>Cravate<\/td>\n<td>6.50 \u20ac<\/td>\n<\/tr>\n<tr>\n<td>Foulard<\/td>\n<td>7.50 \u20ac<\/td>\n<\/tr>\n<\/tbody>\n<\/table>\n<h3>CUIR &amp; FOURRURE<\/h3>\n<table>\n<tbody>\n<tr>\n<td>Pantalon<\/td>\n<td>170.00 \u20ac<\/td>\n<\/tr>\n<tr>\n<td>Veste<\/td>\n<td>170.00 \u20ac<\/td>\n<\/tr>\n<tr>\n<td>Jupe<\/td>\n<td>170.00 \u20ac<\/td>\n<\/tr>\n<tr>\n<td>Gant<\/td>\n<td>40.00 \u20ac<\/td>\n<\/tr>\n<\/tbody>\n<\/table>\n<\/div>\n<div class=\"six columns\">\n<h3>BLANCHISSERIE<\/h3>\n<table>\n<tbody>\n<tr>\n<td>Chemise s\/c ou pli\u00e9<\/td>\n<td>8.00 \u20ac<\/td>\n<\/tr>\n<tr>\n<td>Drap\/Drap housse<\/td>\n<td>6.50 \u20ac<\/td>\n<\/tr>\n<tr>\n<td>Housse de couette<\/td>\n<td>10.00 \u20ac<\/td>\n<\/tr>\n<tr>\n<td>Taie oreiller<\/td>\n<td>4.50 \u20ac<\/td>\n<\/tr>\n<tr>\n<td>Oreiller<\/td>\n<td>15.00 \u20ac<\/td>\n<\/tr>\n<tr>\n<td>Couette<\/td>\n<td>36.00 \u20ac<\/td>\n<\/tr>\n<tr>\n<td>Drap de Bain<\/td>\n<td>6.50 \u20ac<\/td>\n<\/tr>\n<tr>\n<td>Serviette de Bain<\/td>\n<td>5.50 \u20ac<\/td>\n<\/tr>\n<tr>\n<td>Tapis de Bain<\/td>\n<td>5.00 \u20ac<\/td>\n<\/tr>\n<tr>\n<td>Peignoir de Bain<\/td>\n<td>16.00 \u20ac<\/td>\n<\/tr>\n<\/tbody>\n<\/table>\n<table>\n<tbody>\n<tr>\n<td>Nappe \u00e0 partir de<\/td>\n<td>21.00 \u20ac &amp; up<\/td>\n<\/tr>\n<\/tbody>\n<\/table>\n<table>\n<tbody>\n<tr>\n<td>Nappe Banquet<\/td>\n<td>42.00 \u20ac<\/td>\n<\/tr>\n<\/tbody>\n<\/table>\n<h3>SAC \u00c0 MAIN &amp; CHAUSSURES<\/h3>\n<table>\n<tbody>\n<tr>\n<td>Sac \u00e0 main<\/td>\n<td>Prix sur demande<\/td>\n<\/tr>\n<\/tbody>\n<\/table>\n<table>\n<tbody>\n<tr>\n<td>Chaussures R\u00e9paration\/Nettoyage<\/td>\n<td>Prix sur demande<\/td>\n<\/tr>\n<\/tbody>\n<\/table>\n<h3>RIDEAUX<\/h3>\n<table>\n<tbody>\n<tr>\n<td>Simple le m\u00b2<\/td>\n<td>9.00 \u20ac<\/td>\n<\/tr>\n<tr>\n<td>Doubl\u00e9 le m\u00b2<\/td>\n<td>11.00 \u20ac<\/td>\n<\/tr>\n<tr>\n<td>Voilage le m\u00b2<\/td>\n<td>5.00 \u20ac<\/td>\n<\/tr>\n<\/tbody>\n<\/table>\n<h3>TAPIS<\/h3>\n<table>\n<tbody>\n<tr>\n<td>le m\u00b2<\/td>\n<td>26.50 \u20ac<\/td>\n<\/tr>\n<\/tbody>\n<\/table>\n<\/div>\n<div class=\"two columns\"><span class=\"tmp\">\u00a0 <\/span><\/div>\n<\/div>\n<p style=\"text-align: center; margin-top: 15px;\">Cette liste de prix correspond au tarif en d\u00e9lai normal 4 jours ouvr\u00e9s. En cas de d\u00e9lai express \u00ab 48h \u00bb une majoration de 50% sera appliqu\u00e9e.<\/p>\n","protected":false},"excerpt":{"rendered":"<p>\u00a0 NETTOYAGE A SEC Veste 13.00 \u20ac Pantalon 11.00 \u20ac Blouson 25.00 \u20ac Short \/ Bermuda 8.50 \u20ac Jupe 12.00<\/p>\n<p class=\"readmore\"><a href=\"https:\/\/net-express-monaco.com\/fr\/about\/price-list\/\" title=\"Read Price List\">Read more &raquo;<\/a><\/p>\n","protected":false},"author":2,"featured_media":222,"parent":69,"menu_order":4,"comment_status":"closed","ping_status":"closed","template":"page-no-sidebar.php","meta":{"footnotes":""},"class_list":["post-353","page","type-page","status-publish","has-post-thumbnail","hentry"],"translation":{"provider":"WPGlobus","version":"3.0.2","language":"fr","enabled_languages":["en","fr"],"languages":{"en":{"title":true,"content":true,"excerpt":false},"fr":{"title":true,"content":true,"excerpt":false}}},"yoast_head":"<!-- This site is optimized with the Yoast SEO plugin v27.3 - https:\/\/yoast.com\/product\/yoast-seo-wordpress\/ -->\n<title>Price List - Net Express<\/title>\n<meta name=\"robots\" content=\"index, follow, max-snippet:-1, max-image-preview:large, max-video-preview:-1\" \/>\n<link rel=\"canonical\" href=\"https:\/\/net-express-monaco.com\/fr\/about\/price-list\/\" \/>\n<meta property=\"og:locale\" content=\"fr_FR\" \/>\n<meta property=\"og:type\" content=\"article\" \/>\n<meta property=\"og:title\" content=\"Price List - Net Express\" \/>\n<meta property=\"og:url\" content=\"https:\/\/net-express-monaco.com\/fr\/about\/price-list\/\" \/>\n<meta property=\"og:site_name\" content=\"Net Express\" \/>\n<meta property=\"article:modified_time\" content=\"2016-09-13T23:02:01+00:00\" \/>\n<meta property=\"og:image\" content=\"https:\/\/net-express-monaco.com\/wp-content\/uploads\/2016\/08\/pricelist_lg.jpg\" \/>\n\t<meta property=\"og:image:width\" content=\"1100\" \/>\n\t<meta property=\"og:image:height\" content=\"410\" \/>\n\t<meta property=\"og:image:type\" content=\"image\/jpeg\" \/>\n<meta name=\"twitter:card\" content=\"summary_large_image\" \/>\n<meta name=\"twitter:label1\" content=\"Dur\u00e9e de lecture estim\u00e9e\" \/>\n\t<meta name=\"twitter:data1\" content=\"1 minute\" \/>\n<script type=\"application\/ld+json\" class=\"yoast-schema-graph\">{\"@context\":\"https:\\\/\\\/schema.org\",\"@graph\":[{\"@type\":\"WebPage\",\"@id\":\"https:\\\/\\\/net-express-monaco.com\\\/fr\\\/about\\\/price-list\\\/\",\"url\":\"https:\\\/\\\/net-express-monaco.com\\\/fr\\\/about\\\/price-list\\\/\",\"name\":\"Price List - Net Express\",\"isPartOf\":{\"@id\":\"https:\\\/\\\/net-express-monaco.com\\\/#website\"},\"primaryImageOfPage\":{\"@id\":\"https:\\\/\\\/net-express-monaco.com\\\/fr\\\/about\\\/price-list\\\/#primaryimage\"},\"image\":{\"@id\":\"https:\\\/\\\/net-express-monaco.com\\\/fr\\\/about\\\/price-list\\\/#primaryimage\"},\"thumbnailUrl\":\"https:\\\/\\\/net-express-monaco.com\\\/wp-content\\\/uploads\\\/2016\\\/08\\\/pricelist_lg.jpg\",\"datePublished\":\"2016-08-30T17:38:55+00:00\",\"dateModified\":\"2016-09-13T23:02:01+00:00\",\"description\":\"A list of prices for our services.\",\"breadcrumb\":{\"@id\":\"https:\\\/\\\/net-express-monaco.com\\\/fr\\\/about\\\/price-list\\\/#breadcrumb\"},\"inLanguage\":\"fr-FR\",\"potentialAction\":[{\"@type\":\"ReadAction\",\"target\":[\"https:\\\/\\\/net-express-monaco.com\\\/fr\\\/about\\\/price-list\\\/\"]}]},{\"@type\":\"ImageObject\",\"inLanguage\":\"fr-FR\",\"@id\":\"https:\\\/\\\/net-express-monaco.com\\\/fr\\\/about\\\/price-list\\\/#primaryimage\",\"url\":\"https:\\\/\\\/net-express-monaco.com\\\/wp-content\\\/uploads\\\/2016\\\/08\\\/pricelist_lg.jpg\",\"contentUrl\":\"https:\\\/\\\/net-express-monaco.com\\\/wp-content\\\/uploads\\\/2016\\\/08\\\/pricelist_lg.jpg\",\"width\":1100,\"height\":410},{\"@type\":\"BreadcrumbList\",\"@id\":\"https:\\\/\\\/net-express-monaco.com\\\/fr\\\/about\\\/price-list\\\/#breadcrumb\",\"itemListElement\":[{\"@type\":\"ListItem\",\"position\":1,\"name\":\"Home\",\"item\":\"https:\\\/\\\/net-express-monaco.com\\\/\"},{\"@type\":\"ListItem\",\"position\":2,\"name\":\"About\",\"item\":\"https:\\\/\\\/net-express-monaco.com\\\/about\\\/\"},{\"@type\":\"ListItem\",\"position\":3,\"name\":\"Price List\"}]},{\"@type\":\"WebSite\",\"@id\":\"https:\\\/\\\/net-express-monaco.com\\\/#website\",\"url\":\"https:\\\/\\\/net-express-monaco.com\\\/\",\"name\":\"Net Express\",\"description\":\"\",\"potentialAction\":[{\"@type\":\"SearchAction\",\"target\":{\"@type\":\"EntryPoint\",\"urlTemplate\":\"https:\\\/\\\/net-express-monaco.com\\\/?s={search_term_string}\"},\"query-input\":{\"@type\":\"PropertyValueSpecification\",\"valueRequired\":true,\"valueName\":\"search_term_string\"}}],\"inLanguage\":\"fr-FR\"}]}<\/script>\n<!-- \/ Yoast SEO plugin. -->","yoast_head_json":{"title":"Price List - Net Express","robots":{"index":"index","follow":"follow","max-snippet":"max-snippet:-1","max-image-preview":"max-image-preview:large","max-video-preview":"max-video-preview:-1"},"canonical":"https:\/\/net-express-monaco.com\/fr\/about\/price-list\/","og_locale":"fr_FR","og_type":"article","og_title":"Price List - Net Express","og_url":"https:\/\/net-express-monaco.com\/fr\/about\/price-list\/","og_site_name":"Net Express","article_modified_time":"2016-09-13T23:02:01+00:00","og_image":[{"width":1100,"height":410,"url":"https:\/\/net-express-monaco.com\/wp-content\/uploads\/2016\/08\/pricelist_lg.jpg","type":"image\/jpeg"}],"twitter_card":"summary_large_image","twitter_misc":{"Dur\u00e9e de lecture estim\u00e9e":"1 minute"},"schema":{"@context":"https:\/\/schema.org","@graph":[{"@type":"WebPage","@id":"https:\/\/net-express-monaco.com\/fr\/about\/price-list\/","url":"https:\/\/net-express-monaco.com\/fr\/about\/price-list\/","name":"Price List - Net Express","isPartOf":{"@id":"https:\/\/net-express-monaco.com\/#website"},"primaryImageOfPage":{"@id":"https:\/\/net-express-monaco.com\/fr\/about\/price-list\/#primaryimage"},"image":{"@id":"https:\/\/net-express-monaco.com\/fr\/about\/price-list\/#primaryimage"},"thumbnailUrl":"https:\/\/net-express-monaco.com\/wp-content\/uploads\/2016\/08\/pricelist_lg.jpg","datePublished":"2016-08-30T17:38:55+00:00","dateModified":"2016-09-13T23:02:01+00:00","description":"A list of prices for our services.","breadcrumb":{"@id":"https:\/\/net-express-monaco.com\/fr\/about\/price-list\/#breadcrumb"},"inLanguage":"fr-FR","potentialAction":[{"@type":"ReadAction","target":["https:\/\/net-express-monaco.com\/fr\/about\/price-list\/"]}]},{"@type":"ImageObject","inLanguage":"fr-FR","@id":"https:\/\/net-express-monaco.com\/fr\/about\/price-list\/#primaryimage","url":"https:\/\/net-express-monaco.com\/wp-content\/uploads\/2016\/08\/pricelist_lg.jpg","contentUrl":"https:\/\/net-express-monaco.com\/wp-content\/uploads\/2016\/08\/pricelist_lg.jpg","width":1100,"height":410},{"@type":"BreadcrumbList","@id":"https:\/\/net-express-monaco.com\/fr\/about\/price-list\/#breadcrumb","itemListElement":[{"@type":"ListItem","position":1,"name":"Home","item":"https:\/\/net-express-monaco.com\/"},{"@type":"ListItem","position":2,"name":"About","item":"https:\/\/net-express-monaco.com\/about\/"},{"@type":"ListItem","position":3,"name":"Price List"}]},{"@type":"WebSite","@id":"https:\/\/net-express-monaco.com\/#website","url":"https:\/\/net-express-monaco.com\/","name":"Net Express","description":"","potentialAction":[{"@type":"SearchAction","target":{"@type":"EntryPoint","urlTemplate":"https:\/\/net-express-monaco.com\/?s={search_term_string}"},"query-input":{"@type":"PropertyValueSpecification","valueRequired":true,"valueName":"search_term_string"}}],"inLanguage":"fr-FR"}]}},"_links":{"self":[{"href":"https:\/\/net-express-monaco.com\/fr\/wp-json\/wp\/v2\/pages\/353","targetHints":{"allow":["GET"]}}],"collection":[{"href":"https:\/\/net-express-monaco.com\/fr\/wp-json\/wp\/v2\/pages"}],"about":[{"href":"https:\/\/net-express-monaco.com\/fr\/wp-json\/wp\/v2\/types\/page"}],"author":[{"embeddable":true,"href":"https:\/\/net-express-monaco.com\/fr\/wp-json\/wp\/v2\/users\/2"}],"replies":[{"embeddable":true,"href":"https:\/\/net-express-monaco.com\/fr\/wp-json\/wp\/v2\/comments?post=353"}],"version-history":[{"count":21,"href":"https:\/\/net-express-monaco.com\/fr\/wp-json\/wp\/v2\/pages\/353\/revisions"}],"predecessor-version":[{"id":586,"href":"https:\/\/net-express-monaco.com\/fr\/wp-json\/wp\/v2\/pages\/353\/revisions\/586"}],"up":[{"embeddable":true,"href":"https:\/\/net-express-monaco.com\/fr\/wp-json\/wp\/v2\/pages\/69"}],"wp:featuredmedia":[{"embeddable":true,"href":"https:\/\/net-express-monaco.com\/fr\/wp-json\/wp\/v2\/media\/222"}],"wp:attachment":[{"href":"https:\/\/net-express-monaco.com\/fr\/wp-json\/wp\/v2\/media?parent=353"}],"curies":[{"name":"wp","href":"https:\/\/api.w.org\/{rel}","templated":true}]}}