{"id":62,"date":"2016-08-17T17:51:46","date_gmt":"2016-08-17T17:51:46","guid":{"rendered":"http:\/\/net-express-monaco.com.104-236-152-216.digital-ranch.net\/?page_id=62"},"modified":"2025-08-27T01:48:04","modified_gmt":"2025-08-27T01:48:04","slug":"schedule-pick-up","status":"publish","type":"page","link":"https:\/\/net-express-monaco.com\/fr\/schedule-pick-up\/","title":{"rendered":"Schedule Pick-Up"},"content":{"rendered":"<div class=\"container\">\n<div class=\"two columns\"><span class=\"tmp\">\u00a0<\/span><\/div>\n<div class=\"twelve columns\">\n<p style=\"text-align: center;\">Afin de planifier un enl\u00e8vement, veuillez nous envoyer ce formulaire. Votre adresse, votre email, ainsi que vos num\u00e9ros de carte de cr\u00e9dit sont indispensables et seront conserv\u00e9s crypt\u00e9s sur un serveur &#8211; Stripe.\u00a0Nous n\u2019acceptons plus d\u2019esp\u00e8ces\/de ch\u00e8ques pour nos livraisons \u00e0 domicile. Si vous souhaitez r\u00e9gler en esp\u00e8ces ou par ch\u00e8que, nous serons heureux de vous accueillir dans l\u2019un de nos <a href=\"\/locations\">trois magasins<\/a>.<\/p>\n<p style=\"text-align: center;\"><span style=\"line-height: 1.5;\">La livraison et l\u2019enl\u00e8vement sont gratuits \u00e0 Monaco. Nous offrons aussi des services de transport pour toute autre destination. Pour plus d\u2019informations sur le transport, contactez-nous par email \u00e0 l\u2019adresse <a href=\"mailto:info@net-express-monaco.com\">info@net-express-monaco.com<\/a>. Nos \u00e9quipes reviendront vers vous d\u00e8s que possible.<\/span><\/p>\n<p style=\"text-align: center;\">Afin d\u2019obtenir un r\u00e9sultat satisfaisant, le processus de nettoyage Net Express en sept \u00e9tapes prend g\u00e9n\u00e9ralement quatre jours ouvr\u00e9s. Net Express vous propose aussi un Service Express \u00ab 48 h \u00bb (une majoration de 50% sera appliqu\u00e9e).<\/p>\n<p style=\"text-align: center;\">consulter notre <a href=\"\/about\/price-list\/\">liste de prix<\/a>.<\/p>\n<\/div>\n<div class=\"two columns\"><span class=\"tmp\">\u00a0<\/span><\/div>\n<\/div>\n<p style=\"text-align: center;\"><a href=\"https:\/\/netexpress.smrtapp.com\/custx\/login\" rel=\"noopener\">Identifiez-vous \/ Inscrivez-vous<\/a><\/p>\n","protected":false},"excerpt":{"rendered":"<p>\u00a0 Afin de planifier un enl\u00e8vement, veuillez nous envoyer ce formulaire. Votre adresse, votre email, ainsi que vos num\u00e9ros de<\/p>\n<p class=\"readmore\"><a href=\"https:\/\/net-express-monaco.com\/fr\/schedule-pick-up\/\" title=\"Read Schedule Pick-Up\">Read more &raquo;<\/a><\/p>\n","protected":false},"author":3,"featured_media":347,"parent":0,"menu_order":5,"comment_status":"closed","ping_status":"closed","template":"page-no-sidebar.php","meta":{"footnotes":""},"class_list":["post-62","page","type-page","status-publish","has-post-thumbnail","hentry"],"translation":{"provider":"WPGlobus","version":"3.0.2","language":"fr","enabled_languages":["en","fr"],"languages":{"en":{"title":true,"content":true,"excerpt":false},"fr":{"title":false,"content":true,"excerpt":false}}},"yoast_head":"<!-- This site is optimized with the Yoast SEO plugin v27.4 - https:\/\/yoast.com\/product\/yoast-seo-wordpress\/ -->\n<title>Schedule Pick-Up - Net Express<\/title>\n<meta name=\"robots\" content=\"index, follow, max-snippet:-1, max-image-preview:large, max-video-preview:-1\" \/>\n<link rel=\"canonical\" href=\"https:\/\/net-express-monaco.com\/schedule-pick-up\/\" \/>\n<meta property=\"og:locale\" content=\"fr_FR\" \/>\n<meta property=\"og:type\" content=\"article\" \/>\n<meta property=\"og:title\" content=\"Schedule Pick-Up - Net Express\" \/>\n<meta property=\"og:url\" content=\"https:\/\/net-express-monaco.com\/schedule-pick-up\/\" \/>\n<meta property=\"og:site_name\" content=\"Net Express\" \/>\n<meta property=\"article:modified_time\" content=\"2025-08-27T01:48:04+00:00\" \/>\n<meta property=\"og:image\" content=\"https:\/\/net-express-monaco.com\/wp-content\/uploads\/2016\/08\/pick_up_lg-1.jpg\" \/>\n\t<meta property=\"og:image:width\" content=\"1100\" \/>\n\t<meta property=\"og:image:height\" content=\"410\" \/>\n\t<meta property=\"og:image:type\" content=\"image\/jpeg\" \/>\n<meta name=\"twitter:card\" content=\"summary_large_image\" \/>\n<meta name=\"twitter:label1\" content=\"Dur\u00e9e de lecture estim\u00e9e\" \/>\n\t<meta name=\"twitter:data1\" content=\"1 minute\" \/>\n<script type=\"application\/ld+json\" class=\"yoast-schema-graph\">{\"@context\":\"https:\\\/\\\/schema.org\",\"@graph\":[{\"@type\":\"WebPage\",\"@id\":\"https:\\\/\\\/net-express-monaco.com\\\/schedule-pick-up\\\/\",\"url\":\"https:\\\/\\\/net-express-monaco.com\\\/schedule-pick-up\\\/\",\"name\":\"Schedule Pick-Up - Net Express\",\"isPartOf\":{\"@id\":\"https:\\\/\\\/net-express-monaco.com\\\/#website\"},\"primaryImageOfPage\":{\"@id\":\"https:\\\/\\\/net-express-monaco.com\\\/schedule-pick-up\\\/#primaryimage\"},\"image\":{\"@id\":\"https:\\\/\\\/net-express-monaco.com\\\/schedule-pick-up\\\/#primaryimage\"},\"thumbnailUrl\":\"https:\\\/\\\/net-express-monaco.com\\\/wp-content\\\/uploads\\\/2016\\\/08\\\/pick_up_lg-1.jpg\",\"datePublished\":\"2016-08-17T17:51:46+00:00\",\"dateModified\":\"2025-08-27T01:48:04+00:00\",\"breadcrumb\":{\"@id\":\"https:\\\/\\\/net-express-monaco.com\\\/schedule-pick-up\\\/#breadcrumb\"},\"inLanguage\":\"fr-FR\",\"potentialAction\":[{\"@type\":\"ReadAction\",\"target\":[\"https:\\\/\\\/net-express-monaco.com\\\/schedule-pick-up\\\/\"]}]},{\"@type\":\"ImageObject\",\"inLanguage\":\"fr-FR\",\"@id\":\"https:\\\/\\\/net-express-monaco.com\\\/schedule-pick-up\\\/#primaryimage\",\"url\":\"https:\\\/\\\/net-express-monaco.com\\\/wp-content\\\/uploads\\\/2016\\\/08\\\/pick_up_lg-1.jpg\",\"contentUrl\":\"https:\\\/\\\/net-express-monaco.com\\\/wp-content\\\/uploads\\\/2016\\\/08\\\/pick_up_lg-1.jpg\",\"width\":1100,\"height\":410},{\"@type\":\"BreadcrumbList\",\"@id\":\"https:\\\/\\\/net-express-monaco.com\\\/schedule-pick-up\\\/#breadcrumb\",\"itemListElement\":[{\"@type\":\"ListItem\",\"position\":1,\"name\":\"Home\",\"item\":\"https:\\\/\\\/net-express-monaco.com\\\/\"},{\"@type\":\"ListItem\",\"position\":2,\"name\":\"Schedule Pick-Up\"}]},{\"@type\":\"WebSite\",\"@id\":\"https:\\\/\\\/net-express-monaco.com\\\/#website\",\"url\":\"https:\\\/\\\/net-express-monaco.com\\\/\",\"name\":\"Net Express\",\"description\":\"\",\"potentialAction\":[{\"@type\":\"SearchAction\",\"target\":{\"@type\":\"EntryPoint\",\"urlTemplate\":\"https:\\\/\\\/net-express-monaco.com\\\/?s={search_term_string}\"},\"query-input\":{\"@type\":\"PropertyValueSpecification\",\"valueRequired\":true,\"valueName\":\"search_term_string\"}}],\"inLanguage\":\"fr-FR\"}]}<\/script>\n<!-- \/ Yoast SEO plugin. -->","yoast_head_json":{"title":"Schedule Pick-Up - Net Express","robots":{"index":"index","follow":"follow","max-snippet":"max-snippet:-1","max-image-preview":"max-image-preview:large","max-video-preview":"max-video-preview:-1"},"canonical":"https:\/\/net-express-monaco.com\/schedule-pick-up\/","og_locale":"fr_FR","og_type":"article","og_title":"Schedule Pick-Up - Net Express","og_url":"https:\/\/net-express-monaco.com\/schedule-pick-up\/","og_site_name":"Net Express","article_modified_time":"2025-08-27T01:48:04+00:00","og_image":[{"width":1100,"height":410,"url":"https:\/\/net-express-monaco.com\/wp-content\/uploads\/2016\/08\/pick_up_lg-1.jpg","type":"image\/jpeg"}],"twitter_card":"summary_large_image","twitter_misc":{"Dur\u00e9e de lecture estim\u00e9e":"1 minute"},"schema":{"@context":"https:\/\/schema.org","@graph":[{"@type":"WebPage","@id":"https:\/\/net-express-monaco.com\/schedule-pick-up\/","url":"https:\/\/net-express-monaco.com\/schedule-pick-up\/","name":"Schedule Pick-Up - Net Express","isPartOf":{"@id":"https:\/\/net-express-monaco.com\/#website"},"primaryImageOfPage":{"@id":"https:\/\/net-express-monaco.com\/schedule-pick-up\/#primaryimage"},"image":{"@id":"https:\/\/net-express-monaco.com\/schedule-pick-up\/#primaryimage"},"thumbnailUrl":"https:\/\/net-express-monaco.com\/wp-content\/uploads\/2016\/08\/pick_up_lg-1.jpg","datePublished":"2016-08-17T17:51:46+00:00","dateModified":"2025-08-27T01:48:04+00:00","breadcrumb":{"@id":"https:\/\/net-express-monaco.com\/schedule-pick-up\/#breadcrumb"},"inLanguage":"fr-FR","potentialAction":[{"@type":"ReadAction","target":["https:\/\/net-express-monaco.com\/schedule-pick-up\/"]}]},{"@type":"ImageObject","inLanguage":"fr-FR","@id":"https:\/\/net-express-monaco.com\/schedule-pick-up\/#primaryimage","url":"https:\/\/net-express-monaco.com\/wp-content\/uploads\/2016\/08\/pick_up_lg-1.jpg","contentUrl":"https:\/\/net-express-monaco.com\/wp-content\/uploads\/2016\/08\/pick_up_lg-1.jpg","width":1100,"height":410},{"@type":"BreadcrumbList","@id":"https:\/\/net-express-monaco.com\/schedule-pick-up\/#breadcrumb","itemListElement":[{"@type":"ListItem","position":1,"name":"Home","item":"https:\/\/net-express-monaco.com\/"},{"@type":"ListItem","position":2,"name":"Schedule Pick-Up"}]},{"@type":"WebSite","@id":"https:\/\/net-express-monaco.com\/#website","url":"https:\/\/net-express-monaco.com\/","name":"Net Express","description":"","potentialAction":[{"@type":"SearchAction","target":{"@type":"EntryPoint","urlTemplate":"https:\/\/net-express-monaco.com\/?s={search_term_string}"},"query-input":{"@type":"PropertyValueSpecification","valueRequired":true,"valueName":"search_term_string"}}],"inLanguage":"fr-FR"}]}},"_links":{"self":[{"href":"https:\/\/net-express-monaco.com\/fr\/wp-json\/wp\/v2\/pages\/62","targetHints":{"allow":["GET"]}}],"collection":[{"href":"https:\/\/net-express-monaco.com\/fr\/wp-json\/wp\/v2\/pages"}],"about":[{"href":"https:\/\/net-express-monaco.com\/fr\/wp-json\/wp\/v2\/types\/page"}],"author":[{"embeddable":true,"href":"https:\/\/net-express-monaco.com\/fr\/wp-json\/wp\/v2\/users\/3"}],"replies":[{"embeddable":true,"href":"https:\/\/net-express-monaco.com\/fr\/wp-json\/wp\/v2\/comments?post=62"}],"version-history":[{"count":32,"href":"https:\/\/net-express-monaco.com\/fr\/wp-json\/wp\/v2\/pages\/62\/revisions"}],"predecessor-version":[{"id":2134,"href":"https:\/\/net-express-monaco.com\/fr\/wp-json\/wp\/v2\/pages\/62\/revisions\/2134"}],"wp:featuredmedia":[{"embeddable":true,"href":"https:\/\/net-express-monaco.com\/fr\/wp-json\/wp\/v2\/media\/347"}],"wp:attachment":[{"href":"https:\/\/net-express-monaco.com\/fr\/wp-json\/wp\/v2\/media?parent=62"}],"curies":[{"name":"wp","href":"https:\/\/api.w.org\/{rel}","templated":true}]}}