{"id":7,"date":"2016-08-10T17:22:15","date_gmt":"2016-08-10T17:22:15","guid":{"rendered":"http:\/\/net-express-monaco.com.104-236-152-216.digital-ranch.net\/?page_id=7"},"modified":"2025-08-27T01:51:23","modified_gmt":"2025-08-27T01:51:23","slug":"home","status":"publish","type":"page","link":"https:\/\/net-express-monaco.com\/fr\/","title":{"rendered":"Home"},"content":{"rendered":"<div class=\"container slideshowcontainerwrapper\">\n<div class=\"slideshowcontainer\"><div class='white' style='background:rgba(0,0,0,0); border:solid 0px rgba(0,0,0,0); border-radius:0px; padding:0px 0px 0px 0px;'>\n<div id='slider_2042' class='owl-carousel sa_owl_theme owl-pagination-true autohide-arrows' data-slider-id='slider_2042' style='visibility:hidden;'>\n<div id='slider_2042_slide01' class='sa_hover_container' style='padding:5% 5%; margin:0px 0%; background-image:url(&quot;https:\/\/net-express-monaco.com\/wp-content\/uploads\/2016\/08\/ss1.jpg&quot;); background-position:left top; background-size:contain; background-repeat:no-repeat; '><div class=\"home_lightbox\" id=\"lightbox1\">\r\n<h3>Enl\u00e8vement &amp; Livraison <strong>gratuits<\/strong><\/h3><a href='\/fr\/pickup-and-delivery\/'>Inscrivez-vous sur notre formulaire s\u00e9curis\u00e9<\/a>\r\n<\/div><\/div>\n<div id='slider_2042_slide02' class='sa_hover_container' style='padding:5% 5%; margin:0px 0%; background-image:url(&quot;https:\/\/net-express-monaco.com\/wp-content\/uploads\/2016\/08\/ss2.jpg&quot;); background-position:center top; background-size:contain; background-repeat:no-repeat; '><div class=\"home_lightbox\" id=\"lightbox2\">\r\n<h3>Qualit\u00e9 <strong>depuis 1966<\/strong><\/h3><span>La meilleure au masculin<\/span>\r\n<\/div><\/div>\n<div id='slider_2042_slide03' class='sa_hover_container' style='padding:5% 5%; margin:0px 0%; background-image:url(&quot;https:\/\/net-express-monaco.com\/wp-content\/uploads\/2016\/08\/ss3.jpg&quot;); background-position:left top; background-size:contain; background-repeat:no-repeat; '><div id=\"lightbox3\" class=\"home_lightbox\">\r\n<h3>PERFECTION &amp;\u00a0STYLE<\/h3>\r\n<\/div><\/div>\n<\/div>\n<\/div>\n<script type='text\/javascript'>\n\tjQuery(document).ready(function() {\n\t\tjQuery('#slider_2042').owlCarousel({\n\t\t\titems : 1,\n\t\t\tanimateOut : 'fadeOut',\n\t\t\tsmartSpeed : 600,\n\t\t\tautoplay : true,\n\t\t\tautoplayTimeout : 7000,\n\t\t\tautoplayHoverPause : true,\n\t\t\tsmartSpeed : 600,\n\t\t\tfluidSpeed : 600,\n\t\t\tautoplaySpeed : 600,\n\t\t\tnavSpeed : 600,\n\t\t\tdotsSpeed : 600,\n\t\t\tloop : true,\n\t\t\tnav : true,\n\t\t\tnavText : ['Previous','Next'],\n\t\t\tdots : true,\n\t\t\tresponsiveRefreshRate : 200,\n\t\t\tslideBy : 1,\n\t\t\tmergeFit : true,\n\t\t\tautoHeight : false,\n\t\t\tmouseDrag : false,\n\t\t\ttouchDrag : true\n\t\t});\n\t\tjQuery('#slider_2042').css('visibility', 'visible');\n\t\tsa_resize_slider_2042();\n\t\twindow.addEventListener('resize', sa_resize_slider_2042);\n\t\tfunction sa_resize_slider_2042() {\n\t\t\tvar min_height = '50';\n\t\t\tvar win_width = jQuery(window).width();\n\t\t\tvar slider_width = jQuery('#slider_2042').width();\n\t\t\tif (win_width < 480) {\n\t\t\t\tvar slide_width = slider_width \/ 1;\n\t\t\t} else if (win_width < 768) {\n\t\t\t\tvar slide_width = slider_width \/ 1;\n\t\t\t} else if (win_width < 980) {\n\t\t\t\tvar slide_width = slider_width \/ 1;\n\t\t\t} else if (win_width < 1200) {\n\t\t\t\tvar slide_width = slider_width \/ 1;\n\t\t\t} else if (win_width < 1500) {\n\t\t\t\tvar slide_width = slider_width \/ 1;\n\t\t\t} else {\n\t\t\t\tvar slide_width = slider_width \/ 1;\n\t\t\t}\n\t\t\tslide_width = Math.round(slide_width);\n\t\t\tvar slide_height = '0';\n\t\t\tif (min_height == 'aspect43') {\n\t\t\t\tslide_height = (slide_width \/ 4) * 3;\t\t\t\tslide_height = Math.round(slide_height);\n\t\t\t} else if (min_height == 'aspect169') {\n\t\t\t\tslide_height = (slide_width \/ 16) * 9;\t\t\t\tslide_height = Math.round(slide_height);\n\t\t\t} else {\n\t\t\t\tslide_height = (slide_width \/ 100) * min_height;\t\t\t\tslide_height = Math.round(slide_height);\n\t\t\t}\n\t\t\tjQuery('#slider_2042 .owl-item .sa_hover_container').css('min-height', slide_height+'px');\n\t\t}\n\t\tvar owl_goto = jQuery('#slider_2042');\n\t\tjQuery('.slider_2042_goto1').click(function(event){\n\t\t\towl_goto.trigger('to.owl.carousel', 0);\n\t\t});\n\t\tjQuery('.slider_2042_goto2').click(function(event){\n\t\t\towl_goto.trigger('to.owl.carousel', 1);\n\t\t});\n\t\tjQuery('.slider_2042_goto3').click(function(event){\n\t\t\towl_goto.trigger('to.owl.carousel', 2);\n\t\t});\n\t\tvar resize_2045 = jQuery('.owl-carousel');\n\t\tresize_2045.on('initialized.owl.carousel', function(e) {\n\t\t\tif (typeof(Event) === 'function') {\n\t\t\t\twindow.dispatchEvent(new Event('resize'));\n\t\t\t} else {\n\t\t\t\tvar evt = window.document.createEvent('UIEvents');\n\t\t\t\tevt.initUIEvent('resize', true, false, window, 0);\n\t\t\t\twindow.dispatchEvent(evt);\n\t\t\t}\n\t\t});\n\t});\n<\/script>\n<\/div>\n<div class=\"container\" style=\"padding: 50px 0;\">\n<div class=\"sixteen columns\">\n<div class=\"columns two\"><span class=\"tmp\">\u00a0<\/span><\/div>\n<div class=\"columns twelve\">\n<h2 style=\"text-align: center;\">BIENVENUE CHEZ NET EXPRESS<\/h2>\n<h5 style=\"text-align: center;\">Le premier \u00e9tablissement de nettoyage \u00e0 sec sur Monaco<\/h5>\n<p style=\"text-align: center;\">Net Express Monaco propose des prestations de nettoyage \u00e0 sec et de blanchisserie professionnelles ax\u00e9es sur les v\u00eatements de grande qualit\u00e9, avec un soin m\u00e9ticuleux apport\u00e9 aux textiles et un service attentionn\u00e9. Net Express a \u00e9t\u00e9 fond\u00e9 par une famille mon\u00e9gasque, \u00e0 Monaco, en 1966. Nous disposons de quatre magasins dans la Principaut\u00e9 et d\u2019un service de livraison \u00e0 domicile, couvrant une zone allant de Nice \u00e0 Monaco, en passant par le Cap Ferrat.<\/p>\n<p style=\"text-align: center;\"><a class=\"button\" style=\"padding: 15px;\" href=\"\/fr\/services\/\">VOIR NOS SERVICES<\/a><\/p>\n<\/div>\n<div class=\"columns two\"><span class=\"tmp\">\u00a0<\/span><\/div>\n<\/div>\n<\/div>\n<div class=\"container\" style=\"background: #e7e8ea; padding: 50px 0;\">\n<div class=\"sixteen columns\">\n<div class=\"one-third column\" style=\"text-align: center;\">\n<p><a href=\"\/fr\/couture-cleaning\/\"><img loading=\"lazy\" decoding=\"async\" class=\"alignnone wp-image-299 size-full\" src=\"\/wp-content\/uploads\/2016\/08\/couture_cleaning_option_sm.jpg\" width=\"316\" height=\"316\" srcset=\"https:\/\/net-express-monaco.com\/wp-content\/uploads\/2016\/08\/couture_cleaning_option_sm.jpg 316w, https:\/\/net-express-monaco.com\/wp-content\/uploads\/2016\/08\/couture_cleaning_option_sm-150x150.jpg 150w, https:\/\/net-express-monaco.com\/wp-content\/uploads\/2016\/08\/couture_cleaning_option_sm-300x300.jpg 300w, https:\/\/net-express-monaco.com\/wp-content\/uploads\/2016\/08\/couture_cleaning_option_sm-250x250.jpg 250w\" sizes=\"auto, (max-width: 316px) 100vw, 316px\" \/><br \/>\nNettoyage des V\u00eatements de Haute Couture<\/a><\/p>\n<\/div>\n<div class=\"one-third column\" style=\"text-align: center;\">\n<p><a href=\"https:\/\/netexpress.smrtapp.com\/custx\/login\"><img loading=\"lazy\" decoding=\"async\" class=\"alignnone wp-image-29 size-full\" src=\"https:\/\/net-express-monaco.com\/wp-content\/uploads\/2016\/08\/home-credit.jpg\" alt=\"home-credit\" width=\"316\" height=\"316\" srcset=\"https:\/\/net-express-monaco.com\/wp-content\/uploads\/2016\/08\/home-credit.jpg 316w, https:\/\/net-express-monaco.com\/wp-content\/uploads\/2016\/08\/home-credit-150x150.jpg 150w, https:\/\/net-express-monaco.com\/wp-content\/uploads\/2016\/08\/home-credit-300x300.jpg 300w, https:\/\/net-express-monaco.com\/wp-content\/uploads\/2016\/08\/home-credit-250x250.jpg 250w\" sizes=\"auto, (max-width: 316px) 100vw, 316px\" \/><br \/>\nInscription s\u00e9curis\u00e9e<\/a><\/p>\n<\/div>\n<div class=\"one-third column\" style=\"text-align: center;\">\n<p><a href=\"\/fr\/schedule-pick-up\/\"><img loading=\"lazy\" decoding=\"async\" class=\"alignnone size-full wp-image-30\" src=\"\/wp-content\/uploads\/2016\/08\/home-pickup.jpg\" alt=\"home-pickup\" width=\"316\" height=\"316\" srcset=\"https:\/\/net-express-monaco.com\/wp-content\/uploads\/2016\/08\/home-pickup.jpg 316w, https:\/\/net-express-monaco.com\/wp-content\/uploads\/2016\/08\/home-pickup-150x150.jpg 150w, https:\/\/net-express-monaco.com\/wp-content\/uploads\/2016\/08\/home-pickup-300x300.jpg 300w, https:\/\/net-express-monaco.com\/wp-content\/uploads\/2016\/08\/home-pickup-250x250.jpg 250w\" sizes=\"auto, (max-width: 316px) 100vw, 316px\" \/><br \/>\nPlanifier un Enl\u00e8vement<\/a><\/p>\n<\/div>\n<\/div>\n<\/div>\n<\/div>\n","protected":false},"excerpt":{"rendered":"<p>\u00a0 BIENVENUE CHEZ NET EXPRESS Le premier \u00e9tablissement de nettoyage \u00e0 sec sur Monaco Net Express Monaco propose des prestations<\/p>\n<p class=\"readmore\"><a href=\"https:\/\/net-express-monaco.com\/fr\/\" title=\"Read Home\">Read more &raquo;<\/a><\/p>\n","protected":false},"author":2,"featured_media":0,"parent":0,"menu_order":1,"comment_status":"closed","ping_status":"closed","template":"","meta":{"footnotes":""},"class_list":["post-7","page","type-page","status-publish","hentry"],"translation":{"provider":"WPGlobus","version":"3.0.2","language":"fr","enabled_languages":["en","fr"],"languages":{"en":{"title":true,"content":true,"excerpt":false},"fr":{"title":false,"content":true,"excerpt":false}}},"yoast_head":"<!-- This site is optimized with the Yoast SEO plugin v27.3 - https:\/\/yoast.com\/product\/yoast-seo-wordpress\/ -->\n<title>Home - Net Express<\/title>\n<meta name=\"robots\" content=\"index, follow, max-snippet:-1, max-image-preview:large, max-video-preview:-1\" \/>\n<link rel=\"canonical\" href=\"https:\/\/net-express-monaco.com\/\" \/>\n<meta property=\"og:locale\" content=\"fr_FR\" \/>\n<meta property=\"og:type\" content=\"article\" \/>\n<meta property=\"og:title\" content=\"Home - Net Express\" \/>\n<meta property=\"og:url\" content=\"https:\/\/net-express-monaco.com\/\" \/>\n<meta property=\"og:site_name\" content=\"Net Express\" \/>\n<meta property=\"article:modified_time\" content=\"2025-08-27T01:51:23+00:00\" \/>\n<meta property=\"og:image\" content=\"https:\/\/net-express-monaco.com\/wp-content\/uploads\/2016\/08\/home-credit.jpg\" \/>\n<meta name=\"twitter:card\" content=\"summary_large_image\" \/>\n<meta name=\"twitter:label1\" content=\"Dur\u00e9e de lecture estim\u00e9e\" \/>\n\t<meta name=\"twitter:data1\" content=\"2 minutes\" \/>\n<script type=\"application\/ld+json\" class=\"yoast-schema-graph\">{\"@context\":\"https:\\\/\\\/schema.org\",\"@graph\":[{\"@type\":\"WebPage\",\"@id\":\"https:\\\/\\\/net-express-monaco.com\\\/\",\"url\":\"https:\\\/\\\/net-express-monaco.com\\\/\",\"name\":\"Home - Net Express\",\"isPartOf\":{\"@id\":\"https:\\\/\\\/net-express-monaco.com\\\/#website\"},\"primaryImageOfPage\":{\"@id\":\"https:\\\/\\\/net-express-monaco.com\\\/#primaryimage\"},\"image\":{\"@id\":\"https:\\\/\\\/net-express-monaco.com\\\/#primaryimage\"},\"thumbnailUrl\":\"https:\\\/\\\/net-express-monaco.com\\\/wp-content\\\/uploads\\\/2016\\\/08\\\/home-credit.jpg\",\"datePublished\":\"2016-08-10T17:22:15+00:00\",\"dateModified\":\"2025-08-27T01:51:23+00:00\",\"breadcrumb\":{\"@id\":\"https:\\\/\\\/net-express-monaco.com\\\/#breadcrumb\"},\"inLanguage\":\"fr-FR\",\"potentialAction\":[{\"@type\":\"ReadAction\",\"target\":[\"https:\\\/\\\/net-express-monaco.com\\\/\"]}]},{\"@type\":\"ImageObject\",\"inLanguage\":\"fr-FR\",\"@id\":\"https:\\\/\\\/net-express-monaco.com\\\/#primaryimage\",\"url\":\"https:\\\/\\\/net-express-monaco.com\\\/wp-content\\\/uploads\\\/2016\\\/08\\\/home-credit.jpg\",\"contentUrl\":\"https:\\\/\\\/net-express-monaco.com\\\/wp-content\\\/uploads\\\/2016\\\/08\\\/home-credit.jpg\"},{\"@type\":\"BreadcrumbList\",\"@id\":\"https:\\\/\\\/net-express-monaco.com\\\/#breadcrumb\",\"itemListElement\":[{\"@type\":\"ListItem\",\"position\":1,\"name\":\"Home\",\"item\":\"https:\\\/\\\/net-express-monaco.com\\\/\"},{\"@type\":\"ListItem\",\"position\":2,\"name\":\"Home\"}]},{\"@type\":\"WebSite\",\"@id\":\"https:\\\/\\\/net-express-monaco.com\\\/#website\",\"url\":\"https:\\\/\\\/net-express-monaco.com\\\/\",\"name\":\"Net Express\",\"description\":\"\",\"potentialAction\":[{\"@type\":\"SearchAction\",\"target\":{\"@type\":\"EntryPoint\",\"urlTemplate\":\"https:\\\/\\\/net-express-monaco.com\\\/?s={search_term_string}\"},\"query-input\":{\"@type\":\"PropertyValueSpecification\",\"valueRequired\":true,\"valueName\":\"search_term_string\"}}],\"inLanguage\":\"fr-FR\"}]}<\/script>\n<!-- \/ Yoast SEO plugin. -->","yoast_head_json":{"title":"Home - Net Express","robots":{"index":"index","follow":"follow","max-snippet":"max-snippet:-1","max-image-preview":"max-image-preview:large","max-video-preview":"max-video-preview:-1"},"canonical":"https:\/\/net-express-monaco.com\/","og_locale":"fr_FR","og_type":"article","og_title":"Home - Net Express","og_url":"https:\/\/net-express-monaco.com\/","og_site_name":"Net Express","article_modified_time":"2025-08-27T01:51:23+00:00","og_image":[{"url":"https:\/\/net-express-monaco.com\/wp-content\/uploads\/2016\/08\/home-credit.jpg","type":"","width":"","height":""}],"twitter_card":"summary_large_image","twitter_misc":{"Dur\u00e9e de lecture estim\u00e9e":"2 minutes"},"schema":{"@context":"https:\/\/schema.org","@graph":[{"@type":"WebPage","@id":"https:\/\/net-express-monaco.com\/","url":"https:\/\/net-express-monaco.com\/","name":"Home - Net Express","isPartOf":{"@id":"https:\/\/net-express-monaco.com\/#website"},"primaryImageOfPage":{"@id":"https:\/\/net-express-monaco.com\/#primaryimage"},"image":{"@id":"https:\/\/net-express-monaco.com\/#primaryimage"},"thumbnailUrl":"https:\/\/net-express-monaco.com\/wp-content\/uploads\/2016\/08\/home-credit.jpg","datePublished":"2016-08-10T17:22:15+00:00","dateModified":"2025-08-27T01:51:23+00:00","breadcrumb":{"@id":"https:\/\/net-express-monaco.com\/#breadcrumb"},"inLanguage":"fr-FR","potentialAction":[{"@type":"ReadAction","target":["https:\/\/net-express-monaco.com\/"]}]},{"@type":"ImageObject","inLanguage":"fr-FR","@id":"https:\/\/net-express-monaco.com\/#primaryimage","url":"https:\/\/net-express-monaco.com\/wp-content\/uploads\/2016\/08\/home-credit.jpg","contentUrl":"https:\/\/net-express-monaco.com\/wp-content\/uploads\/2016\/08\/home-credit.jpg"},{"@type":"BreadcrumbList","@id":"https:\/\/net-express-monaco.com\/#breadcrumb","itemListElement":[{"@type":"ListItem","position":1,"name":"Home","item":"https:\/\/net-express-monaco.com\/"},{"@type":"ListItem","position":2,"name":"Home"}]},{"@type":"WebSite","@id":"https:\/\/net-express-monaco.com\/#website","url":"https:\/\/net-express-monaco.com\/","name":"Net Express","description":"","potentialAction":[{"@type":"SearchAction","target":{"@type":"EntryPoint","urlTemplate":"https:\/\/net-express-monaco.com\/?s={search_term_string}"},"query-input":{"@type":"PropertyValueSpecification","valueRequired":true,"valueName":"search_term_string"}}],"inLanguage":"fr-FR"}]}},"_links":{"self":[{"href":"https:\/\/net-express-monaco.com\/fr\/wp-json\/wp\/v2\/pages\/7","targetHints":{"allow":["GET"]}}],"collection":[{"href":"https:\/\/net-express-monaco.com\/fr\/wp-json\/wp\/v2\/pages"}],"about":[{"href":"https:\/\/net-express-monaco.com\/fr\/wp-json\/wp\/v2\/types\/page"}],"author":[{"embeddable":true,"href":"https:\/\/net-express-monaco.com\/fr\/wp-json\/wp\/v2\/users\/2"}],"replies":[{"embeddable":true,"href":"https:\/\/net-express-monaco.com\/fr\/wp-json\/wp\/v2\/comments?post=7"}],"version-history":[{"count":39,"href":"https:\/\/net-express-monaco.com\/fr\/wp-json\/wp\/v2\/pages\/7\/revisions"}],"predecessor-version":[{"id":2138,"href":"https:\/\/net-express-monaco.com\/fr\/wp-json\/wp\/v2\/pages\/7\/revisions\/2138"}],"wp:attachment":[{"href":"https:\/\/net-express-monaco.com\/fr\/wp-json\/wp\/v2\/media?parent=7"}],"curies":[{"name":"wp","href":"https:\/\/api.w.org\/{rel}","templated":true}]}}