{"id":75,"date":"2016-08-17T17:56:25","date_gmt":"2016-08-17T17:56:25","guid":{"rendered":"http:\/\/net-express-monaco.com.104-236-152-216.digital-ranch.net\/?page_id=75"},"modified":"2016-09-06T21:34:25","modified_gmt":"2016-09-06T21:34:25","slug":"cleaning-tips","status":"publish","type":"page","link":"https:\/\/net-express-monaco.com\/fr\/about\/cleaning-tips\/","title":{"rendered":"Conseils Pour le Nettoyage"},"content":{"rendered":"<div class=\"container\">\n<div class=\"two columns\"><span class=\"tmp\">\u00a0<\/span><\/div>\n<div class=\"twelve columns\" style=\"text-align: center;\">\n<p><strong>Vos v\u00eatements, notre priorit\u00e9<\/strong><\/p>\n<h3>Pour les v\u00eatements tach\u00e9s<\/h3>\n<ul style=\"max-width: 500px; margin: 0 auto; text-align: left;\">\n<li>Ne mettez pas d\u2019eau, de sel ou de produits vendus en supermarch\u00e9 sur vos v\u00eatements tach\u00e9s.<\/li>\n<li>Apportez rapidement votre linge sale ou tach\u00e9, dans les 3 jours : plus vite nous recevrons vos v\u00eatements, meilleur sera le r\u00e9sultat.<\/li>\n<\/ul>\n<h3>Soin des v\u00eatements \u00e0 la maison<\/h3>\n<ul style=\"max-width: 500px; margin: 0 auto; text-align: left;\">\n<li>Ne coupez pas les \u00e9tiquettes comportant les indications d\u2019entretien des v\u00eatements. En cas de symbole \u00ab Ne pas laver \u00bb, n\u2019essayez pas de nettoyer le v\u00eatement vous-m\u00eame.<\/li>\n<li>Renouvelez r\u00e9guli\u00e8rement les produits antimites, comme le bois de c\u00e8dre, etc. Vous trouverez diff\u00e9rents produits sp\u00e9ciaux contre les mites dans nos magasins.<\/li>\n<li>Ne stockez pas de fourrures, duvets ou de textiles blancs ou de couleur claire dans des housses en plastique. Chez Net Express, nous vous proposons des housses 100 % coton de diff\u00e9rentes tailles ; renseignez-vous dans l\u2019un de nos magasins.<\/li>\n<li>La laine d\u00e9licate et le cachemire ne doivent pas \u00eatre lav\u00e9s \u00e0 l\u2019eau. Vos pulls en cachemire resteront resplendissants plus longtemps si vous les confiez \u00e0 Net Express.<\/li>\n<\/ul>\n<\/div>\n<div class=\"two columns\"><span class=\"tmp\">\u00a0<\/span><\/div>\n<\/div>\n","protected":false},"excerpt":{"rendered":"<p>\u00a0 Vos v\u00eatements, notre priorit\u00e9 Pour les v\u00eatements tach\u00e9s Ne mettez pas d\u2019eau, de sel ou de produits vendus en<\/p>\n<p class=\"readmore\"><a href=\"https:\/\/net-express-monaco.com\/fr\/about\/cleaning-tips\/\" title=\"Read Conseils Pour le Nettoyage\">Read more &raquo;<\/a><\/p>\n","protected":false},"author":3,"featured_media":223,"parent":69,"menu_order":1,"comment_status":"closed","ping_status":"closed","template":"page-no-sidebar.php","meta":{"footnotes":""},"class_list":["post-75","page","type-page","status-publish","has-post-thumbnail","hentry"],"translation":{"provider":"WPGlobus","version":"3.0.2","language":"fr","enabled_languages":["en","fr"],"languages":{"en":{"title":true,"content":true,"excerpt":false},"fr":{"title":true,"content":true,"excerpt":false}}},"yoast_head":"<!-- This site is optimized with the Yoast SEO plugin v27.4 - https:\/\/yoast.com\/product\/yoast-seo-wordpress\/ -->\n<title>Conseils Pour le Nettoyage - Net Express<\/title>\n<meta name=\"robots\" content=\"index, follow, max-snippet:-1, max-image-preview:large, max-video-preview:-1\" \/>\n<link rel=\"canonical\" href=\"https:\/\/net-express-monaco.com\/fr\/about\/cleaning-tips\/\" \/>\n<meta property=\"og:locale\" content=\"fr_FR\" \/>\n<meta property=\"og:type\" content=\"article\" \/>\n<meta property=\"og:title\" content=\"Conseils Pour le Nettoyage - Net Express\" \/>\n<meta property=\"og:url\" content=\"https:\/\/net-express-monaco.com\/fr\/about\/cleaning-tips\/\" \/>\n<meta property=\"og:site_name\" content=\"Net Express\" \/>\n<meta property=\"article:modified_time\" content=\"2016-09-06T21:34:25+00:00\" \/>\n<meta property=\"og:image\" content=\"https:\/\/net-express-monaco.com\/wp-content\/uploads\/2016\/08\/tips1_lg.jpg\" \/>\n\t<meta property=\"og:image:width\" content=\"1100\" \/>\n\t<meta property=\"og:image:height\" content=\"410\" \/>\n\t<meta property=\"og:image:type\" content=\"image\/jpeg\" \/>\n<meta name=\"twitter:card\" content=\"summary_large_image\" \/>\n<meta name=\"twitter:label1\" content=\"Dur\u00e9e de lecture estim\u00e9e\" \/>\n\t<meta name=\"twitter:data1\" content=\"2 minutes\" \/>\n<script type=\"application\/ld+json\" class=\"yoast-schema-graph\">{\"@context\":\"https:\\\/\\\/schema.org\",\"@graph\":[{\"@type\":\"WebPage\",\"@id\":\"https:\\\/\\\/net-express-monaco.com\\\/fr\\\/about\\\/cleaning-tips\\\/\",\"url\":\"https:\\\/\\\/net-express-monaco.com\\\/fr\\\/about\\\/cleaning-tips\\\/\",\"name\":\"Conseils Pour le Nettoyage - Net Express\",\"isPartOf\":{\"@id\":\"https:\\\/\\\/net-express-monaco.com\\\/#website\"},\"primaryImageOfPage\":{\"@id\":\"https:\\\/\\\/net-express-monaco.com\\\/fr\\\/about\\\/cleaning-tips\\\/#primaryimage\"},\"image\":{\"@id\":\"https:\\\/\\\/net-express-monaco.com\\\/fr\\\/about\\\/cleaning-tips\\\/#primaryimage\"},\"thumbnailUrl\":\"https:\\\/\\\/net-express-monaco.com\\\/wp-content\\\/uploads\\\/2016\\\/08\\\/tips1_lg.jpg\",\"datePublished\":\"2016-08-17T17:56:25+00:00\",\"dateModified\":\"2016-09-06T21:34:25+00:00\",\"description\":\"Several tips to help you keep your clothes clean.\",\"breadcrumb\":{\"@id\":\"https:\\\/\\\/net-express-monaco.com\\\/fr\\\/about\\\/cleaning-tips\\\/#breadcrumb\"},\"inLanguage\":\"fr-FR\",\"potentialAction\":[{\"@type\":\"ReadAction\",\"target\":[\"https:\\\/\\\/net-express-monaco.com\\\/fr\\\/about\\\/cleaning-tips\\\/\"]}]},{\"@type\":\"ImageObject\",\"inLanguage\":\"fr-FR\",\"@id\":\"https:\\\/\\\/net-express-monaco.com\\\/fr\\\/about\\\/cleaning-tips\\\/#primaryimage\",\"url\":\"https:\\\/\\\/net-express-monaco.com\\\/wp-content\\\/uploads\\\/2016\\\/08\\\/tips1_lg.jpg\",\"contentUrl\":\"https:\\\/\\\/net-express-monaco.com\\\/wp-content\\\/uploads\\\/2016\\\/08\\\/tips1_lg.jpg\",\"width\":1100,\"height\":410},{\"@type\":\"BreadcrumbList\",\"@id\":\"https:\\\/\\\/net-express-monaco.com\\\/fr\\\/about\\\/cleaning-tips\\\/#breadcrumb\",\"itemListElement\":[{\"@type\":\"ListItem\",\"position\":1,\"name\":\"Home\",\"item\":\"https:\\\/\\\/net-express-monaco.com\\\/\"},{\"@type\":\"ListItem\",\"position\":2,\"name\":\"About\",\"item\":\"https:\\\/\\\/net-express-monaco.com\\\/about\\\/\"},{\"@type\":\"ListItem\",\"position\":3,\"name\":\"Conseils Pour le Nettoyage\"}]},{\"@type\":\"WebSite\",\"@id\":\"https:\\\/\\\/net-express-monaco.com\\\/#website\",\"url\":\"https:\\\/\\\/net-express-monaco.com\\\/\",\"name\":\"Net Express\",\"description\":\"\",\"potentialAction\":[{\"@type\":\"SearchAction\",\"target\":{\"@type\":\"EntryPoint\",\"urlTemplate\":\"https:\\\/\\\/net-express-monaco.com\\\/?s={search_term_string}\"},\"query-input\":{\"@type\":\"PropertyValueSpecification\",\"valueRequired\":true,\"valueName\":\"search_term_string\"}}],\"inLanguage\":\"fr-FR\"}]}<\/script>\n<!-- \/ Yoast SEO plugin. -->","yoast_head_json":{"title":"Conseils Pour le Nettoyage - Net Express","robots":{"index":"index","follow":"follow","max-snippet":"max-snippet:-1","max-image-preview":"max-image-preview:large","max-video-preview":"max-video-preview:-1"},"canonical":"https:\/\/net-express-monaco.com\/fr\/about\/cleaning-tips\/","og_locale":"fr_FR","og_type":"article","og_title":"Conseils Pour le Nettoyage - Net Express","og_url":"https:\/\/net-express-monaco.com\/fr\/about\/cleaning-tips\/","og_site_name":"Net Express","article_modified_time":"2016-09-06T21:34:25+00:00","og_image":[{"width":1100,"height":410,"url":"https:\/\/net-express-monaco.com\/wp-content\/uploads\/2016\/08\/tips1_lg.jpg","type":"image\/jpeg"}],"twitter_card":"summary_large_image","twitter_misc":{"Dur\u00e9e de lecture estim\u00e9e":"2 minutes"},"schema":{"@context":"https:\/\/schema.org","@graph":[{"@type":"WebPage","@id":"https:\/\/net-express-monaco.com\/fr\/about\/cleaning-tips\/","url":"https:\/\/net-express-monaco.com\/fr\/about\/cleaning-tips\/","name":"Conseils Pour le Nettoyage - Net Express","isPartOf":{"@id":"https:\/\/net-express-monaco.com\/#website"},"primaryImageOfPage":{"@id":"https:\/\/net-express-monaco.com\/fr\/about\/cleaning-tips\/#primaryimage"},"image":{"@id":"https:\/\/net-express-monaco.com\/fr\/about\/cleaning-tips\/#primaryimage"},"thumbnailUrl":"https:\/\/net-express-monaco.com\/wp-content\/uploads\/2016\/08\/tips1_lg.jpg","datePublished":"2016-08-17T17:56:25+00:00","dateModified":"2016-09-06T21:34:25+00:00","description":"Several tips to help you keep your clothes clean.","breadcrumb":{"@id":"https:\/\/net-express-monaco.com\/fr\/about\/cleaning-tips\/#breadcrumb"},"inLanguage":"fr-FR","potentialAction":[{"@type":"ReadAction","target":["https:\/\/net-express-monaco.com\/fr\/about\/cleaning-tips\/"]}]},{"@type":"ImageObject","inLanguage":"fr-FR","@id":"https:\/\/net-express-monaco.com\/fr\/about\/cleaning-tips\/#primaryimage","url":"https:\/\/net-express-monaco.com\/wp-content\/uploads\/2016\/08\/tips1_lg.jpg","contentUrl":"https:\/\/net-express-monaco.com\/wp-content\/uploads\/2016\/08\/tips1_lg.jpg","width":1100,"height":410},{"@type":"BreadcrumbList","@id":"https:\/\/net-express-monaco.com\/fr\/about\/cleaning-tips\/#breadcrumb","itemListElement":[{"@type":"ListItem","position":1,"name":"Home","item":"https:\/\/net-express-monaco.com\/"},{"@type":"ListItem","position":2,"name":"About","item":"https:\/\/net-express-monaco.com\/about\/"},{"@type":"ListItem","position":3,"name":"Conseils Pour le Nettoyage"}]},{"@type":"WebSite","@id":"https:\/\/net-express-monaco.com\/#website","url":"https:\/\/net-express-monaco.com\/","name":"Net Express","description":"","potentialAction":[{"@type":"SearchAction","target":{"@type":"EntryPoint","urlTemplate":"https:\/\/net-express-monaco.com\/?s={search_term_string}"},"query-input":{"@type":"PropertyValueSpecification","valueRequired":true,"valueName":"search_term_string"}}],"inLanguage":"fr-FR"}]}},"_links":{"self":[{"href":"https:\/\/net-express-monaco.com\/fr\/wp-json\/wp\/v2\/pages\/75","targetHints":{"allow":["GET"]}}],"collection":[{"href":"https:\/\/net-express-monaco.com\/fr\/wp-json\/wp\/v2\/pages"}],"about":[{"href":"https:\/\/net-express-monaco.com\/fr\/wp-json\/wp\/v2\/types\/page"}],"author":[{"embeddable":true,"href":"https:\/\/net-express-monaco.com\/fr\/wp-json\/wp\/v2\/users\/3"}],"replies":[{"embeddable":true,"href":"https:\/\/net-express-monaco.com\/fr\/wp-json\/wp\/v2\/comments?post=75"}],"version-history":[{"count":7,"href":"https:\/\/net-express-monaco.com\/fr\/wp-json\/wp\/v2\/pages\/75\/revisions"}],"predecessor-version":[{"id":488,"href":"https:\/\/net-express-monaco.com\/fr\/wp-json\/wp\/v2\/pages\/75\/revisions\/488"}],"up":[{"embeddable":true,"href":"https:\/\/net-express-monaco.com\/fr\/wp-json\/wp\/v2\/pages\/69"}],"wp:featuredmedia":[{"embeddable":true,"href":"https:\/\/net-express-monaco.com\/fr\/wp-json\/wp\/v2\/media\/223"}],"wp:attachment":[{"href":"https:\/\/net-express-monaco.com\/fr\/wp-json\/wp\/v2\/media?parent=75"}],"curies":[{"name":"wp","href":"https:\/\/api.w.org\/{rel}","templated":true}]}}