{"id":83,"date":"2016-08-17T17:58:39","date_gmt":"2016-08-17T17:58:39","guid":{"rendered":"http:\/\/net-express-monaco.com.104-236-152-216.digital-ranch.net\/?page_id=83"},"modified":"2016-09-06T21:41:16","modified_gmt":"2016-09-06T21:41:16","slug":"history","status":"publish","type":"page","link":"https:\/\/net-express-monaco.com\/fr\/about\/history\/","title":{"rendered":"Histoire"},"content":{"rendered":"<div class=\"container\">\n<div class=\"two columns\"><span class=\"tmp\">\u00a0<\/span><\/div>\n<div class=\"twelve columns\" style=\"text-align: center;\">\n<h3>LE PREMIER \u00c9TABLISSEMENT DE NETTOYAGE \u00c0 SEC SUR MONACO<\/h3>\n<p>Les prestations de nettoyage \u00e0 sec et de blanchisserie propos\u00e9es par Net Express associent les meilleurs savoir-faire traditionnels aux technologies de pointe, respectueuses de l\u2019environnement.<\/p>\n<h3>NOTRE HISTOIRE<\/h3>\n<p>Net Express a ouvert son premier \u00e9tablissement en 1966, \u00e0 Monaco. Aujourd\u2019hui, nous disposons de quatre magasins \u00e0 Monaco et d\u2019une usine de 2 000 m2, \u00e0 proximit\u00e9 de la Principaut\u00e9. Vous vous demandez peut-\u00eatre ce qui explique la d\u00e9localisation de notre usine\u2026 Il y a deux raisons principales \u00e0 cela. Nous souhaitons d\u2019une part offrir \u00e0 nos clients la meilleure qualit\u00e9 \u00e0 l\u2019aide de machines de haute technologie et d\u2019une finition \u00e0 la main pour le repassage. D\u2019autre part, le respect de l\u2019environnement mon\u00e9gasque est au c\u0153ur de nos priorit\u00e9s, ce qui explique notre emplacement dans une zone industrielle \u00e9quip\u00e9e de canalisations sp\u00e9ciales.<\/p>\n<h3>SERVICES<\/h3>\n<p>Net Express offre une large gamme de services dont notamment, le nettoyage \u00e0 sec \u00e9cologiquement responsable, le blanchissage, les retouches et raccommodages, la r\u00e9novation des chaussures, le nettoyage sp\u00e9cialis\u00e9 pour la haute couture, le daim, le cuir et les robes de mari\u00e9e, ainsi que la restauration de sacs \u00e0 main. Nous mettons \u00e9galement \u00e0 votre disposition des prestations d\u2019enl\u00e8vement et de livraison \u00e0 Monaco et dans certains secteurs des alentours.<\/p>\n<h3>QUALIT\u00c9<\/h3>\n<p>Nous sommes ravis de voir la satisfaction dans les yeux de nos clients, lorsqu\u2019ils viennent chercher leurs pi\u00e8ces. Tout au long du processus de nettoyage en sept \u00e9tapes, Net Express combine les meilleurs savoir-faire aux techniques les plus avanc\u00e9es, pour garantir un r\u00e9sultat impeccable pour chaque v\u00eatement.<\/p>\n<h3>ENVIRONNEMENT<\/h3>\n<p>Les collaborateurs Net Express disposent d\u2019une grande expertise dans le soin des textiles. Ils ont \u00e9t\u00e9 form\u00e9s pour avoir le souci du d\u00e9tail, \u00e0 m\u00eame d\u2019assurer que chaque v\u00eatement re\u00e7oive le soin qui convient.<\/p>\n<h3>ENVIRONMENT<\/h3>\n<p>Notre engagement pour la pr\u00e9servation de l\u2019environnement repr\u00e9sente une part importante de notre d\u00e9ontologie. En mettant l\u2019accent sur l\u2019innovation et les technologies de pointe, Net Express garantit l\u2019utilisation de processus de nettoyage respectueux de l\u2019environnement, permettant d\u2019offrir des r\u00e9sultats d\u2019une qualit\u00e9 incomparable, sans impact \u00e9cologique.<\/p>\n<\/div>\n<div class=\"two columns\"><span class=\"tmp\">\u00a0<\/span><\/div>\n<\/div>\n","protected":false},"excerpt":{"rendered":"<p>\u00a0 LE PREMIER \u00c9TABLISSEMENT DE NETTOYAGE \u00c0 SEC SUR MONACO Les prestations de nettoyage \u00e0 sec et de blanchisserie propos\u00e9es<\/p>\n<p class=\"readmore\"><a href=\"https:\/\/net-express-monaco.com\/fr\/about\/history\/\" title=\"Read Histoire\">Read more &raquo;<\/a><\/p>\n","protected":false},"author":2,"featured_media":221,"parent":69,"menu_order":3,"comment_status":"closed","ping_status":"closed","template":"page-no-sidebar.php","meta":{"footnotes":""},"class_list":["post-83","page","type-page","status-publish","has-post-thumbnail","hentry"],"translation":{"provider":"WPGlobus","version":"3.0.2","language":"fr","enabled_languages":["en","fr"],"languages":{"en":{"title":true,"content":true,"excerpt":false},"fr":{"title":true,"content":true,"excerpt":false}}},"yoast_head":"<!-- This site is optimized with the Yoast SEO plugin v27.4 - https:\/\/yoast.com\/product\/yoast-seo-wordpress\/ -->\n<title>Histoire - Net Express<\/title>\n<meta name=\"robots\" content=\"index, follow, max-snippet:-1, max-image-preview:large, max-video-preview:-1\" \/>\n<link rel=\"canonical\" href=\"https:\/\/net-express-monaco.com\/fr\/about\/history\/\" \/>\n<meta property=\"og:locale\" content=\"fr_FR\" \/>\n<meta property=\"og:type\" content=\"article\" \/>\n<meta property=\"og:title\" content=\"Histoire - Net Express\" \/>\n<meta property=\"og:url\" content=\"https:\/\/net-express-monaco.com\/fr\/about\/history\/\" \/>\n<meta property=\"og:site_name\" content=\"Net Express\" \/>\n<meta property=\"article:modified_time\" content=\"2016-09-06T21:41:16+00:00\" \/>\n<meta property=\"og:image\" content=\"https:\/\/net-express-monaco.com\/wp-content\/uploads\/2016\/08\/history_lg.jpg\" \/>\n\t<meta property=\"og:image:width\" content=\"1100\" \/>\n\t<meta property=\"og:image:height\" content=\"410\" \/>\n\t<meta property=\"og:image:type\" content=\"image\/jpeg\" \/>\n<meta name=\"twitter:card\" content=\"summary_large_image\" \/>\n<meta name=\"twitter:label1\" content=\"Dur\u00e9e de lecture estim\u00e9e\" \/>\n\t<meta name=\"twitter:data1\" content=\"3 minutes\" \/>\n<script type=\"application\/ld+json\" class=\"yoast-schema-graph\">{\"@context\":\"https:\\\/\\\/schema.org\",\"@graph\":[{\"@type\":\"WebPage\",\"@id\":\"https:\\\/\\\/net-express-monaco.com\\\/fr\\\/about\\\/history\\\/\",\"url\":\"https:\\\/\\\/net-express-monaco.com\\\/fr\\\/about\\\/history\\\/\",\"name\":\"Histoire - Net Express\",\"isPartOf\":{\"@id\":\"https:\\\/\\\/net-express-monaco.com\\\/#website\"},\"primaryImageOfPage\":{\"@id\":\"https:\\\/\\\/net-express-monaco.com\\\/fr\\\/about\\\/history\\\/#primaryimage\"},\"image\":{\"@id\":\"https:\\\/\\\/net-express-monaco.com\\\/fr\\\/about\\\/history\\\/#primaryimage\"},\"thumbnailUrl\":\"https:\\\/\\\/net-express-monaco.com\\\/wp-content\\\/uploads\\\/2016\\\/08\\\/history_lg.jpg\",\"datePublished\":\"2016-08-17T17:58:39+00:00\",\"dateModified\":\"2016-09-06T21:41:16+00:00\",\"description\":\"A brief history of Net Express pressing.\",\"breadcrumb\":{\"@id\":\"https:\\\/\\\/net-express-monaco.com\\\/fr\\\/about\\\/history\\\/#breadcrumb\"},\"inLanguage\":\"fr-FR\",\"potentialAction\":[{\"@type\":\"ReadAction\",\"target\":[\"https:\\\/\\\/net-express-monaco.com\\\/fr\\\/about\\\/history\\\/\"]}]},{\"@type\":\"ImageObject\",\"inLanguage\":\"fr-FR\",\"@id\":\"https:\\\/\\\/net-express-monaco.com\\\/fr\\\/about\\\/history\\\/#primaryimage\",\"url\":\"https:\\\/\\\/net-express-monaco.com\\\/wp-content\\\/uploads\\\/2016\\\/08\\\/history_lg.jpg\",\"contentUrl\":\"https:\\\/\\\/net-express-monaco.com\\\/wp-content\\\/uploads\\\/2016\\\/08\\\/history_lg.jpg\",\"width\":1100,\"height\":410},{\"@type\":\"BreadcrumbList\",\"@id\":\"https:\\\/\\\/net-express-monaco.com\\\/fr\\\/about\\\/history\\\/#breadcrumb\",\"itemListElement\":[{\"@type\":\"ListItem\",\"position\":1,\"name\":\"Home\",\"item\":\"https:\\\/\\\/net-express-monaco.com\\\/\"},{\"@type\":\"ListItem\",\"position\":2,\"name\":\"About\",\"item\":\"https:\\\/\\\/net-express-monaco.com\\\/about\\\/\"},{\"@type\":\"ListItem\",\"position\":3,\"name\":\"Histoire\"}]},{\"@type\":\"WebSite\",\"@id\":\"https:\\\/\\\/net-express-monaco.com\\\/#website\",\"url\":\"https:\\\/\\\/net-express-monaco.com\\\/\",\"name\":\"Net Express\",\"description\":\"\",\"potentialAction\":[{\"@type\":\"SearchAction\",\"target\":{\"@type\":\"EntryPoint\",\"urlTemplate\":\"https:\\\/\\\/net-express-monaco.com\\\/?s={search_term_string}\"},\"query-input\":{\"@type\":\"PropertyValueSpecification\",\"valueRequired\":true,\"valueName\":\"search_term_string\"}}],\"inLanguage\":\"fr-FR\"}]}<\/script>\n<!-- \/ Yoast SEO plugin. -->","yoast_head_json":{"title":"Histoire - Net Express","robots":{"index":"index","follow":"follow","max-snippet":"max-snippet:-1","max-image-preview":"max-image-preview:large","max-video-preview":"max-video-preview:-1"},"canonical":"https:\/\/net-express-monaco.com\/fr\/about\/history\/","og_locale":"fr_FR","og_type":"article","og_title":"Histoire - Net Express","og_url":"https:\/\/net-express-monaco.com\/fr\/about\/history\/","og_site_name":"Net Express","article_modified_time":"2016-09-06T21:41:16+00:00","og_image":[{"width":1100,"height":410,"url":"https:\/\/net-express-monaco.com\/wp-content\/uploads\/2016\/08\/history_lg.jpg","type":"image\/jpeg"}],"twitter_card":"summary_large_image","twitter_misc":{"Dur\u00e9e de lecture estim\u00e9e":"3 minutes"},"schema":{"@context":"https:\/\/schema.org","@graph":[{"@type":"WebPage","@id":"https:\/\/net-express-monaco.com\/fr\/about\/history\/","url":"https:\/\/net-express-monaco.com\/fr\/about\/history\/","name":"Histoire - Net Express","isPartOf":{"@id":"https:\/\/net-express-monaco.com\/#website"},"primaryImageOfPage":{"@id":"https:\/\/net-express-monaco.com\/fr\/about\/history\/#primaryimage"},"image":{"@id":"https:\/\/net-express-monaco.com\/fr\/about\/history\/#primaryimage"},"thumbnailUrl":"https:\/\/net-express-monaco.com\/wp-content\/uploads\/2016\/08\/history_lg.jpg","datePublished":"2016-08-17T17:58:39+00:00","dateModified":"2016-09-06T21:41:16+00:00","description":"A brief history of Net Express pressing.","breadcrumb":{"@id":"https:\/\/net-express-monaco.com\/fr\/about\/history\/#breadcrumb"},"inLanguage":"fr-FR","potentialAction":[{"@type":"ReadAction","target":["https:\/\/net-express-monaco.com\/fr\/about\/history\/"]}]},{"@type":"ImageObject","inLanguage":"fr-FR","@id":"https:\/\/net-express-monaco.com\/fr\/about\/history\/#primaryimage","url":"https:\/\/net-express-monaco.com\/wp-content\/uploads\/2016\/08\/history_lg.jpg","contentUrl":"https:\/\/net-express-monaco.com\/wp-content\/uploads\/2016\/08\/history_lg.jpg","width":1100,"height":410},{"@type":"BreadcrumbList","@id":"https:\/\/net-express-monaco.com\/fr\/about\/history\/#breadcrumb","itemListElement":[{"@type":"ListItem","position":1,"name":"Home","item":"https:\/\/net-express-monaco.com\/"},{"@type":"ListItem","position":2,"name":"About","item":"https:\/\/net-express-monaco.com\/about\/"},{"@type":"ListItem","position":3,"name":"Histoire"}]},{"@type":"WebSite","@id":"https:\/\/net-express-monaco.com\/#website","url":"https:\/\/net-express-monaco.com\/","name":"Net Express","description":"","potentialAction":[{"@type":"SearchAction","target":{"@type":"EntryPoint","urlTemplate":"https:\/\/net-express-monaco.com\/?s={search_term_string}"},"query-input":{"@type":"PropertyValueSpecification","valueRequired":true,"valueName":"search_term_string"}}],"inLanguage":"fr-FR"}]}},"_links":{"self":[{"href":"https:\/\/net-express-monaco.com\/fr\/wp-json\/wp\/v2\/pages\/83","targetHints":{"allow":["GET"]}}],"collection":[{"href":"https:\/\/net-express-monaco.com\/fr\/wp-json\/wp\/v2\/pages"}],"about":[{"href":"https:\/\/net-express-monaco.com\/fr\/wp-json\/wp\/v2\/types\/page"}],"author":[{"embeddable":true,"href":"https:\/\/net-express-monaco.com\/fr\/wp-json\/wp\/v2\/users\/2"}],"replies":[{"embeddable":true,"href":"https:\/\/net-express-monaco.com\/fr\/wp-json\/wp\/v2\/comments?post=83"}],"version-history":[{"count":8,"href":"https:\/\/net-express-monaco.com\/fr\/wp-json\/wp\/v2\/pages\/83\/revisions"}],"predecessor-version":[{"id":472,"href":"https:\/\/net-express-monaco.com\/fr\/wp-json\/wp\/v2\/pages\/83\/revisions\/472"}],"up":[{"embeddable":true,"href":"https:\/\/net-express-monaco.com\/fr\/wp-json\/wp\/v2\/pages\/69"}],"wp:featuredmedia":[{"embeddable":true,"href":"https:\/\/net-express-monaco.com\/fr\/wp-json\/wp\/v2\/media\/221"}],"wp:attachment":[{"href":"https:\/\/net-express-monaco.com\/fr\/wp-json\/wp\/v2\/media?parent=83"}],"curies":[{"name":"wp","href":"https:\/\/api.w.org\/{rel}","templated":true}]}}