{"id":95,"date":"2016-08-17T23:32:01","date_gmt":"2016-08-17T23:32:01","guid":{"rendered":"http:\/\/net-express-monaco.com.104-236-152-216.digital-ranch.net\/?page_id=95"},"modified":"2016-09-14T21:29:04","modified_gmt":"2016-09-14T21:29:04","slug":"services","status":"publish","type":"page","link":"https:\/\/net-express-monaco.com\/fr\/services\/","title":{"rendered":"Services"},"content":{"rendered":"<p style=\"text-align: center;\">Net Express vous offre son savoir-faire par le biais de techniques d\u2019entretien des textiles \u00e0 la pointe de la technologie et respectueuses de l\u2019environnement. Chaque article passe par un processus de nettoyage en sept \u00e9tapes. Net Express se d\u00e9marque par ses excellentes prestations, sa discr\u00e9tion, ainsi que la grande attention port\u00e9e aux besoins de chaque client.<\/p>\n<div class=\"container\">\n<div class=\"four columns\">\n<div class=\"servicebox\"><a href=\"\/fr\/services\/seven-stages-of-dry-cleaning\"><img loading=\"lazy\" decoding=\"async\" class=\"serviceimg alignnone wp-image-126 size-medium\" style=\"width: 268px; max-width: 100%; height: auto;\" src=\"\/wp-content\/uploads\/2016\/08\/7stagesofdrycleaning_sm-300x300.jpg\" width=\"300\" height=\"300\" srcset=\"https:\/\/net-express-monaco.com\/wp-content\/uploads\/2016\/08\/7stagesofdrycleaning_sm-300x300.jpg 300w, https:\/\/net-express-monaco.com\/wp-content\/uploads\/2016\/08\/7stagesofdrycleaning_sm-150x150.jpg 150w, https:\/\/net-express-monaco.com\/wp-content\/uploads\/2016\/08\/7stagesofdrycleaning_sm-250x250.jpg 250w, https:\/\/net-express-monaco.com\/wp-content\/uploads\/2016\/08\/7stagesofdrycleaning_sm.jpg 410w\" sizes=\"auto, (max-width: 300px) 100vw, 300px\" \/><span class=\"servicetxt\"><span class=\"svctxt\">Les Sept \u00c9tapes du Nettoyage a Sec<\/span><\/span><\/a><\/div>\n<\/div>\n<div class=\"four columns\">\n<div class=\"servicebox\"><a href=\"\/fr\/services\/dry-cleaning\"><img loading=\"lazy\" decoding=\"async\" class=\"serviceimg alignnone wp-image-277 size-full\" style=\"width: 268px; max-width: 100%; height: auto;\" src=\"\/wp-content\/uploads\/2016\/08\/drycleaning_sm-1.jpg\" width=\"410\" height=\"410\" srcset=\"https:\/\/net-express-monaco.com\/wp-content\/uploads\/2016\/08\/drycleaning_sm-1.jpg 410w, https:\/\/net-express-monaco.com\/wp-content\/uploads\/2016\/08\/drycleaning_sm-1-150x150.jpg 150w, https:\/\/net-express-monaco.com\/wp-content\/uploads\/2016\/08\/drycleaning_sm-1-300x300.jpg 300w, https:\/\/net-express-monaco.com\/wp-content\/uploads\/2016\/08\/drycleaning_sm-1-250x250.jpg 250w\" sizes=\"auto, (max-width: 410px) 100vw, 410px\" \/><span class=\"servicetxt\"><span class=\"svctxt\">Nettoyage a Sec<\/span><\/span><\/a><\/div>\n<\/div>\n<div class=\"four columns\">\n<div class=\"servicebox\"><a href=\"\/fr\/services\/shirt-laundering\"><img loading=\"lazy\" decoding=\"async\" class=\"serviceimg wp-image-274 size-full alignnone\" style=\"width: 268px; max-width: 100%; height: auto;\" src=\"\/wp-content\/uploads\/2016\/08\/shirt_laundering_sm-1.jpg\" width=\"410\" height=\"410\" srcset=\"https:\/\/net-express-monaco.com\/wp-content\/uploads\/2016\/08\/shirt_laundering_sm-1.jpg 410w, https:\/\/net-express-monaco.com\/wp-content\/uploads\/2016\/08\/shirt_laundering_sm-1-150x150.jpg 150w, https:\/\/net-express-monaco.com\/wp-content\/uploads\/2016\/08\/shirt_laundering_sm-1-300x300.jpg 300w, https:\/\/net-express-monaco.com\/wp-content\/uploads\/2016\/08\/shirt_laundering_sm-1-250x250.jpg 250w\" sizes=\"auto, (max-width: 410px) 100vw, 410px\" \/><span class=\"servicetxt\"><span class=\"svctxt\">Blanchissage des Chemises<\/span><\/span><\/a><\/div>\n<\/div>\n<div class=\"four columns\">\n<div class=\"servicebox\"><a href=\"\/fr\/services\/laundering\"><img loading=\"lazy\" decoding=\"async\" class=\"serviceimg wp-image-279 size-full alignnone\" style=\"width: 268px; max-width: 100%; height: auto;\" src=\"\/wp-content\/uploads\/2016\/08\/laundering_sm-1.jpg\" width=\"410\" height=\"410\" srcset=\"https:\/\/net-express-monaco.com\/wp-content\/uploads\/2016\/08\/laundering_sm-1.jpg 410w, https:\/\/net-express-monaco.com\/wp-content\/uploads\/2016\/08\/laundering_sm-1-150x150.jpg 150w, https:\/\/net-express-monaco.com\/wp-content\/uploads\/2016\/08\/laundering_sm-1-300x300.jpg 300w, https:\/\/net-express-monaco.com\/wp-content\/uploads\/2016\/08\/laundering_sm-1-250x250.jpg 250w\" sizes=\"auto, (max-width: 410px) 100vw, 410px\" \/><span class=\"servicetxt\"><span class=\"svctxt\">Blanchissage<\/span><\/span><\/a><\/div>\n<\/div>\n<\/div>\n<div class=\"container\">\n<div class=\"four columns\">\n<div class=\"servicebox\"><a href=\"\/fr\/services\/repairs-and-alterations\"><img loading=\"lazy\" decoding=\"async\" class=\"serviceimg alignnone wp-image-282 size-full\" style=\"width: 268px; max-width: 100%; height: auto;\" src=\"\/wp-content\/uploads\/2016\/08\/repair_alter_sm-1.jpg\" width=\"410\" height=\"410\" srcset=\"https:\/\/net-express-monaco.com\/wp-content\/uploads\/2016\/08\/repair_alter_sm-1.jpg 410w, https:\/\/net-express-monaco.com\/wp-content\/uploads\/2016\/08\/repair_alter_sm-1-150x150.jpg 150w, https:\/\/net-express-monaco.com\/wp-content\/uploads\/2016\/08\/repair_alter_sm-1-300x300.jpg 300w, https:\/\/net-express-monaco.com\/wp-content\/uploads\/2016\/08\/repair_alter_sm-1-250x250.jpg 250w\" sizes=\"auto, (max-width: 410px) 100vw, 410px\" \/><span class=\"servicetxt\"><span class=\"svctxt\">Raccommodages et Retouches<\/span><\/span><\/a><\/div>\n<\/div>\n<div class=\"four columns\">\n<div class=\"servicebox\"><a href=\"\/fr\/services\/womenswear\"><img loading=\"lazy\" decoding=\"async\" class=\"serviceimg alignnone wp-image-289 size-full\" style=\"width: 268px; max-width: 100%; height: auto;\" src=\"\/wp-content\/uploads\/2016\/08\/womanswear_sm-1.jpg\" width=\"410\" height=\"410\" srcset=\"https:\/\/net-express-monaco.com\/wp-content\/uploads\/2016\/08\/womanswear_sm-1.jpg 410w, https:\/\/net-express-monaco.com\/wp-content\/uploads\/2016\/08\/womanswear_sm-1-150x150.jpg 150w, https:\/\/net-express-monaco.com\/wp-content\/uploads\/2016\/08\/womanswear_sm-1-300x300.jpg 300w, https:\/\/net-express-monaco.com\/wp-content\/uploads\/2016\/08\/womanswear_sm-1-250x250.jpg 250w\" sizes=\"auto, (max-width: 410px) 100vw, 410px\" \/><span class=\"servicetxt\"><span class=\"svctxt\">V\u00eatements F\u00e9minins<\/span><\/span><\/a><\/div>\n<\/div>\n<div class=\"four columns\">\n<div class=\"servicebox\"><a href=\"\/fr\/services\/couture\"><img loading=\"lazy\" decoding=\"async\" class=\"serviceimg alignnone wp-image-291 size-full\" style=\"width: 268px; max-width: 100%; height: auto;\" src=\"\/wp-content\/uploads\/2016\/08\/couture_sm-1.jpg\" width=\"410\" height=\"410\" srcset=\"https:\/\/net-express-monaco.com\/wp-content\/uploads\/2016\/08\/couture_sm-1.jpg 410w, https:\/\/net-express-monaco.com\/wp-content\/uploads\/2016\/08\/couture_sm-1-150x150.jpg 150w, https:\/\/net-express-monaco.com\/wp-content\/uploads\/2016\/08\/couture_sm-1-300x300.jpg 300w, https:\/\/net-express-monaco.com\/wp-content\/uploads\/2016\/08\/couture_sm-1-250x250.jpg 250w\" sizes=\"auto, (max-width: 410px) 100vw, 410px\" \/><span class=\"servicetxt\"><span class=\"svctxt\">Haute Couture<\/span><\/span><\/a><\/div>\n<\/div>\n<div class=\"four columns\">\n<div class=\"servicebox\"><a href=\"\/fr\/services\/wedding-dress\"><img loading=\"lazy\" decoding=\"async\" class=\"serviceimg alignnone wp-image-288 size-full\" style=\"width: 268px; max-width: 100%; height: auto;\" src=\"\/wp-content\/uploads\/2016\/08\/wedding_dress_sm-1.jpg\" width=\"410\" height=\"410\" srcset=\"https:\/\/net-express-monaco.com\/wp-content\/uploads\/2016\/08\/wedding_dress_sm-1.jpg 410w, https:\/\/net-express-monaco.com\/wp-content\/uploads\/2016\/08\/wedding_dress_sm-1-150x150.jpg 150w, https:\/\/net-express-monaco.com\/wp-content\/uploads\/2016\/08\/wedding_dress_sm-1-300x300.jpg 300w, https:\/\/net-express-monaco.com\/wp-content\/uploads\/2016\/08\/wedding_dress_sm-1-250x250.jpg 250w\" sizes=\"auto, (max-width: 410px) 100vw, 410px\" \/><span class=\"servicetxt\"><span class=\"svctxt\">Robe de Mari\u00e9e<\/span><\/span><\/a><\/div>\n<\/div>\n<\/div>\n<div class=\"container\">\n<div class=\"four columns\">\n<div class=\"servicebox\"><a href=\"\/fr\/services\/menswear\"><img loading=\"lazy\" decoding=\"async\" class=\"serviceimg alignnone wp-image-281 size-full\" style=\"width: 268px; max-width: 100%; height: auto;\" src=\"\/wp-content\/uploads\/2016\/08\/menswear_sm-1.jpg\" width=\"410\" height=\"410\" srcset=\"https:\/\/net-express-monaco.com\/wp-content\/uploads\/2016\/08\/menswear_sm-1.jpg 410w, https:\/\/net-express-monaco.com\/wp-content\/uploads\/2016\/08\/menswear_sm-1-150x150.jpg 150w, https:\/\/net-express-monaco.com\/wp-content\/uploads\/2016\/08\/menswear_sm-1-300x300.jpg 300w, https:\/\/net-express-monaco.com\/wp-content\/uploads\/2016\/08\/menswear_sm-1-250x250.jpg 250w\" sizes=\"auto, (max-width: 410px) 100vw, 410px\" \/><span class=\"servicetxt\"><span class=\"svctxt\">V\u00eatements Masculins<\/span><\/span><\/a><\/div>\n<\/div>\n<div class=\"four columns\">\n<div class=\"servicebox\"><a href=\"\/fr\/services\/sponge-and-press\"><img loading=\"lazy\" decoding=\"async\" class=\"serviceimg alignnone wp-image-285 size-full\" style=\"width: 268px; max-width: 100%; height: auto;\" src=\"\/wp-content\/uploads\/2016\/08\/sponge_press_sm-1.jpg\" width=\"410\" height=\"410\" srcset=\"https:\/\/net-express-monaco.com\/wp-content\/uploads\/2016\/08\/sponge_press_sm-1.jpg 410w, https:\/\/net-express-monaco.com\/wp-content\/uploads\/2016\/08\/sponge_press_sm-1-150x150.jpg 150w, https:\/\/net-express-monaco.com\/wp-content\/uploads\/2016\/08\/sponge_press_sm-1-300x300.jpg 300w, https:\/\/net-express-monaco.com\/wp-content\/uploads\/2016\/08\/sponge_press_sm-1-250x250.jpg 250w\" sizes=\"auto, (max-width: 410px) 100vw, 410px\" \/><span class=\"servicetxt\"><span class=\"svctxt\">Nettoyage \u00e0 L\u2019\u00e9ponge et au Fer<\/span><\/span><\/a><\/div>\n<\/div>\n<div class=\"four columns\">\n<div class=\"servicebox\"><a href=\"\/fr\/services\/ties\"><img loading=\"lazy\" decoding=\"async\" class=\"serviceimg alignnone wp-image-286 size-full\" style=\"width: 268px; max-width: 100%; height: auto;\" src=\"\/wp-content\/uploads\/2016\/08\/tie_sm-1.jpg\" width=\"410\" height=\"410\" srcset=\"https:\/\/net-express-monaco.com\/wp-content\/uploads\/2016\/08\/tie_sm-1.jpg 410w, https:\/\/net-express-monaco.com\/wp-content\/uploads\/2016\/08\/tie_sm-1-150x150.jpg 150w, https:\/\/net-express-monaco.com\/wp-content\/uploads\/2016\/08\/tie_sm-1-300x300.jpg 300w, https:\/\/net-express-monaco.com\/wp-content\/uploads\/2016\/08\/tie_sm-1-250x250.jpg 250w\" sizes=\"auto, (max-width: 410px) 100vw, 410px\" \/><span class=\"servicetxt\"><span class=\"svctxt\">Cravates<\/span><\/span><\/a><\/div>\n<\/div>\n<div class=\"four columns\">\n<div class=\"servicebox\"><a href=\"\/fr\/services\/leather-suede-skins\"><img loading=\"lazy\" decoding=\"async\" class=\"alignnone size-full wp-image-591\" style=\"width: 268px; max-width: 100%; height: auto;\" src=\"http:\/\/net-express-monaco.com.104-236-152-216.digital-ranch.net\/wp-content\/uploads\/2016\/08\/leather2_sm.jpg\" alt=\"leather2_sm\" width=\"391\" height=\"391\" srcset=\"https:\/\/net-express-monaco.com\/wp-content\/uploads\/2016\/08\/leather2_sm.jpg 391w, https:\/\/net-express-monaco.com\/wp-content\/uploads\/2016\/08\/leather2_sm-150x150.jpg 150w, https:\/\/net-express-monaco.com\/wp-content\/uploads\/2016\/08\/leather2_sm-300x300.jpg 300w, https:\/\/net-express-monaco.com\/wp-content\/uploads\/2016\/08\/leather2_sm-250x250.jpg 250w\" sizes=\"auto, (max-width: 391px) 100vw, 391px\" \/><span class=\"servicetxt\"><span class=\"svctxt\">Daim, Cuir, Peau<\/span><\/span><\/a><\/div>\n<\/div>\n<\/div>\n<div class=\"container\">\n<div class=\"four columns\">\n<div class=\"servicebox\"><a href=\"\/fr\/services\/handbag-cleaning\"><img loading=\"lazy\" decoding=\"async\" class=\"serviceimg alignnone wp-image-116 size-full\" style=\"width: 268px; max-width: 100%; height: auto;\" src=\"\/wp-content\/uploads\/2016\/08\/handbag_sm.jpg\" width=\"410\" height=\"410\" srcset=\"https:\/\/net-express-monaco.com\/wp-content\/uploads\/2016\/08\/handbag_sm.jpg 410w, https:\/\/net-express-monaco.com\/wp-content\/uploads\/2016\/08\/handbag_sm-150x150.jpg 150w, https:\/\/net-express-monaco.com\/wp-content\/uploads\/2016\/08\/handbag_sm-300x300.jpg 300w, https:\/\/net-express-monaco.com\/wp-content\/uploads\/2016\/08\/handbag_sm-250x250.jpg 250w\" sizes=\"auto, (max-width: 410px) 100vw, 410px\" \/><span class=\"servicetxt\"><span class=\"svctxt\">Nettoyage des Sacs \u00e0 Main<\/span><\/span><\/a><\/div>\n<\/div>\n<div class=\"four columns\">\n<div class=\"servicebox\"><a href=\"\/fr\/services\/fur-cleaning-and-glazing\"><img loading=\"lazy\" decoding=\"async\" class=\"serviceimg alignnone wp-image-293 size-full\" style=\"width: 268px; max-width: 100%; height: auto;\" src=\"\/wp-content\/uploads\/2016\/08\/fur_sm.jpg\" width=\"410\" height=\"410\" srcset=\"https:\/\/net-express-monaco.com\/wp-content\/uploads\/2016\/08\/fur_sm.jpg 410w, https:\/\/net-express-monaco.com\/wp-content\/uploads\/2016\/08\/fur_sm-150x150.jpg 150w, https:\/\/net-express-monaco.com\/wp-content\/uploads\/2016\/08\/fur_sm-300x300.jpg 300w, https:\/\/net-express-monaco.com\/wp-content\/uploads\/2016\/08\/fur_sm-250x250.jpg 250w\" sizes=\"auto, (max-width: 410px) 100vw, 410px\" \/><span class=\"servicetxt\"><span class=\"svctxt\">Nettoyage et Gla\u00e7age des Fourrures<\/span><\/span><\/a><\/div>\n<\/div>\n<div class=\"four columns\">\n<div class=\"servicebox\"><a href=\"\/fr\/services\/shoe-repair\"><img loading=\"lazy\" decoding=\"async\" class=\"serviceimg alignnone wp-image-284 size-full\" style=\"width: 268px; max-width: 100%; height: auto;\" src=\"\/wp-content\/uploads\/2016\/08\/shoe_repair_sm.jpg\" width=\"410\" height=\"410\" srcset=\"https:\/\/net-express-monaco.com\/wp-content\/uploads\/2016\/08\/shoe_repair_sm.jpg 410w, https:\/\/net-express-monaco.com\/wp-content\/uploads\/2016\/08\/shoe_repair_sm-150x150.jpg 150w, https:\/\/net-express-monaco.com\/wp-content\/uploads\/2016\/08\/shoe_repair_sm-300x300.jpg 300w, https:\/\/net-express-monaco.com\/wp-content\/uploads\/2016\/08\/shoe_repair_sm-250x250.jpg 250w\" sizes=\"auto, (max-width: 410px) 100vw, 410px\" \/><span class=\"servicetxt\"><span class=\"svctxt\">R\u00e9novation des Chaussures<\/span><\/span><\/a><\/div>\n<\/div>\n<div class=\"four columns\">\n<div class=\"servicebox\"><a href=\"\/fr\/services\/drapery\"><img loading=\"lazy\" decoding=\"async\" class=\"serviceimg alignnone wp-image-292 size-full\" style=\"width: 268px; max-width: 100%; height: auto;\" src=\"\/wp-content\/uploads\/2016\/08\/drapery_sm-1.jpg\" width=\"410\" height=\"410\" srcset=\"https:\/\/net-express-monaco.com\/wp-content\/uploads\/2016\/08\/drapery_sm-1.jpg 410w, https:\/\/net-express-monaco.com\/wp-content\/uploads\/2016\/08\/drapery_sm-1-150x150.jpg 150w, https:\/\/net-express-monaco.com\/wp-content\/uploads\/2016\/08\/drapery_sm-1-300x300.jpg 300w, https:\/\/net-express-monaco.com\/wp-content\/uploads\/2016\/08\/drapery_sm-1-250x250.jpg 250w\" sizes=\"auto, (max-width: 410px) 100vw, 410px\" \/><span class=\"servicetxt\"><span class=\"svctxt\">Rideaux<\/span><\/span><\/a><\/div>\n<\/div>\n<\/div>\n<div class=\"container\">\n<div class=\"four columns\">\n<div class=\"servicebox\"><a href=\"\/fr\/services\/carpets\"><img loading=\"lazy\" decoding=\"async\" class=\"serviceimg wp-image-290 size-full alignnone\" style=\"width: 268px; max-width: 100%; height: auto;\" src=\"\/wp-content\/uploads\/2016\/08\/carpets_sm-1.jpg\" width=\"410\" height=\"410\" srcset=\"https:\/\/net-express-monaco.com\/wp-content\/uploads\/2016\/08\/carpets_sm-1.jpg 410w, https:\/\/net-express-monaco.com\/wp-content\/uploads\/2016\/08\/carpets_sm-1-150x150.jpg 150w, https:\/\/net-express-monaco.com\/wp-content\/uploads\/2016\/08\/carpets_sm-1-300x300.jpg 300w, https:\/\/net-express-monaco.com\/wp-content\/uploads\/2016\/08\/carpets_sm-1-250x250.jpg 250w\" sizes=\"auto, (max-width: 410px) 100vw, 410px\" \/><span class=\"servicetxt\"><span class=\"svctxt\">Tapis<\/span><\/span><\/a><\/div>\n<\/div>\n<div class=\"four columns\">\n<div class=\"servicebox\"><a href=\"\/fr\/services\/seasonal-wardrobe-service\"><img loading=\"lazy\" decoding=\"async\" class=\"serviceimg alignnone wp-image-287 size-full\" style=\"width: 268px; max-width: 100%; height: auto;\" src=\"\/wp-content\/uploads\/2016\/08\/wardrobe_service_sm-1.jpg\" width=\"410\" height=\"410\" srcset=\"https:\/\/net-express-monaco.com\/wp-content\/uploads\/2016\/08\/wardrobe_service_sm-1.jpg 410w, https:\/\/net-express-monaco.com\/wp-content\/uploads\/2016\/08\/wardrobe_service_sm-1-150x150.jpg 150w, https:\/\/net-express-monaco.com\/wp-content\/uploads\/2016\/08\/wardrobe_service_sm-1-300x300.jpg 300w, https:\/\/net-express-monaco.com\/wp-content\/uploads\/2016\/08\/wardrobe_service_sm-1-250x250.jpg 250w\" sizes=\"auto, (max-width: 410px) 100vw, 410px\" \/><span class=\"servicetxt\"><span class=\"svctxt\">Service de Garde-Robe Saisonni\u00e8re<\/span><\/span><\/a><\/div>\n<\/div>\n<div class=\"four columns\">\n<div class=\"servicebox\"><a href=\"\/fr\/services\/shipping\"><img loading=\"lazy\" decoding=\"async\" class=\"serviceimg alignnone wp-image-283 size-full\" style=\"width: 268px; max-width: 100%; height: auto;\" src=\"\/wp-content\/uploads\/2016\/08\/shipping_sm-1.jpg\" width=\"410\" height=\"410\" srcset=\"https:\/\/net-express-monaco.com\/wp-content\/uploads\/2016\/08\/shipping_sm-1.jpg 410w, https:\/\/net-express-monaco.com\/wp-content\/uploads\/2016\/08\/shipping_sm-1-150x150.jpg 150w, https:\/\/net-express-monaco.com\/wp-content\/uploads\/2016\/08\/shipping_sm-1-300x300.jpg 300w, https:\/\/net-express-monaco.com\/wp-content\/uploads\/2016\/08\/shipping_sm-1-250x250.jpg 250w\" sizes=\"auto, (max-width: 410px) 100vw, 410px\" \/><span class=\"servicetxt\"><span class=\"svctxt\">Transport<\/span><\/span><\/a><\/div>\n<\/div>\n<div class=\"four columns\">\n<div class=\"servicebox\"><img loading=\"lazy\" decoding=\"async\" class=\"serviceimg alignnone wp-image-296 size-full\" style=\"width: 268px; max-width: 100%; height: auto;\" src=\"\/wp-content\/uploads\/2016\/08\/mainlogo_sm.gif\" width=\"410\" height=\"410\" \/><\/div>\n<\/div>\n<\/div>\n","protected":false},"excerpt":{"rendered":"<p>Net Express vous offre son savoir-faire par le biais de techniques d\u2019entretien des textiles \u00e0 la pointe de la technologie<\/p>\n<p class=\"readmore\"><a href=\"https:\/\/net-express-monaco.com\/fr\/services\/\" title=\"Read Services\">Read more &raquo;<\/a><\/p>\n","protected":false},"author":2,"featured_media":145,"parent":0,"menu_order":99,"comment_status":"closed","ping_status":"closed","template":"page-no-sidebar.php","meta":{"footnotes":""},"class_list":["post-95","page","type-page","status-publish","has-post-thumbnail","hentry"],"translation":{"provider":"WPGlobus","version":"3.0.2","language":"fr","enabled_languages":["en","fr"],"languages":{"en":{"title":true,"content":true,"excerpt":false},"fr":{"title":true,"content":true,"excerpt":false}}},"yoast_head":"<!-- This site is optimized with the Yoast SEO plugin v27.3 - https:\/\/yoast.com\/product\/yoast-seo-wordpress\/ -->\n<title>Services - Net Express<\/title>\n<meta name=\"robots\" content=\"index, follow, max-snippet:-1, max-image-preview:large, max-video-preview:-1\" \/>\n<link rel=\"canonical\" href=\"https:\/\/net-express-monaco.com\/fr\/services\/\" \/>\n<meta property=\"og:locale\" content=\"fr_FR\" \/>\n<meta property=\"og:type\" content=\"article\" \/>\n<meta property=\"og:title\" content=\"Services - Net Express\" \/>\n<meta property=\"og:url\" content=\"https:\/\/net-express-monaco.com\/fr\/services\/\" \/>\n<meta property=\"og:site_name\" content=\"Net Express\" \/>\n<meta property=\"article:modified_time\" content=\"2016-09-14T21:29:04+00:00\" \/>\n<meta property=\"og:image\" content=\"https:\/\/net-express-monaco.com\/wp-content\/uploads\/2016\/08\/services_lg.jpg\" \/>\n\t<meta property=\"og:image:width\" content=\"1100\" \/>\n\t<meta property=\"og:image:height\" content=\"410\" \/>\n\t<meta property=\"og:image:type\" content=\"image\/jpeg\" \/>\n<meta name=\"twitter:card\" content=\"summary_large_image\" \/>\n<meta name=\"twitter:label1\" content=\"Dur\u00e9e de lecture estim\u00e9e\" \/>\n\t<meta name=\"twitter:data1\" content=\"1 minute\" \/>\n<script type=\"application\/ld+json\" class=\"yoast-schema-graph\">{\"@context\":\"https:\\\/\\\/schema.org\",\"@graph\":[{\"@type\":\"WebPage\",\"@id\":\"https:\\\/\\\/net-express-monaco.com\\\/fr\\\/services\\\/\",\"url\":\"https:\\\/\\\/net-express-monaco.com\\\/fr\\\/services\\\/\",\"name\":\"Services - Net Express\",\"isPartOf\":{\"@id\":\"https:\\\/\\\/net-express-monaco.com\\\/#website\"},\"primaryImageOfPage\":{\"@id\":\"https:\\\/\\\/net-express-monaco.com\\\/fr\\\/services\\\/#primaryimage\"},\"image\":{\"@id\":\"https:\\\/\\\/net-express-monaco.com\\\/fr\\\/services\\\/#primaryimage\"},\"thumbnailUrl\":\"https:\\\/\\\/net-express-monaco.com\\\/wp-content\\\/uploads\\\/2016\\\/08\\\/services_lg.jpg\",\"datePublished\":\"2016-08-17T23:32:01+00:00\",\"dateModified\":\"2016-09-14T21:29:04+00:00\",\"description\":\"Net Express stands out for excellent service, discretion and meticulous care for each customer\u2019s individual requirements.\",\"breadcrumb\":{\"@id\":\"https:\\\/\\\/net-express-monaco.com\\\/fr\\\/services\\\/#breadcrumb\"},\"inLanguage\":\"fr-FR\",\"potentialAction\":[{\"@type\":\"ReadAction\",\"target\":[\"https:\\\/\\\/net-express-monaco.com\\\/fr\\\/services\\\/\"]}]},{\"@type\":\"ImageObject\",\"inLanguage\":\"fr-FR\",\"@id\":\"https:\\\/\\\/net-express-monaco.com\\\/fr\\\/services\\\/#primaryimage\",\"url\":\"https:\\\/\\\/net-express-monaco.com\\\/wp-content\\\/uploads\\\/2016\\\/08\\\/services_lg.jpg\",\"contentUrl\":\"https:\\\/\\\/net-express-monaco.com\\\/wp-content\\\/uploads\\\/2016\\\/08\\\/services_lg.jpg\",\"width\":1100,\"height\":410},{\"@type\":\"BreadcrumbList\",\"@id\":\"https:\\\/\\\/net-express-monaco.com\\\/fr\\\/services\\\/#breadcrumb\",\"itemListElement\":[{\"@type\":\"ListItem\",\"position\":1,\"name\":\"Home\",\"item\":\"https:\\\/\\\/net-express-monaco.com\\\/\"},{\"@type\":\"ListItem\",\"position\":2,\"name\":\"Services\"}]},{\"@type\":\"WebSite\",\"@id\":\"https:\\\/\\\/net-express-monaco.com\\\/#website\",\"url\":\"https:\\\/\\\/net-express-monaco.com\\\/\",\"name\":\"Net Express\",\"description\":\"\",\"potentialAction\":[{\"@type\":\"SearchAction\",\"target\":{\"@type\":\"EntryPoint\",\"urlTemplate\":\"https:\\\/\\\/net-express-monaco.com\\\/?s={search_term_string}\"},\"query-input\":{\"@type\":\"PropertyValueSpecification\",\"valueRequired\":true,\"valueName\":\"search_term_string\"}}],\"inLanguage\":\"fr-FR\"}]}<\/script>\n<!-- \/ Yoast SEO plugin. -->","yoast_head_json":{"title":"Services - Net Express","robots":{"index":"index","follow":"follow","max-snippet":"max-snippet:-1","max-image-preview":"max-image-preview:large","max-video-preview":"max-video-preview:-1"},"canonical":"https:\/\/net-express-monaco.com\/fr\/services\/","og_locale":"fr_FR","og_type":"article","og_title":"Services - Net Express","og_url":"https:\/\/net-express-monaco.com\/fr\/services\/","og_site_name":"Net Express","article_modified_time":"2016-09-14T21:29:04+00:00","og_image":[{"width":1100,"height":410,"url":"https:\/\/net-express-monaco.com\/wp-content\/uploads\/2016\/08\/services_lg.jpg","type":"image\/jpeg"}],"twitter_card":"summary_large_image","twitter_misc":{"Dur\u00e9e de lecture estim\u00e9e":"1 minute"},"schema":{"@context":"https:\/\/schema.org","@graph":[{"@type":"WebPage","@id":"https:\/\/net-express-monaco.com\/fr\/services\/","url":"https:\/\/net-express-monaco.com\/fr\/services\/","name":"Services - Net Express","isPartOf":{"@id":"https:\/\/net-express-monaco.com\/#website"},"primaryImageOfPage":{"@id":"https:\/\/net-express-monaco.com\/fr\/services\/#primaryimage"},"image":{"@id":"https:\/\/net-express-monaco.com\/fr\/services\/#primaryimage"},"thumbnailUrl":"https:\/\/net-express-monaco.com\/wp-content\/uploads\/2016\/08\/services_lg.jpg","datePublished":"2016-08-17T23:32:01+00:00","dateModified":"2016-09-14T21:29:04+00:00","description":"Net Express stands out for excellent service, discretion and meticulous care for each customer\u2019s individual requirements.","breadcrumb":{"@id":"https:\/\/net-express-monaco.com\/fr\/services\/#breadcrumb"},"inLanguage":"fr-FR","potentialAction":[{"@type":"ReadAction","target":["https:\/\/net-express-monaco.com\/fr\/services\/"]}]},{"@type":"ImageObject","inLanguage":"fr-FR","@id":"https:\/\/net-express-monaco.com\/fr\/services\/#primaryimage","url":"https:\/\/net-express-monaco.com\/wp-content\/uploads\/2016\/08\/services_lg.jpg","contentUrl":"https:\/\/net-express-monaco.com\/wp-content\/uploads\/2016\/08\/services_lg.jpg","width":1100,"height":410},{"@type":"BreadcrumbList","@id":"https:\/\/net-express-monaco.com\/fr\/services\/#breadcrumb","itemListElement":[{"@type":"ListItem","position":1,"name":"Home","item":"https:\/\/net-express-monaco.com\/"},{"@type":"ListItem","position":2,"name":"Services"}]},{"@type":"WebSite","@id":"https:\/\/net-express-monaco.com\/#website","url":"https:\/\/net-express-monaco.com\/","name":"Net Express","description":"","potentialAction":[{"@type":"SearchAction","target":{"@type":"EntryPoint","urlTemplate":"https:\/\/net-express-monaco.com\/?s={search_term_string}"},"query-input":{"@type":"PropertyValueSpecification","valueRequired":true,"valueName":"search_term_string"}}],"inLanguage":"fr-FR"}]}},"_links":{"self":[{"href":"https:\/\/net-express-monaco.com\/fr\/wp-json\/wp\/v2\/pages\/95","targetHints":{"allow":["GET"]}}],"collection":[{"href":"https:\/\/net-express-monaco.com\/fr\/wp-json\/wp\/v2\/pages"}],"about":[{"href":"https:\/\/net-express-monaco.com\/fr\/wp-json\/wp\/v2\/types\/page"}],"author":[{"embeddable":true,"href":"https:\/\/net-express-monaco.com\/fr\/wp-json\/wp\/v2\/users\/2"}],"replies":[{"embeddable":true,"href":"https:\/\/net-express-monaco.com\/fr\/wp-json\/wp\/v2\/comments?post=95"}],"version-history":[{"count":31,"href":"https:\/\/net-express-monaco.com\/fr\/wp-json\/wp\/v2\/pages\/95\/revisions"}],"predecessor-version":[{"id":593,"href":"https:\/\/net-express-monaco.com\/fr\/wp-json\/wp\/v2\/pages\/95\/revisions\/593"}],"wp:featuredmedia":[{"embeddable":true,"href":"https:\/\/net-express-monaco.com\/fr\/wp-json\/wp\/v2\/media\/145"}],"wp:attachment":[{"href":"https:\/\/net-express-monaco.com\/fr\/wp-json\/wp\/v2\/media?parent=95"}],"curies":[{"name":"wp","href":"https:\/\/api.w.org\/{rel}","templated":true}]}}